{"id":17,"date":"2020-11-26T14:50:05","date_gmt":"2020-11-26T13:50:05","guid":{"rendered":"http:\/\/brest-ecologie.bzh\/?page_id=17"},"modified":"2021-01-20T11:43:12","modified_gmt":"2021-01-20T10:43:12","slug":"blog","status":"publish","type":"page","link":"https:\/\/brest-ecologie.bzh\/?page_id=17","title":{"rendered":"Conseils"},"content":{"rendered":"\n<div class=\"wp-block-cover alignfull has-background-dim-100 has-background-dim\" style=\"background-image:url(http:\/\/brest-ecologie.bzh\/wp-content\/plugins\/twentig\/dist\/images\/patterns\/wide.jpg);background-color:#fed518;min-height:500px;aspect-ratio:unset;\"><div class=\"wp-block-cover__inner-container is-layout-flow wp-block-cover-is-layout-flow\">\n<h1 class=\"has-text-align-center wp-block-heading\">Conseils<\/h1>\n\n\n\n<p class=\"has-text-align-center has-larger-font-size\">D\u00e9couvrez ici les interventions de vos \u00e9lu\u00b7e\u00b7s en conseil<\/p>\n\n\n\n<div style=\"height:30px\" aria-hidden=\"true\" class=\"wp-block-spacer\"><\/div>\n\n\n\n<p class=\"has-text-align-center has-h-2-font-size\" style=\"line-height:0.2\"><strong>Kuzulio\u00f9<\/strong><\/p>\n\n\n\n<p class=\"has-text-align-center has-h-5-font-size\">Dizoloit ama\u00f1 ar pezh zo bet kinniget gant hon dilennidi e-kerzh emvodo\u00f9 ar c&rsquo;huzul k\u00ear<\/p>\n<\/div><\/div>\n\n\n\n<div class=\"wp-block-group alignfull has-primary-color has-subtle-background-background-color has-text-color has-background\"><div class=\"wp-block-group__inner-container is-layout-flow wp-block-group-is-layout-flow\">\n<h3 class=\"has-text-align-center has-primary-color has-text-color wp-block-heading\"><a href=\"https:\/\/brest-ecologie.bzh\/?page_id=51\" target=\"_blank\" rel=\"noreferrer noopener\">Conseil municipal<\/a><br><a href=\"https:\/\/brest-ecologie.bzh\/?page_id=51\" target=\"_blank\" rel=\"noreferrer noopener\"><em>Kuzul k\u00ear<\/em><\/a><\/h3>\n\n\n<ul class=\"wp-block-latest-posts__list is-grid columns-3 has-dates alignwide tw-mt-8 tw-stretched-link is-style-tw-posts-card wp-block-latest-posts\"><li><div class=\"wp-block-latest-posts__featured-image\"><a href=\"https:\/\/brest-ecologie.bzh\/?p=5153\" aria-label=\"Marion Maury &#8211; Fermeture nocturne de passages\"><img loading=\"lazy\" decoding=\"async\" width=\"580\" height=\"326\" src=\"https:\/\/brest-ecologie.bzh\/wp-content\/uploads\/2026\/02\/250527-Conseil-Municipal-1024x576.jpg\" class=\"attachment-large size-large wp-post-image\" alt=\"Marion Maury conseil municipal du 3 f\u00e9vrier 2026\" style=\"\" srcset=\"https:\/\/brest-ecologie.bzh\/wp-content\/uploads\/2026\/02\/250527-Conseil-Municipal-1024x576.jpg 1024w, https:\/\/brest-ecologie.bzh\/wp-content\/uploads\/2026\/02\/250527-Conseil-Municipal-300x169.jpg 300w, https:\/\/brest-ecologie.bzh\/wp-content\/uploads\/2026\/02\/250527-Conseil-Municipal-768x432.jpg 768w, https:\/\/brest-ecologie.bzh\/wp-content\/uploads\/2026\/02\/250527-Conseil-Municipal-1536x864.jpg 1536w, https:\/\/brest-ecologie.bzh\/wp-content\/uploads\/2026\/02\/250527-Conseil-Municipal-1200x675.jpg 1200w, https:\/\/brest-ecologie.bzh\/wp-content\/uploads\/2026\/02\/250527-Conseil-Municipal-1320x743.jpg 1320w, https:\/\/brest-ecologie.bzh\/wp-content\/uploads\/2026\/02\/250527-Conseil-Municipal.jpg 1920w\" sizes=\"auto, (min-width: 1280px) 378px, (min-width: 1024px) calc(33.33vw - 48px), (min-width: 700px) calc(50vw - 56px), calc(100vw - 40px)\" \/><\/a><\/div><a class=\"wp-block-latest-posts__post-title\" href=\"https:\/\/brest-ecologie.bzh\/?p=5153\">Marion Maury &#8211; Fermeture nocturne de passages<\/a><time datetime=\"2026-02-06T15:22:00+01:00\" class=\"wp-block-latest-posts__post-date\">6 f\u00e9vrier 2026<\/time><\/li>\n<li><div class=\"wp-block-latest-posts__featured-image\"><a href=\"https:\/\/brest-ecologie.bzh\/?p=5149\" aria-label=\"Nathalie Chaline &#8211; Bio local en restauration collective\"><img loading=\"lazy\" decoding=\"async\" width=\"580\" height=\"326\" src=\"https:\/\/brest-ecologie.bzh\/wp-content\/uploads\/2026\/02\/260203_Image_debut_Nathalie-1024x576.jpg\" class=\"attachment-large size-large wp-post-image\" alt=\"Nathalie Chaline Bio local\" style=\"\" srcset=\"https:\/\/brest-ecologie.bzh\/wp-content\/uploads\/2026\/02\/260203_Image_debut_Nathalie-1024x576.jpg 1024w, https:\/\/brest-ecologie.bzh\/wp-content\/uploads\/2026\/02\/260203_Image_debut_Nathalie-300x169.jpg 300w, https:\/\/brest-ecologie.bzh\/wp-content\/uploads\/2026\/02\/260203_Image_debut_Nathalie-768x432.jpg 768w, https:\/\/brest-ecologie.bzh\/wp-content\/uploads\/2026\/02\/260203_Image_debut_Nathalie-1536x864.jpg 1536w, https:\/\/brest-ecologie.bzh\/wp-content\/uploads\/2026\/02\/260203_Image_debut_Nathalie-1200x675.jpg 1200w, https:\/\/brest-ecologie.bzh\/wp-content\/uploads\/2026\/02\/260203_Image_debut_Nathalie-1320x743.jpg 1320w, https:\/\/brest-ecologie.bzh\/wp-content\/uploads\/2026\/02\/260203_Image_debut_Nathalie.jpg 1920w\" sizes=\"auto, (min-width: 1280px) 378px, (min-width: 1024px) calc(33.33vw - 48px), (min-width: 700px) calc(50vw - 56px), calc(100vw - 40px)\" \/><\/a><\/div><a class=\"wp-block-latest-posts__post-title\" href=\"https:\/\/brest-ecologie.bzh\/?p=5149\">Nathalie Chaline &#8211; Bio local en restauration collective<\/a><time datetime=\"2026-02-06T15:06:00+01:00\" class=\"wp-block-latest-posts__post-date\">6 f\u00e9vrier 2026<\/time><\/li>\n<li><div class=\"wp-block-latest-posts__featured-image\"><a href=\"https:\/\/brest-ecologie.bzh\/?p=5091\" aria-label=\"Ga\u00eblle Morvan &#8211; Safe Place 4 Women\"><img loading=\"lazy\" decoding=\"async\" width=\"580\" height=\"326\" src=\"https:\/\/brest-ecologie.bzh\/wp-content\/uploads\/2025\/12\/VignetteGaelleSafePlace4women-1024x576.jpg\" class=\"attachment-large size-large wp-post-image\" alt=\"Intervention Gaelle Morvan Safe Place 4 women\" style=\"\" srcset=\"https:\/\/brest-ecologie.bzh\/wp-content\/uploads\/2025\/12\/VignetteGaelleSafePlace4women-1024x576.jpg 1024w, https:\/\/brest-ecologie.bzh\/wp-content\/uploads\/2025\/12\/VignetteGaelleSafePlace4women-300x169.jpg 300w, https:\/\/brest-ecologie.bzh\/wp-content\/uploads\/2025\/12\/VignetteGaelleSafePlace4women-768x432.jpg 768w, https:\/\/brest-ecologie.bzh\/wp-content\/uploads\/2025\/12\/VignetteGaelleSafePlace4women-1536x864.jpg 1536w, https:\/\/brest-ecologie.bzh\/wp-content\/uploads\/2025\/12\/VignetteGaelleSafePlace4women-1200x675.jpg 1200w, https:\/\/brest-ecologie.bzh\/wp-content\/uploads\/2025\/12\/VignetteGaelleSafePlace4women-1320x743.jpg 1320w, https:\/\/brest-ecologie.bzh\/wp-content\/uploads\/2025\/12\/VignetteGaelleSafePlace4women.jpg 1920w\" sizes=\"auto, (min-width: 1280px) 378px, (min-width: 1024px) calc(33.33vw - 48px), (min-width: 700px) calc(50vw - 56px), calc(100vw - 40px)\" \/><\/a><\/div><a class=\"wp-block-latest-posts__post-title\" href=\"https:\/\/brest-ecologie.bzh\/?p=5091\">Ga\u00eblle Morvan &#8211; Safe Place 4 Women<\/a><time datetime=\"2025-12-30T14:59:03+01:00\" class=\"wp-block-latest-posts__post-date\">30 d\u00e9cembre 2025<\/time><\/li>\n<\/ul><\/div><\/div>\n\n\n\n<div class=\"wp-block-group alignfull has-subtle-background-background-color has-background tw-shadow\"><div class=\"wp-block-group__inner-container is-layout-flow wp-block-group-is-layout-flow\">\n<h3 class=\"has-text-align-center has-primary-color has-text-color wp-block-heading\"><a href=\"https:\/\/brest-ecologie.bzh\/?page_id=52\" target=\"_blank\" rel=\"noreferrer noopener\">Conseil m\u00e9tropolitain<\/a><br><a href=\"https:\/\/brest-ecologie.bzh\/?page_id=52\" target=\"_blank\" rel=\"noreferrer noopener\"><em>Kuzul meurg\u00ear<\/em><\/a><\/h3>\n\n\n<ul class=\"wp-block-latest-posts__list is-grid columns-3 has-dates alignwide tw-mt-8 is-style-tw-posts-card tw-stretched-link wp-block-latest-posts\"><li><div class=\"wp-block-latest-posts__featured-image\"><a href=\"https:\/\/brest-ecologie.bzh\/?p=5144\" aria-label=\"Nathalie Chaline &#8211; Propos liminaire\"><img loading=\"lazy\" decoding=\"async\" width=\"580\" height=\"326\" src=\"https:\/\/brest-ecologie.bzh\/wp-content\/uploads\/2026\/02\/260130_Image_vignette-1024x576.jpg\" class=\"attachment-large size-large wp-post-image\" alt=\"Nathalie Chaline \u00e9lue \u00e9cologiste Brestoise\" style=\"\" srcset=\"https:\/\/brest-ecologie.bzh\/wp-content\/uploads\/2026\/02\/260130_Image_vignette-1024x576.jpg 1024w, https:\/\/brest-ecologie.bzh\/wp-content\/uploads\/2026\/02\/260130_Image_vignette-300x169.jpg 300w, https:\/\/brest-ecologie.bzh\/wp-content\/uploads\/2026\/02\/260130_Image_vignette-768x432.jpg 768w, https:\/\/brest-ecologie.bzh\/wp-content\/uploads\/2026\/02\/260130_Image_vignette-1536x864.jpg 1536w, https:\/\/brest-ecologie.bzh\/wp-content\/uploads\/2026\/02\/260130_Image_vignette-1200x675.jpg 1200w, https:\/\/brest-ecologie.bzh\/wp-content\/uploads\/2026\/02\/260130_Image_vignette-1320x743.jpg 1320w, https:\/\/brest-ecologie.bzh\/wp-content\/uploads\/2026\/02\/260130_Image_vignette.jpg 1920w\" sizes=\"auto, (min-width: 1280px) 378px, (min-width: 1024px) calc(33.33vw - 48px), (min-width: 700px) calc(50vw - 56px), calc(100vw - 40px)\" \/><\/a><\/div><a class=\"wp-block-latest-posts__post-title\" href=\"https:\/\/brest-ecologie.bzh\/?p=5144\">Nathalie Chaline &#8211; Propos liminaire<\/a><time datetime=\"2026-02-05T14:43:09+01:00\" class=\"wp-block-latest-posts__post-date\">5 f\u00e9vrier 2026<\/time><\/li>\n<li><div class=\"wp-block-latest-posts__featured-image\"><a href=\"https:\/\/brest-ecologie.bzh\/?p=5105\" aria-label=\"Nathalie Chaline &#8211; Allocation Eau pour 2026\"><img loading=\"lazy\" decoding=\"async\" width=\"580\" height=\"326\" src=\"https:\/\/brest-ecologie.bzh\/wp-content\/uploads\/2025\/12\/vignette_Allocation_eau-1024x576.jpg\" class=\"attachment-large size-large wp-post-image\" alt=\"Pr\u00e9sentation allocation eau Brest m\u00e9tropole 2026\" style=\"\" srcset=\"https:\/\/brest-ecologie.bzh\/wp-content\/uploads\/2025\/12\/vignette_Allocation_eau-1024x576.jpg 1024w, https:\/\/brest-ecologie.bzh\/wp-content\/uploads\/2025\/12\/vignette_Allocation_eau-300x169.jpg 300w, https:\/\/brest-ecologie.bzh\/wp-content\/uploads\/2025\/12\/vignette_Allocation_eau-768x432.jpg 768w, https:\/\/brest-ecologie.bzh\/wp-content\/uploads\/2025\/12\/vignette_Allocation_eau-1536x864.jpg 1536w, https:\/\/brest-ecologie.bzh\/wp-content\/uploads\/2025\/12\/vignette_Allocation_eau-1200x675.jpg 1200w, https:\/\/brest-ecologie.bzh\/wp-content\/uploads\/2025\/12\/vignette_Allocation_eau-1320x743.jpg 1320w, https:\/\/brest-ecologie.bzh\/wp-content\/uploads\/2025\/12\/vignette_Allocation_eau.jpg 1920w\" sizes=\"auto, (min-width: 1280px) 378px, (min-width: 1024px) calc(33.33vw - 48px), (min-width: 700px) calc(50vw - 56px), calc(100vw - 40px)\" \/><\/a><\/div><a class=\"wp-block-latest-posts__post-title\" href=\"https:\/\/brest-ecologie.bzh\/?p=5105\">Nathalie Chaline &#8211; Allocation Eau pour 2026<\/a><time datetime=\"2025-12-30T16:55:24+01:00\" class=\"wp-block-latest-posts__post-date\">30 d\u00e9cembre 2025<\/time><\/li>\n<li><div class=\"wp-block-latest-posts__featured-image\"><a href=\"https:\/\/brest-ecologie.bzh\/?p=5102\" aria-label=\"Nathalie Chaline &#8211; Fin de la d\u00e9gressivit\u00e9 du prix de l&rsquo;eau\"><img loading=\"lazy\" decoding=\"async\" width=\"580\" height=\"326\" src=\"https:\/\/brest-ecologie.bzh\/wp-content\/uploads\/2025\/12\/VignettedegressiviteNathalie-1024x576.jpg\" class=\"attachment-large size-large wp-post-image\" alt=\"Pr\u00e9sentation Nathalie Chaline fin de la d\u00e9gressivit\u00e9 des tarifs de l&#039;eau\" style=\"\" srcset=\"https:\/\/brest-ecologie.bzh\/wp-content\/uploads\/2025\/12\/VignettedegressiviteNathalie-1024x576.jpg 1024w, https:\/\/brest-ecologie.bzh\/wp-content\/uploads\/2025\/12\/VignettedegressiviteNathalie-300x169.jpg 300w, https:\/\/brest-ecologie.bzh\/wp-content\/uploads\/2025\/12\/VignettedegressiviteNathalie-768x432.jpg 768w, https:\/\/brest-ecologie.bzh\/wp-content\/uploads\/2025\/12\/VignettedegressiviteNathalie-1536x864.jpg 1536w, https:\/\/brest-ecologie.bzh\/wp-content\/uploads\/2025\/12\/VignettedegressiviteNathalie-1200x675.jpg 1200w, https:\/\/brest-ecologie.bzh\/wp-content\/uploads\/2025\/12\/VignettedegressiviteNathalie-1320x743.jpg 1320w, https:\/\/brest-ecologie.bzh\/wp-content\/uploads\/2025\/12\/VignettedegressiviteNathalie.jpg 1920w\" sizes=\"auto, (min-width: 1280px) 378px, (min-width: 1024px) calc(33.33vw - 48px), (min-width: 700px) calc(50vw - 56px), calc(100vw - 40px)\" \/><\/a><\/div><a class=\"wp-block-latest-posts__post-title\" href=\"https:\/\/brest-ecologie.bzh\/?p=5102\">Nathalie Chaline &#8211; Fin de la d\u00e9gressivit\u00e9 du prix de l&rsquo;eau<\/a><time datetime=\"2025-12-30T16:45:12+01:00\" class=\"wp-block-latest-posts__post-date\">30 d\u00e9cembre 2025<\/time><\/li>\n<\/ul><\/div><\/div>\n","protected":false},"excerpt":{"rendered":"<p>Conseil municipalKuzul k\u00ear Conseil m\u00e9tropolitainKuzul meurg\u00ear<\/p>\n","protected":false},"author":2,"featured_media":0,"parent":0,"menu_order":0,"comment_status":"closed","ping_status":"closed","template":"tw-header-transparent-light.php","meta":{"footnotes":""},"class_list":["post-17","page","type-page","status-publish","hentry"],"yoast_head":"<!-- This site is optimized with the Yoast SEO plugin v23.0 - https:\/\/yoast.com\/wordpress\/plugins\/seo\/ -->\n<title>Conseils - Elu\u00b7es \u00e9cologistes Brest<\/title>\n<meta name=\"robots\" content=\"index, follow, max-snippet:-1, max-image-preview:large, max-video-preview:-1\" \/>\n<link rel=\"canonical\" href=\"https:\/\/brest-ecologie.bzh\/?page_id=17\" \/>\n<meta property=\"og:locale\" content=\"fr_FR\" \/>\n<meta property=\"og:type\" content=\"article\" \/>\n<meta property=\"og:title\" content=\"Conseils - Elu\u00b7es \u00e9cologistes Brest\" \/>\n<meta property=\"og:description\" content=\"Conseil municipalKuzul k\u00ear Conseil m\u00e9tropolitainKuzul meurg\u00ear\" \/>\n<meta property=\"og:url\" content=\"https:\/\/brest-ecologie.bzh\/?page_id=17\" \/>\n<meta property=\"og:site_name\" content=\"Elu\u00b7es \u00e9cologistes Brest\" \/>\n<meta property=\"article:publisher\" content=\"https:\/\/www.facebook.com\/Elu.e.sEcoloBrest\" \/>\n<meta property=\"article:modified_time\" content=\"2021-01-20T10:43:12+00:00\" \/>\n<meta name=\"twitter:card\" content=\"summary_large_image\" \/>\n<meta name=\"twitter:site\" content=\"@BrestEcologie\" \/>\n<script type=\"application\/ld+json\" class=\"yoast-schema-graph\">{\"@context\":\"https:\/\/schema.org\",\"@graph\":[{\"@type\":\"WebPage\",\"@id\":\"https:\/\/brest-ecologie.bzh\/?page_id=17\",\"url\":\"https:\/\/brest-ecologie.bzh\/?page_id=17\",\"name\":\"Conseils - Elu\u00b7es \u00e9cologistes Brest\",\"isPartOf\":{\"@id\":\"https:\/\/brest-ecologie.bzh\/#website\"},\"datePublished\":\"2020-11-26T13:50:05+00:00\",\"dateModified\":\"2021-01-20T10:43:12+00:00\",\"breadcrumb\":{\"@id\":\"https:\/\/brest-ecologie.bzh\/?page_id=17#breadcrumb\"},\"inLanguage\":\"fr-FR\",\"potentialAction\":[{\"@type\":\"ReadAction\",\"target\":[\"https:\/\/brest-ecologie.bzh\/?page_id=17\"]}]},{\"@type\":\"BreadcrumbList\",\"@id\":\"https:\/\/brest-ecologie.bzh\/?page_id=17#breadcrumb\",\"itemListElement\":[{\"@type\":\"ListItem\",\"position\":1,\"name\":\"Accueil\",\"item\":\"https:\/\/brest-ecologie.bzh\/\"},{\"@type\":\"ListItem\",\"position\":2,\"name\":\"Conseils\"}]},{\"@type\":\"WebSite\",\"@id\":\"https:\/\/brest-ecologie.bzh\/#website\",\"url\":\"https:\/\/brest-ecologie.bzh\/\",\"name\":\"Elu\u00b7e\u00b7s \u00e9cologistes Brest\",\"description\":\"\",\"publisher\":{\"@id\":\"https:\/\/brest-ecologie.bzh\/#organization\"},\"potentialAction\":[{\"@type\":\"SearchAction\",\"target\":{\"@type\":\"EntryPoint\",\"urlTemplate\":\"https:\/\/brest-ecologie.bzh\/?s={search_term_string}\"},\"query-input\":\"required name=search_term_string\"}],\"inLanguage\":\"fr-FR\"},{\"@type\":\"Organization\",\"@id\":\"https:\/\/brest-ecologie.bzh\/#organization\",\"name\":\"Elu\u00b7e\u00b7s \u00e9cologistes de Brest ville et m\u00e9tropole\",\"url\":\"https:\/\/brest-ecologie.bzh\/\",\"logo\":{\"@type\":\"ImageObject\",\"inLanguage\":\"fr-FR\",\"@id\":\"https:\/\/brest-ecologie.bzh\/#\/schema\/logo\/image\/\",\"url\":\"https:\/\/brest-ecologie.bzh\/wp-content\/uploads\/2021\/02\/logo-elus.png\",\"contentUrl\":\"https:\/\/brest-ecologie.bzh\/wp-content\/uploads\/2021\/02\/logo-elus.png\",\"width\":2300,\"height\":921,\"caption\":\"Elu\u00b7e\u00b7s \u00e9cologistes de Brest ville et m\u00e9tropole\"},\"image\":{\"@id\":\"https:\/\/brest-ecologie.bzh\/#\/schema\/logo\/image\/\"},\"sameAs\":[\"https:\/\/www.facebook.com\/Elu.e.sEcoloBrest\",\"https:\/\/x.com\/BrestEcologie\",\"https:\/\/www.youtube.com\/channel\/UCF26X4ImxDdDiydIKxoA2WA\"]}]}<\/script>\n<!-- \/ Yoast SEO plugin. -->","yoast_head_json":{"title":"Conseils - Elu\u00b7es \u00e9cologistes Brest","robots":{"index":"index","follow":"follow","max-snippet":"max-snippet:-1","max-image-preview":"max-image-preview:large","max-video-preview":"max-video-preview:-1"},"canonical":"https:\/\/brest-ecologie.bzh\/?page_id=17","og_locale":"fr_FR","og_type":"article","og_title":"Conseils - Elu\u00b7es \u00e9cologistes Brest","og_description":"Conseil municipalKuzul k\u00ear Conseil m\u00e9tropolitainKuzul meurg\u00ear","og_url":"https:\/\/brest-ecologie.bzh\/?page_id=17","og_site_name":"Elu\u00b7es \u00e9cologistes Brest","article_publisher":"https:\/\/www.facebook.com\/Elu.e.sEcoloBrest","article_modified_time":"2021-01-20T10:43:12+00:00","twitter_card":"summary_large_image","twitter_site":"@BrestEcologie","schema":{"@context":"https:\/\/schema.org","@graph":[{"@type":"WebPage","@id":"https:\/\/brest-ecologie.bzh\/?page_id=17","url":"https:\/\/brest-ecologie.bzh\/?page_id=17","name":"Conseils - Elu\u00b7es \u00e9cologistes Brest","isPartOf":{"@id":"https:\/\/brest-ecologie.bzh\/#website"},"datePublished":"2020-11-26T13:50:05+00:00","dateModified":"2021-01-20T10:43:12+00:00","breadcrumb":{"@id":"https:\/\/brest-ecologie.bzh\/?page_id=17#breadcrumb"},"inLanguage":"fr-FR","potentialAction":[{"@type":"ReadAction","target":["https:\/\/brest-ecologie.bzh\/?page_id=17"]}]},{"@type":"BreadcrumbList","@id":"https:\/\/brest-ecologie.bzh\/?page_id=17#breadcrumb","itemListElement":[{"@type":"ListItem","position":1,"name":"Accueil","item":"https:\/\/brest-ecologie.bzh\/"},{"@type":"ListItem","position":2,"name":"Conseils"}]},{"@type":"WebSite","@id":"https:\/\/brest-ecologie.bzh\/#website","url":"https:\/\/brest-ecologie.bzh\/","name":"Elu\u00b7e\u00b7s \u00e9cologistes Brest","description":"","publisher":{"@id":"https:\/\/brest-ecologie.bzh\/#organization"},"potentialAction":[{"@type":"SearchAction","target":{"@type":"EntryPoint","urlTemplate":"https:\/\/brest-ecologie.bzh\/?s={search_term_string}"},"query-input":"required name=search_term_string"}],"inLanguage":"fr-FR"},{"@type":"Organization","@id":"https:\/\/brest-ecologie.bzh\/#organization","name":"Elu\u00b7e\u00b7s \u00e9cologistes de Brest ville et m\u00e9tropole","url":"https:\/\/brest-ecologie.bzh\/","logo":{"@type":"ImageObject","inLanguage":"fr-FR","@id":"https:\/\/brest-ecologie.bzh\/#\/schema\/logo\/image\/","url":"https:\/\/brest-ecologie.bzh\/wp-content\/uploads\/2021\/02\/logo-elus.png","contentUrl":"https:\/\/brest-ecologie.bzh\/wp-content\/uploads\/2021\/02\/logo-elus.png","width":2300,"height":921,"caption":"Elu\u00b7e\u00b7s \u00e9cologistes de Brest ville et m\u00e9tropole"},"image":{"@id":"https:\/\/brest-ecologie.bzh\/#\/schema\/logo\/image\/"},"sameAs":["https:\/\/www.facebook.com\/Elu.e.sEcoloBrest","https:\/\/x.com\/BrestEcologie","https:\/\/www.youtube.com\/channel\/UCF26X4ImxDdDiydIKxoA2WA"]}]}},"_links":{"self":[{"href":"https:\/\/brest-ecologie.bzh\/index.php?rest_route=\/wp\/v2\/pages\/17","targetHints":{"allow":["GET"]}}],"collection":[{"href":"https:\/\/brest-ecologie.bzh\/index.php?rest_route=\/wp\/v2\/pages"}],"about":[{"href":"https:\/\/brest-ecologie.bzh\/index.php?rest_route=\/wp\/v2\/types\/page"}],"author":[{"embeddable":true,"href":"https:\/\/brest-ecologie.bzh\/index.php?rest_route=\/wp\/v2\/users\/2"}],"replies":[{"embeddable":true,"href":"https:\/\/brest-ecologie.bzh\/index.php?rest_route=%2Fwp%2Fv2%2Fcomments&post=17"}],"version-history":[{"count":14,"href":"https:\/\/brest-ecologie.bzh\/index.php?rest_route=\/wp\/v2\/pages\/17\/revisions"}],"predecessor-version":[{"id":1200,"href":"https:\/\/brest-ecologie.bzh\/index.php?rest_route=\/wp\/v2\/pages\/17\/revisions\/1200"}],"wp:attachment":[{"href":"https:\/\/brest-ecologie.bzh\/index.php?rest_route=%2Fwp%2Fv2%2Fmedia&parent=17"}],"curies":[{"name":"wp","href":"https:\/\/api.w.org\/{rel}","templated":true}]}}