{"id":54,"date":"2020-11-27T09:59:11","date_gmt":"2020-11-27T08:59:11","guid":{"rendered":"http:\/\/brest-ecologie.bzh\/?page_id=54"},"modified":"2022-10-18T16:29:21","modified_gmt":"2022-10-18T14:29:21","slug":"presse","status":"publish","type":"page","link":"https:\/\/brest-ecologie.bzh\/?page_id=54","title":{"rendered":"Communiqu\u00e9s de presse"},"content":{"rendered":"\n<div class=\"wp-block-cover alignfull\" style=\"min-height:70vh;aspect-ratio:unset;\"><img loading=\"lazy\" decoding=\"async\" width=\"2133\" height=\"2133\" sizes=\"auto, (max-width: 799px) 200vw,(max-width: 2133px) 100vw,2133px\" class=\"wp-block-cover__image-background wp-image-198\" alt=\"\" src=\"http:\/\/brest-ecologie.bzh\/wp-content\/uploads\/2020\/12\/vert-clair.png\" data-object-fit=\"cover\" srcset=\"https:\/\/brest-ecologie.bzh\/wp-content\/uploads\/2020\/12\/vert-clair.png 2133w, https:\/\/brest-ecologie.bzh\/wp-content\/uploads\/2020\/12\/vert-clair-300x300.png 300w, https:\/\/brest-ecologie.bzh\/wp-content\/uploads\/2020\/12\/vert-clair-1024x1024.png 1024w, https:\/\/brest-ecologie.bzh\/wp-content\/uploads\/2020\/12\/vert-clair-150x150.png 150w, https:\/\/brest-ecologie.bzh\/wp-content\/uploads\/2020\/12\/vert-clair-768x768.png 768w, https:\/\/brest-ecologie.bzh\/wp-content\/uploads\/2020\/12\/vert-clair-1536x1536.png 1536w, https:\/\/brest-ecologie.bzh\/wp-content\/uploads\/2020\/12\/vert-clair-2048x2048.png 2048w, https:\/\/brest-ecologie.bzh\/wp-content\/uploads\/2020\/12\/vert-clair-1200x1200.png 1200w, https:\/\/brest-ecologie.bzh\/wp-content\/uploads\/2020\/12\/vert-clair-1980x1980.png 1980w\" \/><div class=\"wp-block-cover__inner-container is-layout-flow wp-block-cover-is-layout-flow\">\n<h1 class=\"alignwide has-text-align-center wp-block-heading\">Communiqu\u00e9s de presse<\/h1>\n\n\n\n<p class=\"has-text-align-center has-h-2-font-size\">Embann keleier<\/p>\n<\/div><\/div>\n\n\n\n<div class=\"wp-block-buttons is-layout-flex wp-block-buttons-is-layout-flex\"><\/div>\n\n\n\n<div class=\"wp-block-group alignfull\"><div class=\"wp-block-group__inner-container is-layout-flow wp-block-group-is-layout-flow\"><ul class=\"wp-block-latest-posts__list has-dates aligncenter tw-mt-8 is-style-tw-posts-border tw-heading-size-medium tw-stretched-link tw-img-ratio-1-1 wp-block-latest-posts\"><li><div class=\"wp-block-latest-posts__featured-image alignright\"><a href=\"https:\/\/brest-ecologie.bzh\/?p=5155\" aria-label=\"Oc\u00e9anopolis : 35 ans au service du milieu marin\"><img loading=\"lazy\" decoding=\"async\" width=\"309\" height=\"370\" src=\"https:\/\/brest-ecologie.bzh\/wp-content\/uploads\/2025\/12\/sillage-decembre-1-1.webp\" class=\"attachment-large size-large wp-post-image\" alt=\"\" style=\"\" srcset=\"https:\/\/brest-ecologie.bzh\/wp-content\/uploads\/2025\/12\/sillage-decembre-1-1.webp 309w, https:\/\/brest-ecologie.bzh\/wp-content\/uploads\/2025\/12\/sillage-decembre-1-1-251x300.webp 251w\" sizes=\"auto, (min-width: 1280px) 300px, (min-width: 700px) calc(25vw - 20px), calc(25vw - 10px)\" \/><\/a><\/div><a class=\"wp-block-latest-posts__post-title\" href=\"https:\/\/brest-ecologie.bzh\/?p=5155\">Oc\u00e9anopolis : 35 ans au service du milieu marin<\/a><time datetime=\"2026-02-17T16:31:18+01:00\" class=\"wp-block-latest-posts__post-date\">17 f\u00e9vrier 2026<\/time><div class=\"wp-block-latest-posts__post-excerpt\">Unique en Europe, Oc\u00e9anopolis est un centre de m\u00e9diation scientifique d\u00e9di\u00e9 \u00e0 l\u2019oc\u00e9an. Il sensibilise \u00e0 la n\u00e9cessit\u00e9 de sa pr\u00e9servation.<a href=\"https:\/\/brest-ecologie.bzh\/?p=5155\" class=\"more-link\"><span>Lire la suite<\/span><span class=\"screen-reader-text\">Oc\u00e9anopolis : 35 ans au service du milieu marin<\/span><\/a><\/div><\/li>\n<li><div class=\"wp-block-latest-posts__featured-image alignright\"><a href=\"https:\/\/brest-ecologie.bzh\/?p=5067\" aria-label=\"Brest \u00ab\u00a0moyennement favorable au v\u00e9lo\u00a0\u00bb : il faut que \u00e7a change !\"><img loading=\"lazy\" decoding=\"async\" width=\"309\" height=\"370\" src=\"https:\/\/brest-ecologie.bzh\/wp-content\/uploads\/2025\/12\/sillage-decembre-1-1.webp\" class=\"attachment-large size-large wp-post-image\" alt=\"\" style=\"\" srcset=\"https:\/\/brest-ecologie.bzh\/wp-content\/uploads\/2025\/12\/sillage-decembre-1-1.webp 309w, https:\/\/brest-ecologie.bzh\/wp-content\/uploads\/2025\/12\/sillage-decembre-1-1-251x300.webp 251w\" sizes=\"auto, (min-width: 1280px) 300px, (min-width: 700px) calc(25vw - 20px), calc(25vw - 10px)\" \/><\/a><\/div><a class=\"wp-block-latest-posts__post-title\" href=\"https:\/\/brest-ecologie.bzh\/?p=5067\">Brest \u00ab\u00a0moyennement favorable au v\u00e9lo\u00a0\u00bb : il faut que \u00e7a change !<\/a><time datetime=\"2025-12-12T17:31:35+01:00\" class=\"wp-block-latest-posts__post-date\">12 d\u00e9cembre 2025<\/time><div class=\"wp-block-latest-posts__post-excerpt\">Retrouvez la tribune politique du groupe des \u00e9lu.e.s \u00e9cologistes de Brest dans le magazine Sillage de&hellip;<a href=\"https:\/\/brest-ecologie.bzh\/?p=5067\" class=\"more-link\"><span>Lire la suite<\/span><span class=\"screen-reader-text\">Brest \u00ab\u00a0moyennement favorable au v\u00e9lo\u00a0\u00bb : il faut que \u00e7a change !<\/span><\/a><\/div><\/li>\n<li><div class=\"wp-block-latest-posts__featured-image alignright\"><a href=\"https:\/\/brest-ecologie.bzh\/?p=5058\" aria-label=\"D\u00e9fendre la Culture, c\u2019est se battre pour la libert\u00e9 et la\u00a0d\u00e9mocratie\u00a0!\"><img loading=\"lazy\" decoding=\"async\" width=\"580\" height=\"695\" src=\"https:\/\/brest-ecologie.bzh\/wp-content\/uploads\/2025\/12\/Sillage-novembre.png\" class=\"attachment-large size-large wp-post-image\" alt=\"\" style=\"\" srcset=\"https:\/\/brest-ecologie.bzh\/wp-content\/uploads\/2025\/12\/Sillage-novembre.png 712w, https:\/\/brest-ecologie.bzh\/wp-content\/uploads\/2025\/12\/Sillage-novembre-250x300.png 250w\" sizes=\"auto, (min-width: 1280px) 300px, (min-width: 700px) calc(25vw - 20px), calc(25vw - 10px)\" \/><\/a><\/div><a class=\"wp-block-latest-posts__post-title\" href=\"https:\/\/brest-ecologie.bzh\/?p=5058\">D\u00e9fendre la Culture, c\u2019est se battre pour la libert\u00e9 et la\u00a0d\u00e9mocratie\u00a0!<\/a><time datetime=\"2025-12-05T14:30:55+01:00\" class=\"wp-block-latest-posts__post-date\">5 d\u00e9cembre 2025<\/time><div class=\"wp-block-latest-posts__post-excerpt\">Retrouvez la tribune politique du groupe des \u00e9lu.e.s \u00e9cologistes de Brest dans le magazine Sillage de&hellip;<a href=\"https:\/\/brest-ecologie.bzh\/?p=5058\" class=\"more-link\"><span>Lire la suite<\/span><span class=\"screen-reader-text\">D\u00e9fendre la Culture, c\u2019est se battre pour la libert\u00e9 et la\u00a0d\u00e9mocratie\u00a0!<\/span><\/a><\/div><\/li>\n<\/ul><\/div><\/div>\n\n\n\n<div class=\"wp-block-buttons is-layout-flex wp-block-buttons-is-layout-flex\">\n<div class=\"wp-block-button\"><a class=\"wp-block-button__link\" href=\"https:\/\/brest-ecologie.bzh\/?cat=8\" style=\"border-radius:10px\">Voir Plus<\/a><\/div>\n<\/div>\n","protected":false},"excerpt":{"rendered":"","protected":false},"author":2,"featured_media":0,"parent":0,"menu_order":0,"comment_status":"closed","ping_status":"closed","template":"tw-header-transparent-light.php","meta":{"footnotes":""},"class_list":["post-54","page","type-page","status-publish","hentry"],"yoast_head":"<!-- This site is optimized with the Yoast SEO plugin v23.0 - https:\/\/yoast.com\/wordpress\/plugins\/seo\/ -->\n<title>Communiqu\u00e9s de presse - Elu\u00b7es \u00e9cologistes Brest<\/title>\n<meta name=\"robots\" content=\"index, follow, max-snippet:-1, max-image-preview:large, max-video-preview:-1\" \/>\n<link rel=\"canonical\" href=\"https:\/\/brest-ecologie.bzh\/?page_id=54\" \/>\n<meta property=\"og:locale\" content=\"fr_FR\" \/>\n<meta property=\"og:type\" content=\"article\" \/>\n<meta property=\"og:title\" content=\"Communiqu\u00e9s de presse - Elu\u00b7es \u00e9cologistes Brest\" \/>\n<meta property=\"og:url\" content=\"https:\/\/brest-ecologie.bzh\/?page_id=54\" \/>\n<meta property=\"og:site_name\" content=\"Elu\u00b7es \u00e9cologistes Brest\" \/>\n<meta property=\"article:publisher\" content=\"https:\/\/www.facebook.com\/Elu.e.sEcoloBrest\" \/>\n<meta property=\"article:modified_time\" content=\"2022-10-18T14:29:21+00:00\" \/>\n<meta property=\"og:image\" content=\"http:\/\/brest-ecologie.bzh\/wp-content\/uploads\/2020\/12\/vert-clair.png\" \/>\n<meta name=\"twitter:card\" content=\"summary_large_image\" \/>\n<meta name=\"twitter:site\" content=\"@BrestEcologie\" \/>\n<meta name=\"twitter:label1\" content=\"Dur\u00e9e de lecture estim\u00e9e\" \/>\n\t<meta name=\"twitter:data1\" content=\"1 minute\" \/>\n<script type=\"application\/ld+json\" class=\"yoast-schema-graph\">{\"@context\":\"https:\/\/schema.org\",\"@graph\":[{\"@type\":\"WebPage\",\"@id\":\"https:\/\/brest-ecologie.bzh\/?page_id=54\",\"url\":\"https:\/\/brest-ecologie.bzh\/?page_id=54\",\"name\":\"Communiqu\u00e9s de presse - Elu\u00b7es \u00e9cologistes Brest\",\"isPartOf\":{\"@id\":\"https:\/\/brest-ecologie.bzh\/#website\"},\"primaryImageOfPage\":{\"@id\":\"https:\/\/brest-ecologie.bzh\/?page_id=54#primaryimage\"},\"image\":{\"@id\":\"https:\/\/brest-ecologie.bzh\/?page_id=54#primaryimage\"},\"thumbnailUrl\":\"http:\/\/brest-ecologie.bzh\/wp-content\/uploads\/2020\/12\/vert-clair.png\",\"datePublished\":\"2020-11-27T08:59:11+00:00\",\"dateModified\":\"2022-10-18T14:29:21+00:00\",\"breadcrumb\":{\"@id\":\"https:\/\/brest-ecologie.bzh\/?page_id=54#breadcrumb\"},\"inLanguage\":\"fr-FR\",\"potentialAction\":[{\"@type\":\"ReadAction\",\"target\":[\"https:\/\/brest-ecologie.bzh\/?page_id=54\"]}]},{\"@type\":\"ImageObject\",\"inLanguage\":\"fr-FR\",\"@id\":\"https:\/\/brest-ecologie.bzh\/?page_id=54#primaryimage\",\"url\":\"https:\/\/brest-ecologie.bzh\/wp-content\/uploads\/2020\/12\/vert-clair.png\",\"contentUrl\":\"https:\/\/brest-ecologie.bzh\/wp-content\/uploads\/2020\/12\/vert-clair.png\",\"width\":2133,\"height\":2133},{\"@type\":\"BreadcrumbList\",\"@id\":\"https:\/\/brest-ecologie.bzh\/?page_id=54#breadcrumb\",\"itemListElement\":[{\"@type\":\"ListItem\",\"position\":1,\"name\":\"Accueil\",\"item\":\"https:\/\/brest-ecologie.bzh\/\"},{\"@type\":\"ListItem\",\"position\":2,\"name\":\"Communiqu\u00e9s de presse\"}]},{\"@type\":\"WebSite\",\"@id\":\"https:\/\/brest-ecologie.bzh\/#website\",\"url\":\"https:\/\/brest-ecologie.bzh\/\",\"name\":\"Elu\u00b7e\u00b7s \u00e9cologistes Brest\",\"description\":\"\",\"publisher\":{\"@id\":\"https:\/\/brest-ecologie.bzh\/#organization\"},\"potentialAction\":[{\"@type\":\"SearchAction\",\"target\":{\"@type\":\"EntryPoint\",\"urlTemplate\":\"https:\/\/brest-ecologie.bzh\/?s={search_term_string}\"},\"query-input\":\"required name=search_term_string\"}],\"inLanguage\":\"fr-FR\"},{\"@type\":\"Organization\",\"@id\":\"https:\/\/brest-ecologie.bzh\/#organization\",\"name\":\"Elu\u00b7e\u00b7s \u00e9cologistes de Brest ville et m\u00e9tropole\",\"url\":\"https:\/\/brest-ecologie.bzh\/\",\"logo\":{\"@type\":\"ImageObject\",\"inLanguage\":\"fr-FR\",\"@id\":\"https:\/\/brest-ecologie.bzh\/#\/schema\/logo\/image\/\",\"url\":\"https:\/\/brest-ecologie.bzh\/wp-content\/uploads\/2021\/02\/logo-elus.png\",\"contentUrl\":\"https:\/\/brest-ecologie.bzh\/wp-content\/uploads\/2021\/02\/logo-elus.png\",\"width\":2300,\"height\":921,\"caption\":\"Elu\u00b7e\u00b7s \u00e9cologistes de Brest ville et m\u00e9tropole\"},\"image\":{\"@id\":\"https:\/\/brest-ecologie.bzh\/#\/schema\/logo\/image\/\"},\"sameAs\":[\"https:\/\/www.facebook.com\/Elu.e.sEcoloBrest\",\"https:\/\/x.com\/BrestEcologie\",\"https:\/\/www.youtube.com\/channel\/UCF26X4ImxDdDiydIKxoA2WA\"]}]}<\/script>\n<!-- \/ Yoast SEO plugin. -->","yoast_head_json":{"title":"Communiqu\u00e9s de presse - Elu\u00b7es \u00e9cologistes Brest","robots":{"index":"index","follow":"follow","max-snippet":"max-snippet:-1","max-image-preview":"max-image-preview:large","max-video-preview":"max-video-preview:-1"},"canonical":"https:\/\/brest-ecologie.bzh\/?page_id=54","og_locale":"fr_FR","og_type":"article","og_title":"Communiqu\u00e9s de presse - Elu\u00b7es \u00e9cologistes Brest","og_url":"https:\/\/brest-ecologie.bzh\/?page_id=54","og_site_name":"Elu\u00b7es \u00e9cologistes Brest","article_publisher":"https:\/\/www.facebook.com\/Elu.e.sEcoloBrest","article_modified_time":"2022-10-18T14:29:21+00:00","og_image":[{"url":"http:\/\/brest-ecologie.bzh\/wp-content\/uploads\/2020\/12\/vert-clair.png"}],"twitter_card":"summary_large_image","twitter_site":"@BrestEcologie","twitter_misc":{"Dur\u00e9e de lecture estim\u00e9e":"1 minute"},"schema":{"@context":"https:\/\/schema.org","@graph":[{"@type":"WebPage","@id":"https:\/\/brest-ecologie.bzh\/?page_id=54","url":"https:\/\/brest-ecologie.bzh\/?page_id=54","name":"Communiqu\u00e9s de presse - Elu\u00b7es \u00e9cologistes Brest","isPartOf":{"@id":"https:\/\/brest-ecologie.bzh\/#website"},"primaryImageOfPage":{"@id":"https:\/\/brest-ecologie.bzh\/?page_id=54#primaryimage"},"image":{"@id":"https:\/\/brest-ecologie.bzh\/?page_id=54#primaryimage"},"thumbnailUrl":"http:\/\/brest-ecologie.bzh\/wp-content\/uploads\/2020\/12\/vert-clair.png","datePublished":"2020-11-27T08:59:11+00:00","dateModified":"2022-10-18T14:29:21+00:00","breadcrumb":{"@id":"https:\/\/brest-ecologie.bzh\/?page_id=54#breadcrumb"},"inLanguage":"fr-FR","potentialAction":[{"@type":"ReadAction","target":["https:\/\/brest-ecologie.bzh\/?page_id=54"]}]},{"@type":"ImageObject","inLanguage":"fr-FR","@id":"https:\/\/brest-ecologie.bzh\/?page_id=54#primaryimage","url":"https:\/\/brest-ecologie.bzh\/wp-content\/uploads\/2020\/12\/vert-clair.png","contentUrl":"https:\/\/brest-ecologie.bzh\/wp-content\/uploads\/2020\/12\/vert-clair.png","width":2133,"height":2133},{"@type":"BreadcrumbList","@id":"https:\/\/brest-ecologie.bzh\/?page_id=54#breadcrumb","itemListElement":[{"@type":"ListItem","position":1,"name":"Accueil","item":"https:\/\/brest-ecologie.bzh\/"},{"@type":"ListItem","position":2,"name":"Communiqu\u00e9s de presse"}]},{"@type":"WebSite","@id":"https:\/\/brest-ecologie.bzh\/#website","url":"https:\/\/brest-ecologie.bzh\/","name":"Elu\u00b7e\u00b7s \u00e9cologistes Brest","description":"","publisher":{"@id":"https:\/\/brest-ecologie.bzh\/#organization"},"potentialAction":[{"@type":"SearchAction","target":{"@type":"EntryPoint","urlTemplate":"https:\/\/brest-ecologie.bzh\/?s={search_term_string}"},"query-input":"required name=search_term_string"}],"inLanguage":"fr-FR"},{"@type":"Organization","@id":"https:\/\/brest-ecologie.bzh\/#organization","name":"Elu\u00b7e\u00b7s \u00e9cologistes de Brest ville et m\u00e9tropole","url":"https:\/\/brest-ecologie.bzh\/","logo":{"@type":"ImageObject","inLanguage":"fr-FR","@id":"https:\/\/brest-ecologie.bzh\/#\/schema\/logo\/image\/","url":"https:\/\/brest-ecologie.bzh\/wp-content\/uploads\/2021\/02\/logo-elus.png","contentUrl":"https:\/\/brest-ecologie.bzh\/wp-content\/uploads\/2021\/02\/logo-elus.png","width":2300,"height":921,"caption":"Elu\u00b7e\u00b7s \u00e9cologistes de Brest ville et m\u00e9tropole"},"image":{"@id":"https:\/\/brest-ecologie.bzh\/#\/schema\/logo\/image\/"},"sameAs":["https:\/\/www.facebook.com\/Elu.e.sEcoloBrest","https:\/\/x.com\/BrestEcologie","https:\/\/www.youtube.com\/channel\/UCF26X4ImxDdDiydIKxoA2WA"]}]}},"_links":{"self":[{"href":"https:\/\/brest-ecologie.bzh\/index.php?rest_route=\/wp\/v2\/pages\/54","targetHints":{"allow":["GET"]}}],"collection":[{"href":"https:\/\/brest-ecologie.bzh\/index.php?rest_route=\/wp\/v2\/pages"}],"about":[{"href":"https:\/\/brest-ecologie.bzh\/index.php?rest_route=\/wp\/v2\/types\/page"}],"author":[{"embeddable":true,"href":"https:\/\/brest-ecologie.bzh\/index.php?rest_route=\/wp\/v2\/users\/2"}],"replies":[{"embeddable":true,"href":"https:\/\/brest-ecologie.bzh\/index.php?rest_route=%2Fwp%2Fv2%2Fcomments&post=54"}],"version-history":[{"count":8,"href":"https:\/\/brest-ecologie.bzh\/index.php?rest_route=\/wp\/v2\/pages\/54\/revisions"}],"predecessor-version":[{"id":3150,"href":"https:\/\/brest-ecologie.bzh\/index.php?rest_route=\/wp\/v2\/pages\/54\/revisions\/3150"}],"wp:attachment":[{"href":"https:\/\/brest-ecologie.bzh\/index.php?rest_route=%2Fwp%2Fv2%2Fmedia&parent=54"}],"curies":[{"name":"wp","href":"https:\/\/api.w.org\/{rel}","templated":true}]}}