{"id":591,"date":"2021-01-05T14:18:27","date_gmt":"2021-01-05T13:18:27","guid":{"rendered":"http:\/\/brest-ecologie.bzh\/?page_id=591"},"modified":"2021-01-21T16:24:26","modified_gmt":"2021-01-21T15:24:26","slug":"numerique","status":"publish","type":"page","link":"https:\/\/brest-ecologie.bzh\/?page_id=591","title":{"rendered":"Num\u00e9rique"},"content":{"rendered":"\n<div class=\"wp-block-group alignfull has-background\" style=\"background-color:#78b42a\"><div class=\"wp-block-group__inner-container is-layout-flow wp-block-group-is-layout-flow\">\n<h1 class=\"alignwide has-text-align-center has-text-color wp-block-heading\" style=\"color:#ffffff\">Num\u00e9rique<\/h1>\n\n\n\n<p class=\"has-text-align-center has-text-color has-large-font-size\" style=\"color:#ffffff\">Faire des technologies de l&rsquo;information et de la communication des liens entre les habitant\u00b7e\u00b7s, la collectivit\u00e9 et les associations. Rendre les outils num\u00e9riques accessibles au plus grand nombre, et en faire un levier du changement.<\/p>\n\n\n\n<div style=\"height:30px\" aria-hidden=\"true\" class=\"wp-block-spacer\"><\/div>\n\n\n\n<p class=\"has-text-align-center has-background-color has-text-color has-h-2-font-size\" style=\"line-height:0.4\"><strong>Danvez niverel<\/strong><\/p>\n\n\n\n<p class=\"has-text-align-center has-background-color has-text-color\">Ober eus teknologiezhio\u00f9 ar c&rsquo;helaoui\u00f1 hag an darempredi\u00f1, liammo\u00f9 etre an annezidi, ar strollegezh hag ar c&rsquo;hevredigezhio\u00f9. Lakaat ar muia\u00f1 ar gwella\u00f1 a dud d&rsquo;ober gant ar binviji niverel, hag ober eus-se un nerzh da che\u00f1ch an trao\u00f9.<\/p>\n<\/div><\/div>\n\n\n\n<div class=\"wp-block-group alignfull\"><div class=\"wp-block-group__inner-container is-layout-flow wp-block-group-is-layout-flow\">\n<h2 class=\"has-text-align-center wp-block-heading\">Sur le sujet<\/h2>\n\n\n<ul class=\"wp-block-latest-posts__list is-grid columns-3 has-dates alignwide tw-mt-8 is-style-tw-posts-card tw-img-ratio-3-2 tw-heading-size-medium tw-stretched-link wp-block-latest-posts\"><li><div class=\"wp-block-latest-posts__featured-image\"><img loading=\"lazy\" decoding=\"async\" width=\"580\" height=\"326\" src=\"https:\/\/brest-ecologie.bzh\/wp-content\/uploads\/2024\/05\/1-1024x576.jpg\" class=\"attachment-large size-large wp-post-image\" alt=\"\ud83c\udf3b Ronan Pichon - Vid\u00e9oprotection des b\u00e2timents municipaux et libert\u00e9s publiques\ud83c\udf3b\" style=\"\" srcset=\"https:\/\/brest-ecologie.bzh\/wp-content\/uploads\/2024\/05\/1-1024x576.jpg 1024w, https:\/\/brest-ecologie.bzh\/wp-content\/uploads\/2024\/05\/1-300x169.jpg 300w, https:\/\/brest-ecologie.bzh\/wp-content\/uploads\/2024\/05\/1-768x432.jpg 768w, https:\/\/brest-ecologie.bzh\/wp-content\/uploads\/2024\/05\/1-1536x864.jpg 1536w, https:\/\/brest-ecologie.bzh\/wp-content\/uploads\/2024\/05\/1-1200x675.jpg 1200w, https:\/\/brest-ecologie.bzh\/wp-content\/uploads\/2024\/05\/1-1320x743.jpg 1320w, https:\/\/brest-ecologie.bzh\/wp-content\/uploads\/2024\/05\/1.jpg 1920w\" sizes=\"auto, (min-width: 1280px) 378px, (min-width: 1024px) calc(33.33vw - 48px), (min-width: 700px) calc(50vw - 56px), calc(100vw - 40px)\" \/><\/div><a class=\"wp-block-latest-posts__post-title\" href=\"https:\/\/brest-ecologie.bzh\/?p=4268\">Ronan Pichon &#8211; Vid\u00e9oprotection des b\u00e2timents municipaux et libert\u00e9s publiques<\/a><time datetime=\"2024-05-29T19:39:45+02:00\" class=\"wp-block-latest-posts__post-date\">29 mai 2024<\/time><\/li>\n<li><div class=\"wp-block-latest-posts__featured-image\"><img loading=\"lazy\" decoding=\"async\" width=\"474\" height=\"290\" src=\"https:\/\/brest-ecologie.bzh\/wp-content\/uploads\/2022\/10\/OIP.jpg\" class=\"attachment-large size-large wp-post-image\" alt=\"En octobre 2022, lors des derniers conseils, la Ville et la M\u00e9tropole de Brest ont adopt\u00e9 une charte \u00e9thique de la donn\u00e9e. A quoi servira-t-elle ?\" style=\"\" srcset=\"https:\/\/brest-ecologie.bzh\/wp-content\/uploads\/2022\/10\/OIP.jpg 474w, https:\/\/brest-ecologie.bzh\/wp-content\/uploads\/2022\/10\/OIP-300x184.jpg 300w\" sizes=\"auto, (min-width: 1280px) 378px, (min-width: 1024px) calc(33.33vw - 48px), (min-width: 700px) calc(50vw - 56px), calc(100vw - 40px)\" \/><\/div><a class=\"wp-block-latest-posts__post-title\" href=\"https:\/\/brest-ecologie.bzh\/?p=3171\">Charte de la donn\u00e9e, qu&rsquo;est-ce que c&rsquo;est ?<\/a><time datetime=\"2022-10-25T16:52:26+02:00\" class=\"wp-block-latest-posts__post-date\">25 octobre 2022<\/time><\/li>\n<li><div class=\"wp-block-latest-posts__featured-image\"><img loading=\"lazy\" decoding=\"async\" width=\"580\" height=\"326\" src=\"https:\/\/brest-ecologie.bzh\/wp-content\/uploads\/2022\/10\/10-1024x576.jpg\" class=\"attachment-large size-large wp-post-image\" alt=\"Ronan Pichon, conseiller d\u00e9l\u00e9gu\u00e9 au num\u00e9rique, a pr\u00e9sent\u00e9 en Conseil municipal du 12 octobre 2022 la nouvelle charte \u00e9thique de la donn\u00e9e de Brest. D\u00e9couvrez en vid\u00e9o de quoi traite cette charte \u00e9labor\u00e9e en concertation avec les habitants et habitantes !\" style=\"\" srcset=\"https:\/\/brest-ecologie.bzh\/wp-content\/uploads\/2022\/10\/10-1024x576.jpg 1024w, https:\/\/brest-ecologie.bzh\/wp-content\/uploads\/2022\/10\/10-300x169.jpg 300w, https:\/\/brest-ecologie.bzh\/wp-content\/uploads\/2022\/10\/10-768x432.jpg 768w, https:\/\/brest-ecologie.bzh\/wp-content\/uploads\/2022\/10\/10-1536x864.jpg 1536w, https:\/\/brest-ecologie.bzh\/wp-content\/uploads\/2022\/10\/10-1200x675.jpg 1200w, https:\/\/brest-ecologie.bzh\/wp-content\/uploads\/2022\/10\/10-1320x743.jpg 1320w, https:\/\/brest-ecologie.bzh\/wp-content\/uploads\/2022\/10\/10.jpg 1920w\" sizes=\"auto, (min-width: 1280px) 378px, (min-width: 1024px) calc(33.33vw - 48px), (min-width: 700px) calc(50vw - 56px), calc(100vw - 40px)\" \/><\/div><a class=\"wp-block-latest-posts__post-title\" href=\"https:\/\/brest-ecologie.bzh\/?p=3133\">Une charte \u00e9thique de la donn\u00e9e<\/a><time datetime=\"2022-10-18T15:31:49+02:00\" class=\"wp-block-latest-posts__post-date\">18 octobre 2022<\/time><\/li>\n<li><div class=\"wp-block-latest-posts__featured-image\"><img loading=\"lazy\" decoding=\"async\" width=\"580\" height=\"486\" src=\"https:\/\/brest-ecologie.bzh\/wp-content\/uploads\/2022\/08\/forum-des-usages-cooperatifs.jpg\" class=\"attachment-large size-large wp-post-image\" alt=\"Le 10\u00e8me Forum des usages coop\u00e9ratifs avait pour th\u00e8me la convergence des transitions\" style=\"\" srcset=\"https:\/\/brest-ecologie.bzh\/wp-content\/uploads\/2022\/08\/forum-des-usages-cooperatifs.jpg 940w, https:\/\/brest-ecologie.bzh\/wp-content\/uploads\/2022\/08\/forum-des-usages-cooperatifs-300x251.jpg 300w, https:\/\/brest-ecologie.bzh\/wp-content\/uploads\/2022\/08\/forum-des-usages-cooperatifs-768x644.jpg 768w\" sizes=\"auto, (min-width: 1280px) 378px, (min-width: 1024px) calc(33.33vw - 48px), (min-width: 700px) calc(50vw - 56px), calc(100vw - 40px)\" \/><\/div><a class=\"wp-block-latest-posts__post-title\" href=\"https:\/\/brest-ecologie.bzh\/?p=2995\">10\u00e8me Forum des usages coop\u00e9ratifs<\/a><time datetime=\"2022-07-11T09:10:00+02:00\" class=\"wp-block-latest-posts__post-date\">11 juillet 2022<\/time><\/li>\n<li><div class=\"wp-block-latest-posts__featured-image\"><img loading=\"lazy\" decoding=\"async\" width=\"580\" height=\"326\" src=\"https:\/\/brest-ecologie.bzh\/wp-content\/uploads\/2021\/12\/Conseil-Municipal-du-912-2-1024x576.jpg\" class=\"attachment-large size-large wp-post-image\" alt=\"Intervention de Ronan Pichon sur l&#039;appel \u00e0 projets usages du num\u00e9rique\" style=\"\" srcset=\"https:\/\/brest-ecologie.bzh\/wp-content\/uploads\/2021\/12\/Conseil-Municipal-du-912-2-1024x576.jpg 1024w, https:\/\/brest-ecologie.bzh\/wp-content\/uploads\/2021\/12\/Conseil-Municipal-du-912-2-300x169.jpg 300w, https:\/\/brest-ecologie.bzh\/wp-content\/uploads\/2021\/12\/Conseil-Municipal-du-912-2-768x432.jpg 768w, https:\/\/brest-ecologie.bzh\/wp-content\/uploads\/2021\/12\/Conseil-Municipal-du-912-2-1536x864.jpg 1536w, https:\/\/brest-ecologie.bzh\/wp-content\/uploads\/2021\/12\/Conseil-Municipal-du-912-2-1200x675.jpg 1200w, https:\/\/brest-ecologie.bzh\/wp-content\/uploads\/2021\/12\/Conseil-Municipal-du-912-2-1320x743.jpg 1320w, https:\/\/brest-ecologie.bzh\/wp-content\/uploads\/2021\/12\/Conseil-Municipal-du-912-2.jpg 1920w\" sizes=\"auto, (min-width: 1280px) 378px, (min-width: 1024px) calc(33.33vw - 48px), (min-width: 700px) calc(50vw - 56px), calc(100vw - 40px)\" \/><\/div><a class=\"wp-block-latest-posts__post-title\" href=\"https:\/\/brest-ecologie.bzh\/?p=2435\">Usages du Num\u00e9rique<\/a><time datetime=\"2021-12-17T18:42:17+01:00\" class=\"wp-block-latest-posts__post-date\">17 d\u00e9cembre 2021<\/time><\/li>\n<li><div class=\"wp-block-latest-posts__featured-image\"><img loading=\"lazy\" decoding=\"async\" width=\"580\" height=\"486\" src=\"https:\/\/brest-ecologie.bzh\/wp-content\/uploads\/2021\/03\/6.png\" class=\"attachment-large size-large wp-post-image\" alt=\"Rencontrez Ronan Pichon, \u00e9lu \u00e9cologiste de Brest\" style=\"\" srcset=\"https:\/\/brest-ecologie.bzh\/wp-content\/uploads\/2021\/03\/6.png 940w, https:\/\/brest-ecologie.bzh\/wp-content\/uploads\/2021\/03\/6-300x251.png 300w, https:\/\/brest-ecologie.bzh\/wp-content\/uploads\/2021\/03\/6-768x644.png 768w\" sizes=\"auto, (min-width: 1280px) 378px, (min-width: 1024px) calc(33.33vw - 48px), (min-width: 700px) calc(50vw - 56px), calc(100vw - 40px)\" \/><\/div><a class=\"wp-block-latest-posts__post-title\" href=\"https:\/\/brest-ecologie.bzh\/?p=1556\">Ronan Pichon \u00e9change avec les Brestoises et les Brestois<\/a><time datetime=\"2021-04-06T10:43:08+02:00\" class=\"wp-block-latest-posts__post-date\">6 avril 2021<\/time><\/li>\n<\/ul>\n\n\n<div class=\"wp-block-buttons aligncenter is-layout-flex wp-block-buttons-is-layout-flex\">\n<div class=\"wp-block-button\"><a class=\"wp-block-button__link\" href=\"http:\/\/brest-ecologie.bzh\/?cat=26\" style=\"border-radius:15px\" target=\"_blank\" rel=\"noreferrer noopener\">Voir plus<\/a><\/div>\n<\/div>\n<\/div><\/div>\n\n\n\n<p><\/p>\n","protected":false},"excerpt":{"rendered":"<p>Num\u00e9rique Faire des technologies de l&rsquo;information et de la communication des liens entre les habitant\u00b7e\u00b7s, la collectivit\u00e9 et les associations. Rendre les outils num\u00e9riques accessibles au plus grand nombre, et en faire un levier du changement. Danvez niverel Ober eus teknologiezhio\u00f9 ar c&rsquo;helaoui\u00f1 hag an darempredi\u00f1, liammo\u00f9 etre an annezidi, ar strollegezh hag ar c&rsquo;hevredigezhio\u00f9.&hellip;<\/p>\n","protected":false},"author":2,"featured_media":0,"parent":0,"menu_order":0,"comment_status":"closed","ping_status":"closed","template":"tw-header-transparent-light.php","meta":{"footnotes":""},"class_list":["post-591","page","type-page","status-publish","hentry"],"yoast_head":"<!-- This site is optimized with the Yoast SEO plugin v23.0 - https:\/\/yoast.com\/wordpress\/plugins\/seo\/ -->\n<title>Num\u00e9rique - Elu\u00b7es \u00e9cologistes Brest<\/title>\n<meta name=\"robots\" content=\"index, follow, max-snippet:-1, max-image-preview:large, max-video-preview:-1\" \/>\n<link rel=\"canonical\" href=\"https:\/\/brest-ecologie.bzh\/?page_id=591\" \/>\n<meta property=\"og:locale\" content=\"fr_FR\" \/>\n<meta property=\"og:type\" content=\"article\" \/>\n<meta property=\"og:title\" content=\"Num\u00e9rique - Elu\u00b7es \u00e9cologistes Brest\" \/>\n<meta property=\"og:description\" content=\"Num\u00e9rique Faire des technologies de l&rsquo;information et de la communication des liens entre les habitant\u00b7e\u00b7s, la collectivit\u00e9 et les associations. Rendre les outils num\u00e9riques accessibles au plus grand nombre, et en faire un levier du changement. Danvez niverel Ober eus teknologiezhio\u00f9 ar c&rsquo;helaoui\u00f1 hag an darempredi\u00f1, liammo\u00f9 etre an annezidi, ar strollegezh hag ar c&rsquo;hevredigezhio\u00f9.&hellip;\" \/>\n<meta property=\"og:url\" content=\"https:\/\/brest-ecologie.bzh\/?page_id=591\" \/>\n<meta property=\"og:site_name\" content=\"Elu\u00b7es \u00e9cologistes Brest\" \/>\n<meta property=\"article:publisher\" content=\"https:\/\/www.facebook.com\/Elu.e.sEcoloBrest\" \/>\n<meta property=\"article:modified_time\" content=\"2021-01-21T15:24:26+00:00\" \/>\n<meta name=\"twitter:card\" content=\"summary_large_image\" \/>\n<meta name=\"twitter:site\" content=\"@BrestEcologie\" \/>\n<script type=\"application\/ld+json\" class=\"yoast-schema-graph\">{\"@context\":\"https:\/\/schema.org\",\"@graph\":[{\"@type\":\"WebPage\",\"@id\":\"https:\/\/brest-ecologie.bzh\/?page_id=591\",\"url\":\"https:\/\/brest-ecologie.bzh\/?page_id=591\",\"name\":\"Num\u00e9rique - Elu\u00b7es \u00e9cologistes Brest\",\"isPartOf\":{\"@id\":\"https:\/\/brest-ecologie.bzh\/#website\"},\"datePublished\":\"2021-01-05T13:18:27+00:00\",\"dateModified\":\"2021-01-21T15:24:26+00:00\",\"breadcrumb\":{\"@id\":\"https:\/\/brest-ecologie.bzh\/?page_id=591#breadcrumb\"},\"inLanguage\":\"fr-FR\",\"potentialAction\":[{\"@type\":\"ReadAction\",\"target\":[\"https:\/\/brest-ecologie.bzh\/?page_id=591\"]}]},{\"@type\":\"BreadcrumbList\",\"@id\":\"https:\/\/brest-ecologie.bzh\/?page_id=591#breadcrumb\",\"itemListElement\":[{\"@type\":\"ListItem\",\"position\":1,\"name\":\"Accueil\",\"item\":\"https:\/\/brest-ecologie.bzh\/\"},{\"@type\":\"ListItem\",\"position\":2,\"name\":\"Num\u00e9rique\"}]},{\"@type\":\"WebSite\",\"@id\":\"https:\/\/brest-ecologie.bzh\/#website\",\"url\":\"https:\/\/brest-ecologie.bzh\/\",\"name\":\"Elu\u00b7e\u00b7s \u00e9cologistes Brest\",\"description\":\"\",\"publisher\":{\"@id\":\"https:\/\/brest-ecologie.bzh\/#organization\"},\"potentialAction\":[{\"@type\":\"SearchAction\",\"target\":{\"@type\":\"EntryPoint\",\"urlTemplate\":\"https:\/\/brest-ecologie.bzh\/?s={search_term_string}\"},\"query-input\":\"required name=search_term_string\"}],\"inLanguage\":\"fr-FR\"},{\"@type\":\"Organization\",\"@id\":\"https:\/\/brest-ecologie.bzh\/#organization\",\"name\":\"Elu\u00b7e\u00b7s \u00e9cologistes de Brest ville et m\u00e9tropole\",\"url\":\"https:\/\/brest-ecologie.bzh\/\",\"logo\":{\"@type\":\"ImageObject\",\"inLanguage\":\"fr-FR\",\"@id\":\"https:\/\/brest-ecologie.bzh\/#\/schema\/logo\/image\/\",\"url\":\"https:\/\/brest-ecologie.bzh\/wp-content\/uploads\/2021\/02\/logo-elus.png\",\"contentUrl\":\"https:\/\/brest-ecologie.bzh\/wp-content\/uploads\/2021\/02\/logo-elus.png\",\"width\":2300,\"height\":921,\"caption\":\"Elu\u00b7e\u00b7s \u00e9cologistes de Brest ville et m\u00e9tropole\"},\"image\":{\"@id\":\"https:\/\/brest-ecologie.bzh\/#\/schema\/logo\/image\/\"},\"sameAs\":[\"https:\/\/www.facebook.com\/Elu.e.sEcoloBrest\",\"https:\/\/x.com\/BrestEcologie\",\"https:\/\/www.youtube.com\/channel\/UCF26X4ImxDdDiydIKxoA2WA\"]}]}<\/script>\n<!-- \/ Yoast SEO plugin. -->","yoast_head_json":{"title":"Num\u00e9rique - Elu\u00b7es \u00e9cologistes Brest","robots":{"index":"index","follow":"follow","max-snippet":"max-snippet:-1","max-image-preview":"max-image-preview:large","max-video-preview":"max-video-preview:-1"},"canonical":"https:\/\/brest-ecologie.bzh\/?page_id=591","og_locale":"fr_FR","og_type":"article","og_title":"Num\u00e9rique - Elu\u00b7es \u00e9cologistes Brest","og_description":"Num\u00e9rique Faire des technologies de l&rsquo;information et de la communication des liens entre les habitant\u00b7e\u00b7s, la collectivit\u00e9 et les associations. Rendre les outils num\u00e9riques accessibles au plus grand nombre, et en faire un levier du changement. Danvez niverel Ober eus teknologiezhio\u00f9 ar c&rsquo;helaoui\u00f1 hag an darempredi\u00f1, liammo\u00f9 etre an annezidi, ar strollegezh hag ar c&rsquo;hevredigezhio\u00f9.&hellip;","og_url":"https:\/\/brest-ecologie.bzh\/?page_id=591","og_site_name":"Elu\u00b7es \u00e9cologistes Brest","article_publisher":"https:\/\/www.facebook.com\/Elu.e.sEcoloBrest","article_modified_time":"2021-01-21T15:24:26+00:00","twitter_card":"summary_large_image","twitter_site":"@BrestEcologie","schema":{"@context":"https:\/\/schema.org","@graph":[{"@type":"WebPage","@id":"https:\/\/brest-ecologie.bzh\/?page_id=591","url":"https:\/\/brest-ecologie.bzh\/?page_id=591","name":"Num\u00e9rique - Elu\u00b7es \u00e9cologistes Brest","isPartOf":{"@id":"https:\/\/brest-ecologie.bzh\/#website"},"datePublished":"2021-01-05T13:18:27+00:00","dateModified":"2021-01-21T15:24:26+00:00","breadcrumb":{"@id":"https:\/\/brest-ecologie.bzh\/?page_id=591#breadcrumb"},"inLanguage":"fr-FR","potentialAction":[{"@type":"ReadAction","target":["https:\/\/brest-ecologie.bzh\/?page_id=591"]}]},{"@type":"BreadcrumbList","@id":"https:\/\/brest-ecologie.bzh\/?page_id=591#breadcrumb","itemListElement":[{"@type":"ListItem","position":1,"name":"Accueil","item":"https:\/\/brest-ecologie.bzh\/"},{"@type":"ListItem","position":2,"name":"Num\u00e9rique"}]},{"@type":"WebSite","@id":"https:\/\/brest-ecologie.bzh\/#website","url":"https:\/\/brest-ecologie.bzh\/","name":"Elu\u00b7e\u00b7s \u00e9cologistes Brest","description":"","publisher":{"@id":"https:\/\/brest-ecologie.bzh\/#organization"},"potentialAction":[{"@type":"SearchAction","target":{"@type":"EntryPoint","urlTemplate":"https:\/\/brest-ecologie.bzh\/?s={search_term_string}"},"query-input":"required name=search_term_string"}],"inLanguage":"fr-FR"},{"@type":"Organization","@id":"https:\/\/brest-ecologie.bzh\/#organization","name":"Elu\u00b7e\u00b7s \u00e9cologistes de Brest ville et m\u00e9tropole","url":"https:\/\/brest-ecologie.bzh\/","logo":{"@type":"ImageObject","inLanguage":"fr-FR","@id":"https:\/\/brest-ecologie.bzh\/#\/schema\/logo\/image\/","url":"https:\/\/brest-ecologie.bzh\/wp-content\/uploads\/2021\/02\/logo-elus.png","contentUrl":"https:\/\/brest-ecologie.bzh\/wp-content\/uploads\/2021\/02\/logo-elus.png","width":2300,"height":921,"caption":"Elu\u00b7e\u00b7s \u00e9cologistes de Brest ville et m\u00e9tropole"},"image":{"@id":"https:\/\/brest-ecologie.bzh\/#\/schema\/logo\/image\/"},"sameAs":["https:\/\/www.facebook.com\/Elu.e.sEcoloBrest","https:\/\/x.com\/BrestEcologie","https:\/\/www.youtube.com\/channel\/UCF26X4ImxDdDiydIKxoA2WA"]}]}},"_links":{"self":[{"href":"https:\/\/brest-ecologie.bzh\/index.php?rest_route=\/wp\/v2\/pages\/591","targetHints":{"allow":["GET"]}}],"collection":[{"href":"https:\/\/brest-ecologie.bzh\/index.php?rest_route=\/wp\/v2\/pages"}],"about":[{"href":"https:\/\/brest-ecologie.bzh\/index.php?rest_route=\/wp\/v2\/types\/page"}],"author":[{"embeddable":true,"href":"https:\/\/brest-ecologie.bzh\/index.php?rest_route=\/wp\/v2\/users\/2"}],"replies":[{"embeddable":true,"href":"https:\/\/brest-ecologie.bzh\/index.php?rest_route=%2Fwp%2Fv2%2Fcomments&post=591"}],"version-history":[{"count":7,"href":"https:\/\/brest-ecologie.bzh\/index.php?rest_route=\/wp\/v2\/pages\/591\/revisions"}],"predecessor-version":[{"id":1269,"href":"https:\/\/brest-ecologie.bzh\/index.php?rest_route=\/wp\/v2\/pages\/591\/revisions\/1269"}],"wp:attachment":[{"href":"https:\/\/brest-ecologie.bzh\/index.php?rest_route=%2Fwp%2Fv2%2Fmedia&parent=591"}],"curies":[{"name":"wp","href":"https:\/\/api.w.org\/{rel}","templated":true}]}}