{"id":632,"date":"2021-01-05T14:29:58","date_gmt":"2021-01-05T13:29:58","guid":{"rendered":"http:\/\/brest-ecologie.bzh\/?page_id=632"},"modified":"2021-01-21T16:26:06","modified_gmt":"2021-01-21T15:26:06","slug":"transitions-ecologiques","status":"publish","type":"page","link":"https:\/\/brest-ecologie.bzh\/?page_id=632","title":{"rendered":"Transitions \u00e9cologiques"},"content":{"rendered":"\n<div class=\"wp-block-group alignfull has-background\" style=\"background-color:#78b42a\"><div class=\"wp-block-group__inner-container is-layout-flow wp-block-group-is-layout-flow\">\n<h1 class=\"has-text-align-center tw-text-wide has-text-color wp-block-heading\" style=\"color:#ffffff\">Transitions \u00e9cologiques<\/h1>\n\n\n\n<p class=\"has-text-align-center has-text-color has-large-font-size\" style=\"color:#ffffff\">Mettre en \u0153uvre notre ambitieux Plan Climat, organiser une COP26 locale, accompagner les entreprises dans leur transition \u00e9cologique&#8230; <\/p>\n\n\n\n<div style=\"height:30px\" aria-hidden=\"true\" class=\"wp-block-spacer\"><\/div>\n\n\n\n<p class=\"has-text-align-center has-background-color has-text-color has-h-2-font-size\" style=\"line-height:0.4\"><strong>Kemmo\u00f9 ekologour<\/strong><\/p>\n\n\n\n<p class=\"has-text-align-center has-background-color has-text-color\">Lakaat da dalvezout ar Steu\u00f1v Hin uhel e balio\u00f9 kinniget ganeomp, aoza\u00f1 ur C&rsquo;h\/COP26 lec&rsquo;hel, skoazell ar stalio\u00f9 labour en o c&rsquo;hemm ekologel.<\/p>\n<\/div><\/div>\n\n\n\n<div class=\"wp-block-group alignfull\"><div class=\"wp-block-group__inner-container is-layout-flow wp-block-group-is-layout-flow\">\n<h2 class=\"has-text-align-center wp-block-heading\">Sur ce sujet<\/h2>\n\n\n<ul class=\"wp-block-latest-posts__list is-grid columns-3 has-dates alignwide tw-mt-8 tw-img-ratio-3-2 tw-stretched-link wp-block-latest-posts\"><li><div class=\"wp-block-latest-posts__featured-image\"><img loading=\"lazy\" decoding=\"async\" width=\"580\" height=\"430\" src=\"https:\/\/brest-ecologie.bzh\/wp-content\/uploads\/2026\/03\/IMG_20260213_153004-1024x759.jpg\" class=\"attachment-large size-large wp-post-image\" alt=\"Trajet inaugural Mon r\u00e9seau grandit\" style=\"\" srcset=\"https:\/\/brest-ecologie.bzh\/wp-content\/uploads\/2026\/03\/IMG_20260213_153004-1024x759.jpg 1024w, https:\/\/brest-ecologie.bzh\/wp-content\/uploads\/2026\/03\/IMG_20260213_153004-300x222.jpg 300w, https:\/\/brest-ecologie.bzh\/wp-content\/uploads\/2026\/03\/IMG_20260213_153004-768x569.jpg 768w, https:\/\/brest-ecologie.bzh\/wp-content\/uploads\/2026\/03\/IMG_20260213_153004-1536x1139.jpg 1536w, https:\/\/brest-ecologie.bzh\/wp-content\/uploads\/2026\/03\/IMG_20260213_153004-2048x1518.jpg 2048w, https:\/\/brest-ecologie.bzh\/wp-content\/uploads\/2026\/03\/IMG_20260213_153004-1200x890.jpg 1200w, https:\/\/brest-ecologie.bzh\/wp-content\/uploads\/2026\/03\/IMG_20260213_153004-1980x1468.jpg 1980w, https:\/\/brest-ecologie.bzh\/wp-content\/uploads\/2026\/03\/IMG_20260213_153004-1320x979.jpg 1320w\" sizes=\"auto, (min-width: 1280px) 378px, (min-width: 1024px) calc(33.33vw - 48px), (min-width: 700px) calc(50vw - 56px), calc(100vw - 40px)\" \/><\/div><a class=\"wp-block-latest-posts__post-title\" href=\"https:\/\/brest-ecologie.bzh\/?p=5193\">Mon R\u00e9seau Grandit : place \u00e0 l&rsquo;inauguration<\/a><time datetime=\"2026-03-05T15:42:10+01:00\" class=\"wp-block-latest-posts__post-date\">5 mars 2026<\/time><\/li>\n<li><div class=\"wp-block-latest-posts__featured-image\"><img loading=\"lazy\" decoding=\"async\" width=\"580\" height=\"435\" src=\"https:\/\/brest-ecologie.bzh\/wp-content\/uploads\/2026\/03\/kertatupage_parc-inondable_credits-1-1024x768.png\" class=\"attachment-large size-large wp-post-image\" alt=\"\" style=\"\" srcset=\"https:\/\/brest-ecologie.bzh\/wp-content\/uploads\/2026\/03\/kertatupage_parc-inondable_credits-1-1024x768.png 1024w, https:\/\/brest-ecologie.bzh\/wp-content\/uploads\/2026\/03\/kertatupage_parc-inondable_credits-1-300x225.png 300w, https:\/\/brest-ecologie.bzh\/wp-content\/uploads\/2026\/03\/kertatupage_parc-inondable_credits-1-768x576.png 768w, https:\/\/brest-ecologie.bzh\/wp-content\/uploads\/2026\/03\/kertatupage_parc-inondable_credits-1-1200x900.png 1200w, https:\/\/brest-ecologie.bzh\/wp-content\/uploads\/2026\/03\/kertatupage_parc-inondable_credits-1.png 1229w\" sizes=\"auto, (min-width: 1280px) 378px, (min-width: 1024px) calc(33.33vw - 48px), (min-width: 700px) calc(50vw - 56px), calc(100vw - 40px)\" \/><\/div><a class=\"wp-block-latest-posts__post-title\" href=\"https:\/\/brest-ecologie.bzh\/?p=5160\">Bassin de Kertatupage : un exemple d&rsquo;adaptation<\/a><time datetime=\"2026-03-05T11:30:38+01:00\" class=\"wp-block-latest-posts__post-date\">5 mars 2026<\/time><\/li>\n<li><div class=\"wp-block-latest-posts__featured-image\"><img loading=\"lazy\" decoding=\"async\" width=\"580\" height=\"326\" src=\"https:\/\/brest-ecologie.bzh\/wp-content\/uploads\/2026\/03\/260213_Cafe_du_commerce_Glen-1024x576.jpg\" class=\"attachment-large size-large wp-post-image\" alt=\"Glen Dissaux au Caf\u00e9 du commerce\" style=\"\" srcset=\"https:\/\/brest-ecologie.bzh\/wp-content\/uploads\/2026\/03\/260213_Cafe_du_commerce_Glen-1024x576.jpg 1024w, https:\/\/brest-ecologie.bzh\/wp-content\/uploads\/2026\/03\/260213_Cafe_du_commerce_Glen-300x169.jpg 300w, https:\/\/brest-ecologie.bzh\/wp-content\/uploads\/2026\/03\/260213_Cafe_du_commerce_Glen-768x432.jpg 768w, https:\/\/brest-ecologie.bzh\/wp-content\/uploads\/2026\/03\/260213_Cafe_du_commerce_Glen-1536x864.jpg 1536w, https:\/\/brest-ecologie.bzh\/wp-content\/uploads\/2026\/03\/260213_Cafe_du_commerce_Glen-1200x675.jpg 1200w, https:\/\/brest-ecologie.bzh\/wp-content\/uploads\/2026\/03\/260213_Cafe_du_commerce_Glen-1320x743.jpg 1320w, https:\/\/brest-ecologie.bzh\/wp-content\/uploads\/2026\/03\/260213_Cafe_du_commerce_Glen.jpg 1920w\" sizes=\"auto, (min-width: 1280px) 378px, (min-width: 1024px) calc(33.33vw - 48px), (min-width: 700px) calc(50vw - 56px), calc(100vw - 40px)\" \/><\/div><a class=\"wp-block-latest-posts__post-title\" href=\"https:\/\/brest-ecologie.bzh\/?p=5182\">\u00c9mission Caf\u00e9 du Commerce avec Glen Dissaux<\/a><time datetime=\"2026-03-04T18:12:14+01:00\" class=\"wp-block-latest-posts__post-date\">4 mars 2026<\/time><\/li>\n<li><div class=\"wp-block-latest-posts__featured-image\"><img loading=\"lazy\" decoding=\"async\" width=\"580\" height=\"326\" src=\"https:\/\/brest-ecologie.bzh\/wp-content\/uploads\/2025\/10\/Conf_Shifters_Brest-1024x575.png\" class=\"attachment-large size-large wp-post-image\" alt=\"Conf\u00e9rence ds shifters \u00e0 Brest\" style=\"\" srcset=\"https:\/\/brest-ecologie.bzh\/wp-content\/uploads\/2025\/10\/Conf_Shifters_Brest-1024x575.png 1024w, https:\/\/brest-ecologie.bzh\/wp-content\/uploads\/2025\/10\/Conf_Shifters_Brest-300x169.png 300w, https:\/\/brest-ecologie.bzh\/wp-content\/uploads\/2025\/10\/Conf_Shifters_Brest-768x432.png 768w, https:\/\/brest-ecologie.bzh\/wp-content\/uploads\/2025\/10\/Conf_Shifters_Brest.png 1171w\" sizes=\"auto, (min-width: 1280px) 378px, (min-width: 1024px) calc(33.33vw - 48px), (min-width: 700px) calc(50vw - 56px), calc(100vw - 40px)\" \/><\/div><a class=\"wp-block-latest-posts__post-title\" href=\"https:\/\/brest-ecologie.bzh\/?p=4962\">Vers une \u00e9conomie r\u00e9gionale bas carbone<\/a><time datetime=\"2025-10-27T16:05:34+01:00\" class=\"wp-block-latest-posts__post-date\">27 octobre 2025<\/time><\/li>\n<li><div class=\"wp-block-latest-posts__featured-image\"><img loading=\"lazy\" decoding=\"async\" width=\"571\" height=\"385\" src=\"https:\/\/brest-ecologie.bzh\/wp-content\/uploads\/2025\/10\/piliers_-economie_circulaire_ademe.png\" class=\"attachment-large size-large wp-post-image\" alt=\"\u00e9conomie circulaire ADEME\" style=\"\" srcset=\"https:\/\/brest-ecologie.bzh\/wp-content\/uploads\/2025\/10\/piliers_-economie_circulaire_ademe.png 571w, https:\/\/brest-ecologie.bzh\/wp-content\/uploads\/2025\/10\/piliers_-economie_circulaire_ademe-300x202.png 300w\" sizes=\"auto, (min-width: 1280px) 378px, (min-width: 1024px) calc(33.33vw - 48px), (min-width: 700px) calc(50vw - 56px), calc(100vw - 40px)\" \/><\/div><a class=\"wp-block-latest-posts__post-title\" href=\"https:\/\/brest-ecologie.bzh\/?p=4966\">Feuille de route pour l&rsquo;\u00e9conomie circulaire<\/a><time datetime=\"2025-10-24T10:26:09+02:00\" class=\"wp-block-latest-posts__post-date\">24 octobre 2025<\/time><\/li>\n<li><div class=\"wp-block-latest-posts__featured-image\"><img loading=\"lazy\" decoding=\"async\" width=\"580\" height=\"326\" src=\"https:\/\/brest-ecologie.bzh\/wp-content\/uploads\/2025\/10\/251010_Vignette-PAM-1024x576.jpg\" class=\"attachment-large size-large wp-post-image\" alt=\"Glen Dissaux soutien \u00e0 la PAM\" style=\"\" srcset=\"https:\/\/brest-ecologie.bzh\/wp-content\/uploads\/2025\/10\/251010_Vignette-PAM-1024x576.jpg 1024w, https:\/\/brest-ecologie.bzh\/wp-content\/uploads\/2025\/10\/251010_Vignette-PAM-300x169.jpg 300w, https:\/\/brest-ecologie.bzh\/wp-content\/uploads\/2025\/10\/251010_Vignette-PAM-768x432.jpg 768w, https:\/\/brest-ecologie.bzh\/wp-content\/uploads\/2025\/10\/251010_Vignette-PAM-1536x864.jpg 1536w, https:\/\/brest-ecologie.bzh\/wp-content\/uploads\/2025\/10\/251010_Vignette-PAM-1200x675.jpg 1200w, https:\/\/brest-ecologie.bzh\/wp-content\/uploads\/2025\/10\/251010_Vignette-PAM-1320x743.jpg 1320w, https:\/\/brest-ecologie.bzh\/wp-content\/uploads\/2025\/10\/251010_Vignette-PAM.jpg 1920w\" sizes=\"auto, (min-width: 1280px) 378px, (min-width: 1024px) calc(33.33vw - 48px), (min-width: 700px) calc(50vw - 56px), calc(100vw - 40px)\" \/><\/div><a class=\"wp-block-latest-posts__post-title\" href=\"https:\/\/brest-ecologie.bzh\/?p=4918\">Glen Dissaux &#8211; Soutien \u00e0 la PAM<\/a><time datetime=\"2025-10-21T14:50:19+02:00\" class=\"wp-block-latest-posts__post-date\">21 octobre 2025<\/time><\/li>\n<\/ul>\n\n\n<div class=\"wp-block-buttons aligncenter is-layout-flex wp-block-buttons-is-layout-flex\">\n<div class=\"wp-block-button\"><a class=\"wp-block-button__link\" href=\"http:\/\/brest-ecologie.bzh\/?cat=33\" style=\"border-radius:15px\" target=\"_blank\" rel=\"noreferrer noopener\">voir plus<\/a><\/div>\n<\/div>\n<\/div><\/div>\n","protected":false},"excerpt":{"rendered":"<p>Transitions \u00e9cologiques Mettre en \u0153uvre notre ambitieux Plan Climat, organiser une COP26 locale, accompagner les entreprises dans leur transition \u00e9cologique&#8230; Kemmo\u00f9 ekologour Lakaat da dalvezout ar Steu\u00f1v Hin uhel e balio\u00f9 kinniget ganeomp, aoza\u00f1 ur C&rsquo;h\/COP26 lec&rsquo;hel, skoazell ar stalio\u00f9 labour en o c&rsquo;hemm ekologel. Sur ce sujet<\/p>\n","protected":false},"author":2,"featured_media":0,"parent":0,"menu_order":0,"comment_status":"closed","ping_status":"closed","template":"tw-header-transparent-light.php","meta":{"footnotes":""},"class_list":["post-632","page","type-page","status-publish","hentry"],"yoast_head":"<!-- This site is optimized with the Yoast SEO plugin v23.0 - https:\/\/yoast.com\/wordpress\/plugins\/seo\/ -->\n<title>Transitions \u00e9cologiques - Elu\u00b7es \u00e9cologistes Brest<\/title>\n<meta name=\"robots\" content=\"index, follow, max-snippet:-1, max-image-preview:large, max-video-preview:-1\" \/>\n<link rel=\"canonical\" href=\"https:\/\/brest-ecologie.bzh\/?page_id=632\" \/>\n<meta property=\"og:locale\" content=\"fr_FR\" \/>\n<meta property=\"og:type\" content=\"article\" \/>\n<meta property=\"og:title\" content=\"Transitions \u00e9cologiques - Elu\u00b7es \u00e9cologistes Brest\" \/>\n<meta property=\"og:description\" content=\"Transitions \u00e9cologiques Mettre en \u0153uvre notre ambitieux Plan Climat, organiser une COP26 locale, accompagner les entreprises dans leur transition \u00e9cologique&#8230; Kemmo\u00f9 ekologour Lakaat da dalvezout ar Steu\u00f1v Hin uhel e balio\u00f9 kinniget ganeomp, aoza\u00f1 ur C&rsquo;h\/COP26 lec&rsquo;hel, skoazell ar stalio\u00f9 labour en o c&rsquo;hemm ekologel. Sur ce sujet\" \/>\n<meta property=\"og:url\" content=\"https:\/\/brest-ecologie.bzh\/?page_id=632\" \/>\n<meta property=\"og:site_name\" content=\"Elu\u00b7es \u00e9cologistes Brest\" \/>\n<meta property=\"article:publisher\" content=\"https:\/\/www.facebook.com\/Elu.e.sEcoloBrest\" \/>\n<meta property=\"article:modified_time\" content=\"2021-01-21T15:26:06+00:00\" \/>\n<meta name=\"twitter:card\" content=\"summary_large_image\" \/>\n<meta name=\"twitter:site\" content=\"@BrestEcologie\" \/>\n<script type=\"application\/ld+json\" class=\"yoast-schema-graph\">{\"@context\":\"https:\/\/schema.org\",\"@graph\":[{\"@type\":\"WebPage\",\"@id\":\"https:\/\/brest-ecologie.bzh\/?page_id=632\",\"url\":\"https:\/\/brest-ecologie.bzh\/?page_id=632\",\"name\":\"Transitions \u00e9cologiques - Elu\u00b7es \u00e9cologistes Brest\",\"isPartOf\":{\"@id\":\"https:\/\/brest-ecologie.bzh\/#website\"},\"datePublished\":\"2021-01-05T13:29:58+00:00\",\"dateModified\":\"2021-01-21T15:26:06+00:00\",\"breadcrumb\":{\"@id\":\"https:\/\/brest-ecologie.bzh\/?page_id=632#breadcrumb\"},\"inLanguage\":\"fr-FR\",\"potentialAction\":[{\"@type\":\"ReadAction\",\"target\":[\"https:\/\/brest-ecologie.bzh\/?page_id=632\"]}]},{\"@type\":\"BreadcrumbList\",\"@id\":\"https:\/\/brest-ecologie.bzh\/?page_id=632#breadcrumb\",\"itemListElement\":[{\"@type\":\"ListItem\",\"position\":1,\"name\":\"Accueil\",\"item\":\"https:\/\/brest-ecologie.bzh\/\"},{\"@type\":\"ListItem\",\"position\":2,\"name\":\"Transitions \u00e9cologiques\"}]},{\"@type\":\"WebSite\",\"@id\":\"https:\/\/brest-ecologie.bzh\/#website\",\"url\":\"https:\/\/brest-ecologie.bzh\/\",\"name\":\"Elu\u00b7e\u00b7s \u00e9cologistes Brest\",\"description\":\"\",\"publisher\":{\"@id\":\"https:\/\/brest-ecologie.bzh\/#organization\"},\"potentialAction\":[{\"@type\":\"SearchAction\",\"target\":{\"@type\":\"EntryPoint\",\"urlTemplate\":\"https:\/\/brest-ecologie.bzh\/?s={search_term_string}\"},\"query-input\":\"required name=search_term_string\"}],\"inLanguage\":\"fr-FR\"},{\"@type\":\"Organization\",\"@id\":\"https:\/\/brest-ecologie.bzh\/#organization\",\"name\":\"Elu\u00b7e\u00b7s \u00e9cologistes de Brest ville et m\u00e9tropole\",\"url\":\"https:\/\/brest-ecologie.bzh\/\",\"logo\":{\"@type\":\"ImageObject\",\"inLanguage\":\"fr-FR\",\"@id\":\"https:\/\/brest-ecologie.bzh\/#\/schema\/logo\/image\/\",\"url\":\"https:\/\/brest-ecologie.bzh\/wp-content\/uploads\/2021\/02\/logo-elus.png\",\"contentUrl\":\"https:\/\/brest-ecologie.bzh\/wp-content\/uploads\/2021\/02\/logo-elus.png\",\"width\":2300,\"height\":921,\"caption\":\"Elu\u00b7e\u00b7s \u00e9cologistes de Brest ville et m\u00e9tropole\"},\"image\":{\"@id\":\"https:\/\/brest-ecologie.bzh\/#\/schema\/logo\/image\/\"},\"sameAs\":[\"https:\/\/www.facebook.com\/Elu.e.sEcoloBrest\",\"https:\/\/x.com\/BrestEcologie\",\"https:\/\/www.youtube.com\/channel\/UCF26X4ImxDdDiydIKxoA2WA\"]}]}<\/script>\n<!-- \/ Yoast SEO plugin. -->","yoast_head_json":{"title":"Transitions \u00e9cologiques - Elu\u00b7es \u00e9cologistes Brest","robots":{"index":"index","follow":"follow","max-snippet":"max-snippet:-1","max-image-preview":"max-image-preview:large","max-video-preview":"max-video-preview:-1"},"canonical":"https:\/\/brest-ecologie.bzh\/?page_id=632","og_locale":"fr_FR","og_type":"article","og_title":"Transitions \u00e9cologiques - Elu\u00b7es \u00e9cologistes Brest","og_description":"Transitions \u00e9cologiques Mettre en \u0153uvre notre ambitieux Plan Climat, organiser une COP26 locale, accompagner les entreprises dans leur transition \u00e9cologique&#8230; Kemmo\u00f9 ekologour Lakaat da dalvezout ar Steu\u00f1v Hin uhel e balio\u00f9 kinniget ganeomp, aoza\u00f1 ur C&rsquo;h\/COP26 lec&rsquo;hel, skoazell ar stalio\u00f9 labour en o c&rsquo;hemm ekologel. Sur ce sujet","og_url":"https:\/\/brest-ecologie.bzh\/?page_id=632","og_site_name":"Elu\u00b7es \u00e9cologistes Brest","article_publisher":"https:\/\/www.facebook.com\/Elu.e.sEcoloBrest","article_modified_time":"2021-01-21T15:26:06+00:00","twitter_card":"summary_large_image","twitter_site":"@BrestEcologie","schema":{"@context":"https:\/\/schema.org","@graph":[{"@type":"WebPage","@id":"https:\/\/brest-ecologie.bzh\/?page_id=632","url":"https:\/\/brest-ecologie.bzh\/?page_id=632","name":"Transitions \u00e9cologiques - Elu\u00b7es \u00e9cologistes Brest","isPartOf":{"@id":"https:\/\/brest-ecologie.bzh\/#website"},"datePublished":"2021-01-05T13:29:58+00:00","dateModified":"2021-01-21T15:26:06+00:00","breadcrumb":{"@id":"https:\/\/brest-ecologie.bzh\/?page_id=632#breadcrumb"},"inLanguage":"fr-FR","potentialAction":[{"@type":"ReadAction","target":["https:\/\/brest-ecologie.bzh\/?page_id=632"]}]},{"@type":"BreadcrumbList","@id":"https:\/\/brest-ecologie.bzh\/?page_id=632#breadcrumb","itemListElement":[{"@type":"ListItem","position":1,"name":"Accueil","item":"https:\/\/brest-ecologie.bzh\/"},{"@type":"ListItem","position":2,"name":"Transitions \u00e9cologiques"}]},{"@type":"WebSite","@id":"https:\/\/brest-ecologie.bzh\/#website","url":"https:\/\/brest-ecologie.bzh\/","name":"Elu\u00b7e\u00b7s \u00e9cologistes Brest","description":"","publisher":{"@id":"https:\/\/brest-ecologie.bzh\/#organization"},"potentialAction":[{"@type":"SearchAction","target":{"@type":"EntryPoint","urlTemplate":"https:\/\/brest-ecologie.bzh\/?s={search_term_string}"},"query-input":"required name=search_term_string"}],"inLanguage":"fr-FR"},{"@type":"Organization","@id":"https:\/\/brest-ecologie.bzh\/#organization","name":"Elu\u00b7e\u00b7s \u00e9cologistes de Brest ville et m\u00e9tropole","url":"https:\/\/brest-ecologie.bzh\/","logo":{"@type":"ImageObject","inLanguage":"fr-FR","@id":"https:\/\/brest-ecologie.bzh\/#\/schema\/logo\/image\/","url":"https:\/\/brest-ecologie.bzh\/wp-content\/uploads\/2021\/02\/logo-elus.png","contentUrl":"https:\/\/brest-ecologie.bzh\/wp-content\/uploads\/2021\/02\/logo-elus.png","width":2300,"height":921,"caption":"Elu\u00b7e\u00b7s \u00e9cologistes de Brest ville et m\u00e9tropole"},"image":{"@id":"https:\/\/brest-ecologie.bzh\/#\/schema\/logo\/image\/"},"sameAs":["https:\/\/www.facebook.com\/Elu.e.sEcoloBrest","https:\/\/x.com\/BrestEcologie","https:\/\/www.youtube.com\/channel\/UCF26X4ImxDdDiydIKxoA2WA"]}]}},"_links":{"self":[{"href":"https:\/\/brest-ecologie.bzh\/index.php?rest_route=\/wp\/v2\/pages\/632","targetHints":{"allow":["GET"]}}],"collection":[{"href":"https:\/\/brest-ecologie.bzh\/index.php?rest_route=\/wp\/v2\/pages"}],"about":[{"href":"https:\/\/brest-ecologie.bzh\/index.php?rest_route=\/wp\/v2\/types\/page"}],"author":[{"embeddable":true,"href":"https:\/\/brest-ecologie.bzh\/index.php?rest_route=\/wp\/v2\/users\/2"}],"replies":[{"embeddable":true,"href":"https:\/\/brest-ecologie.bzh\/index.php?rest_route=%2Fwp%2Fv2%2Fcomments&post=632"}],"version-history":[{"count":6,"href":"https:\/\/brest-ecologie.bzh\/index.php?rest_route=\/wp\/v2\/pages\/632\/revisions"}],"predecessor-version":[{"id":1272,"href":"https:\/\/brest-ecologie.bzh\/index.php?rest_route=\/wp\/v2\/pages\/632\/revisions\/1272"}],"wp:attachment":[{"href":"https:\/\/brest-ecologie.bzh\/index.php?rest_route=%2Fwp%2Fv2%2Fmedia&parent=632"}],"curies":[{"name":"wp","href":"https:\/\/api.w.org\/{rel}","templated":true}]}}