{"id":698,"date":"2021-01-06T15:45:55","date_gmt":"2021-01-06T14:45:55","guid":{"rendered":"http:\/\/brest-ecologie.bzh\/?page_id=698"},"modified":"2021-01-22T11:17:02","modified_gmt":"2021-01-22T10:17:02","slug":"action-sociale","status":"publish","type":"page","link":"https:\/\/brest-ecologie.bzh\/?page_id=698","title":{"rendered":"Action sociale"},"content":{"rendered":"\n<div class=\"wp-block-cover alignfull has-background-dim-100 has-background-dim\" style=\"background-image:url(http:\/\/brest-ecologie.bzh\/wp-content\/plugins\/twentig\/dist\/images\/patterns\/wide.jpg);background-color:#144523;min-height:500px;aspect-ratio:unset;\"><div class=\"wp-block-cover__inner-container is-layout-flow wp-block-cover-is-layout-flow\">\n<h1 class=\"has-text-align-center wp-block-heading\">Action sociale<\/h1>\n\n\n\n<p class=\"has-text-align-center has-h-2-font-size\"><strong>Labour sokial<\/strong><\/p>\n\n\n\n<p> <\/p>\n<\/div><\/div>\n\n\n\n<h2 class=\"has-text-align-center wp-block-heading\">Nos engagements<\/h2>\n\n\n\n<p class=\"has-text-align-center tw-text-wide\">Conscient\u00b7e\u00b7s que la transition \u00e9cologique est aussi un enjeu de <strong>justice sociale<\/strong>, nous portons un certain nombre de mesures pour am\u00e9liorer celle-ci \u00e0 Brest.<\/p>\n\n\n\n<p class=\"has-text-align-center tw-text-wide\">Pour faciliter l&rsquo;<strong>accession de toutes et tous au logement<\/strong>, nous mettrons en place un <span class=\"has-inline-color has-accent-color\">office foncier solidaire<\/span>, favoriserons la construction de <span class=\"has-inline-color has-accent-color\">nouveaux logements<\/span> et renforcerons les mesures de <span class=\"has-inline-color has-accent-color\">lutte contre l&rsquo;habitat indigne<\/span>.<\/p>\n\n\n\n<p class=\"has-text-align-center tw-text-wide\">Pour que chacun\u00b7e b\u00e9n\u00e9ficie de l&rsquo;accompagnement dont il\u00b7elle a besoin, nous augmenterons le nombre de places d&rsquo;<span class=\"has-inline-color has-accent-color\">h\u00e9bergement au CHRS<\/span> et soutiendrons la <span class=\"has-inline-color has-accent-color\">r\u00e9novation du CCAS<\/span>.<\/p>\n\n\n\n<p class=\"has-text-align-center tw-text-wide\">Pour garantir un niveau de vie d\u00e9cent \u00e0 tou\u00b7te\u00b7s, nous proposerons la cr\u00e9ation d&rsquo;un <span class=\"has-inline-color has-accent-color\">minimum social garanti<\/span> et d&rsquo;un <span class=\"has-inline-color has-accent-color\">revenu universel d&rsquo;existence<\/span> \u00e0 Brest.<\/p>\n\n\n\n<p class=\"has-text-align-center tw-text-wide\">Pour permettre \u00e0 tous les habitant\u00b7e\u00b7s d&rsquo;acc\u00e9der aux services de la collectivit\u00e9, nous repenserons la <span class=\"has-inline-color has-accent-color\">tarification solidaire<\/span> des transports, restaurants scolaires, activit\u00e9s culturelles et autres services.<\/p>\n\n\n\n<div class=\"wp-block-group alignfull has-background-color has-text-color has-background\" style=\"background-color:#144523\"><div class=\"wp-block-group__inner-container is-layout-flow wp-block-group-is-layout-flow\">\n<h2 class=\"has-text-align-center wp-block-heading\">Les actions \u00e0 mener<\/h2>\n\n\n\n<div class=\"wp-block-columns alignwide is-layout-flex wp-container-core-columns-is-layout-28f84493 wp-block-columns-is-layout-flex\">\n<div class=\"wp-block-column is-layout-flow wp-block-column-is-layout-flow\">\n<ul class=\"is-style-tw-arrow wp-block-list\"><li>Proposition 24 : Cr\u00e9er un Office Foncier Solidaire<\/li><li>Proposition 28 : Conforter nos politiques de m\u00e9diation et de pr\u00e9vention<\/li><li>Proposition 34 : Pr\u00e9venir les consommations de drogues et d\u2019alcool<\/li><li>Proposition 79 : Refondre nos tarifications solidaires<\/li><li>Proposition 80 : \u00c9tudier la faisabilit\u00e9 de la gratuit\u00e9 pour les enfants et jeunes de 0 \u00e0 18 ans<\/li><\/ul>\n<\/div>\n\n\n\n<div class=\"wp-block-column is-layout-flow wp-block-column-is-layout-flow\">\n<ul class=\"is-style-tw-arrow wp-block-list\"><li>Proposition 81 : Mettre en place un \u00ab&nbsp;ch\u00e8que eau&nbsp;\u00bb<\/li><li>Proposition 83 : Lancer une \u00e9tude pour exp\u00e9rimenter \u00e0 Brest un \u00ab minimum social garanti&nbsp;\u00bb<\/li><li>Proposition 84 : Contribuer \u00e0 la r\u00e9flexion nationale pour la mise en place d&rsquo;un revenu universel d\u2019existence<\/li><li>Proposition 85 : Poursuivre la politique du logement public<\/li><\/ul>\n<\/div>\n\n\n\n<div class=\"wp-block-column is-layout-flow wp-block-column-is-layout-flow\">\n<ul class=\"is-style-tw-arrow wp-block-list\"><li>Proposition 86 : Lutter contre l\u2019habitat indigne et l\u2019immobilisation de logements<\/li><li>Proposition 87 : Adapter nos r\u00e9ponses d\u2019h\u00e9bergement social et solidaire<\/li><li>Proposition 88 : Rendre effectif l\u2019acc\u00e8s aux droits et rompre l\u2019isolement<\/li><li>Proposition 89 : Conforter l\u2019accueil des plus fragiles en r\u00e9novant le CCAS<\/li><\/ul>\n<\/div>\n<\/div>\n<\/div><\/div>\n\n\n\n<div class=\"wp-block-group alignfull\"><div class=\"wp-block-group__inner-container is-layout-flow wp-block-group-is-layout-flow\">\n<h2 class=\"has-text-align-center wp-block-heading\">Sur ce sujet<\/h2>\n\n\n<ul class=\"wp-block-latest-posts__list is-grid columns-3 has-dates alignwide tw-mt-8 is-style-tw-posts-card tw-img-ratio-3-2 tw-heading-size-medium tw-stretched-link wp-block-latest-posts\"><li><div class=\"wp-block-latest-posts__featured-image\"><img loading=\"lazy\" decoding=\"async\" width=\"580\" height=\"326\" src=\"https:\/\/brest-ecologie.bzh\/wp-content\/uploads\/2026\/02\/250527-Conseil-Municipal-1024x576.jpg\" class=\"attachment-large size-large wp-post-image\" alt=\"Marion Maury conseil municipal du 3 f\u00e9vrier 2026\" style=\"\" srcset=\"https:\/\/brest-ecologie.bzh\/wp-content\/uploads\/2026\/02\/250527-Conseil-Municipal-1024x576.jpg 1024w, https:\/\/brest-ecologie.bzh\/wp-content\/uploads\/2026\/02\/250527-Conseil-Municipal-300x169.jpg 300w, https:\/\/brest-ecologie.bzh\/wp-content\/uploads\/2026\/02\/250527-Conseil-Municipal-768x432.jpg 768w, https:\/\/brest-ecologie.bzh\/wp-content\/uploads\/2026\/02\/250527-Conseil-Municipal-1536x864.jpg 1536w, https:\/\/brest-ecologie.bzh\/wp-content\/uploads\/2026\/02\/250527-Conseil-Municipal-1200x675.jpg 1200w, https:\/\/brest-ecologie.bzh\/wp-content\/uploads\/2026\/02\/250527-Conseil-Municipal-1320x743.jpg 1320w, https:\/\/brest-ecologie.bzh\/wp-content\/uploads\/2026\/02\/250527-Conseil-Municipal.jpg 1920w\" sizes=\"auto, (min-width: 1280px) 378px, (min-width: 1024px) calc(33.33vw - 48px), (min-width: 700px) calc(50vw - 56px), calc(100vw - 40px)\" \/><\/div><a class=\"wp-block-latest-posts__post-title\" href=\"https:\/\/brest-ecologie.bzh\/?p=5153\">Marion Maury &#8211; Fermeture nocturne de passages<\/a><time datetime=\"2026-02-06T15:22:00+01:00\" class=\"wp-block-latest-posts__post-date\">6 f\u00e9vrier 2026<\/time><\/li>\n<li><div class=\"wp-block-latest-posts__featured-image\"><img loading=\"lazy\" decoding=\"async\" width=\"580\" height=\"326\" src=\"https:\/\/brest-ecologie.bzh\/wp-content\/uploads\/2025\/12\/vignette_Allocation_eau-1024x576.jpg\" class=\"attachment-large size-large wp-post-image\" alt=\"Pr\u00e9sentation allocation eau Brest m\u00e9tropole 2026\" style=\"\" srcset=\"https:\/\/brest-ecologie.bzh\/wp-content\/uploads\/2025\/12\/vignette_Allocation_eau-1024x576.jpg 1024w, https:\/\/brest-ecologie.bzh\/wp-content\/uploads\/2025\/12\/vignette_Allocation_eau-300x169.jpg 300w, https:\/\/brest-ecologie.bzh\/wp-content\/uploads\/2025\/12\/vignette_Allocation_eau-768x432.jpg 768w, https:\/\/brest-ecologie.bzh\/wp-content\/uploads\/2025\/12\/vignette_Allocation_eau-1536x864.jpg 1536w, https:\/\/brest-ecologie.bzh\/wp-content\/uploads\/2025\/12\/vignette_Allocation_eau-1200x675.jpg 1200w, https:\/\/brest-ecologie.bzh\/wp-content\/uploads\/2025\/12\/vignette_Allocation_eau-1320x743.jpg 1320w, https:\/\/brest-ecologie.bzh\/wp-content\/uploads\/2025\/12\/vignette_Allocation_eau.jpg 1920w\" sizes=\"auto, (min-width: 1280px) 378px, (min-width: 1024px) calc(33.33vw - 48px), (min-width: 700px) calc(50vw - 56px), calc(100vw - 40px)\" \/><\/div><a class=\"wp-block-latest-posts__post-title\" href=\"https:\/\/brest-ecologie.bzh\/?p=5105\">Nathalie Chaline &#8211; Allocation Eau pour 2026<\/a><time datetime=\"2025-12-30T16:55:24+01:00\" class=\"wp-block-latest-posts__post-date\">30 d\u00e9cembre 2025<\/time><\/li>\n<li><div class=\"wp-block-latest-posts__featured-image\"><img loading=\"lazy\" decoding=\"async\" width=\"473\" height=\"486\" src=\"https:\/\/brest-ecologie.bzh\/wp-content\/uploads\/2025\/10\/Credit-Municipal.png\" class=\"attachment-large size-large wp-post-image\" alt=\"cr\u00e9dit municipal Brest Marion Maury\" style=\"\" srcset=\"https:\/\/brest-ecologie.bzh\/wp-content\/uploads\/2025\/10\/Credit-Municipal.png 473w, https:\/\/brest-ecologie.bzh\/wp-content\/uploads\/2025\/10\/Credit-Municipal-292x300.png 292w\" sizes=\"auto, (min-width: 1280px) 378px, (min-width: 1024px) calc(33.33vw - 48px), (min-width: 700px) calc(50vw - 56px), calc(100vw - 40px)\" \/><\/div><a class=\"wp-block-latest-posts__post-title\" href=\"https:\/\/brest-ecologie.bzh\/?p=4992\">Le Cr\u00e9dit Municipal est arriv\u00e9 \u00e0 Brest<\/a><time datetime=\"2025-10-28T16:04:20+01:00\" class=\"wp-block-latest-posts__post-date\">28 octobre 2025<\/time><\/li>\n<li><div class=\"wp-block-latest-posts__featured-image\"><img loading=\"lazy\" decoding=\"async\" width=\"580\" height=\"695\" src=\"https:\/\/brest-ecologie.bzh\/wp-content\/uploads\/2025\/10\/Sillage-octobre.png\" class=\"attachment-large size-large wp-post-image\" alt=\"\" style=\"\" srcset=\"https:\/\/brest-ecologie.bzh\/wp-content\/uploads\/2025\/10\/Sillage-octobre.png 607w, https:\/\/brest-ecologie.bzh\/wp-content\/uploads\/2025\/10\/Sillage-octobre-250x300.png 250w\" sizes=\"auto, (min-width: 1280px) 378px, (min-width: 1024px) calc(33.33vw - 48px), (min-width: 700px) calc(50vw - 56px), calc(100vw - 40px)\" \/><\/div><a class=\"wp-block-latest-posts__post-title\" href=\"https:\/\/brest-ecologie.bzh\/?p=4906\">Octobre rose : changeons de strat\u00e9gie pour lutter contre le cancer du sein<\/a><time datetime=\"2025-10-21T12:45:14+02:00\" class=\"wp-block-latest-posts__post-date\">21 octobre 2025<\/time><\/li>\n<li><div class=\"wp-block-latest-posts__featured-image\"><img loading=\"lazy\" decoding=\"async\" width=\"580\" height=\"363\" src=\"https:\/\/brest-ecologie.bzh\/wp-content\/uploads\/2025\/07\/projet-territorial-solidarites-photo-telegramme-2022.png\" class=\"attachment-large size-large wp-post-image\" alt=\"projet territorial des solidarit\u00e9s - lancement photo le T\u00e9l\u00e9gramme\" style=\"\" srcset=\"https:\/\/brest-ecologie.bzh\/wp-content\/uploads\/2025\/07\/projet-territorial-solidarites-photo-telegramme-2022.png 960w, https:\/\/brest-ecologie.bzh\/wp-content\/uploads\/2025\/07\/projet-territorial-solidarites-photo-telegramme-2022-300x188.png 300w, https:\/\/brest-ecologie.bzh\/wp-content\/uploads\/2025\/07\/projet-territorial-solidarites-photo-telegramme-2022-768x480.png 768w\" sizes=\"auto, (min-width: 1280px) 378px, (min-width: 1024px) calc(33.33vw - 48px), (min-width: 700px) calc(50vw - 56px), calc(100vw - 40px)\" \/><\/div><a class=\"wp-block-latest-posts__post-title\" href=\"https:\/\/brest-ecologie.bzh\/?p=4876\">Pr\u00e9sentation du projet Territorial des solidarit\u00e9s<\/a><time datetime=\"2025-07-25T17:00:30+02:00\" class=\"wp-block-latest-posts__post-date\">25 juillet 2025<\/time><\/li>\n<li><div class=\"wp-block-latest-posts__featured-image\"><img loading=\"lazy\" decoding=\"async\" width=\"580\" height=\"326\" src=\"https:\/\/brest-ecologie.bzh\/wp-content\/uploads\/2025\/07\/250701_video_debut_Propos-1024x576.jpg\" class=\"attachment-large size-large wp-post-image\" alt=\"propos liminaire Marion Maury\" style=\"\" srcset=\"https:\/\/brest-ecologie.bzh\/wp-content\/uploads\/2025\/07\/250701_video_debut_Propos-1024x576.jpg 1024w, https:\/\/brest-ecologie.bzh\/wp-content\/uploads\/2025\/07\/250701_video_debut_Propos-300x169.jpg 300w, https:\/\/brest-ecologie.bzh\/wp-content\/uploads\/2025\/07\/250701_video_debut_Propos-768x432.jpg 768w, https:\/\/brest-ecologie.bzh\/wp-content\/uploads\/2025\/07\/250701_video_debut_Propos-1536x864.jpg 1536w, https:\/\/brest-ecologie.bzh\/wp-content\/uploads\/2025\/07\/250701_video_debut_Propos-1200x675.jpg 1200w, https:\/\/brest-ecologie.bzh\/wp-content\/uploads\/2025\/07\/250701_video_debut_Propos-1320x743.jpg 1320w, https:\/\/brest-ecologie.bzh\/wp-content\/uploads\/2025\/07\/250701_video_debut_Propos.jpg 1920w\" sizes=\"auto, (min-width: 1280px) 378px, (min-width: 1024px) calc(33.33vw - 48px), (min-width: 700px) calc(50vw - 56px), calc(100vw - 40px)\" \/><\/div><a class=\"wp-block-latest-posts__post-title\" href=\"https:\/\/brest-ecologie.bzh\/?p=4799\">Marion Maury &#8211; Propos Liminaire<\/a><time datetime=\"2025-07-08T16:51:04+02:00\" class=\"wp-block-latest-posts__post-date\">8 juillet 2025<\/time><\/li>\n<\/ul><\/div><\/div>\n\n\n\n<div class=\"wp-block-buttons aligncenter is-layout-flex wp-block-buttons-is-layout-flex\">\n<div class=\"wp-block-button\"><a class=\"wp-block-button__link\" href=\"https:\/\/brest-ecologie.bzh\/?cat=48\" target=\"_blank\" rel=\"noreferrer noopener\">voir plus<\/a><\/div>\n<\/div>\n","protected":false},"excerpt":{"rendered":"<p>Nos engagements Conscient\u00b7e\u00b7s que la transition \u00e9cologique est aussi un enjeu de justice sociale, nous portons un certain nombre de mesures pour am\u00e9liorer celle-ci \u00e0 Brest. Pour faciliter l&rsquo;accession de toutes et tous au logement, nous mettrons en place un office foncier solidaire, favoriserons la construction de nouveaux logements et renforcerons les mesures de lutte&hellip;<\/p>\n","protected":false},"author":1,"featured_media":0,"parent":53,"menu_order":0,"comment_status":"closed","ping_status":"closed","template":"tw-header-transparent-light.php","meta":{"footnotes":""},"class_list":["post-698","page","type-page","status-publish","hentry"],"yoast_head":"<!-- This site is optimized with the Yoast SEO plugin v23.0 - https:\/\/yoast.com\/wordpress\/plugins\/seo\/ -->\n<title>Action sociale - Elu\u00b7es \u00e9cologistes Brest<\/title>\n<meta name=\"robots\" content=\"index, follow, max-snippet:-1, max-image-preview:large, max-video-preview:-1\" \/>\n<link rel=\"canonical\" href=\"https:\/\/brest-ecologie.bzh\/?page_id=698\" \/>\n<meta property=\"og:locale\" content=\"fr_FR\" \/>\n<meta property=\"og:type\" content=\"article\" \/>\n<meta property=\"og:title\" content=\"Action sociale - Elu\u00b7es \u00e9cologistes Brest\" \/>\n<meta property=\"og:description\" content=\"Nos engagements Conscient\u00b7e\u00b7s que la transition \u00e9cologique est aussi un enjeu de justice sociale, nous portons un certain nombre de mesures pour am\u00e9liorer celle-ci \u00e0 Brest. Pour faciliter l&rsquo;accession de toutes et tous au logement, nous mettrons en place un office foncier solidaire, favoriserons la construction de nouveaux logements et renforcerons les mesures de lutte&hellip;\" \/>\n<meta property=\"og:url\" content=\"https:\/\/brest-ecologie.bzh\/?page_id=698\" \/>\n<meta property=\"og:site_name\" content=\"Elu\u00b7es \u00e9cologistes Brest\" \/>\n<meta property=\"article:publisher\" content=\"https:\/\/www.facebook.com\/Elu.e.sEcoloBrest\" \/>\n<meta property=\"article:modified_time\" content=\"2021-01-22T10:17:02+00:00\" \/>\n<meta name=\"twitter:card\" content=\"summary_large_image\" \/>\n<meta name=\"twitter:site\" content=\"@BrestEcologie\" \/>\n<meta name=\"twitter:label1\" content=\"Dur\u00e9e de lecture estim\u00e9e\" \/>\n\t<meta name=\"twitter:data1\" content=\"1 minute\" \/>\n<script type=\"application\/ld+json\" class=\"yoast-schema-graph\">{\"@context\":\"https:\/\/schema.org\",\"@graph\":[{\"@type\":\"WebPage\",\"@id\":\"https:\/\/brest-ecologie.bzh\/?page_id=698\",\"url\":\"https:\/\/brest-ecologie.bzh\/?page_id=698\",\"name\":\"Action sociale - Elu\u00b7es \u00e9cologistes Brest\",\"isPartOf\":{\"@id\":\"https:\/\/brest-ecologie.bzh\/#website\"},\"datePublished\":\"2021-01-06T14:45:55+00:00\",\"dateModified\":\"2021-01-22T10:17:02+00:00\",\"breadcrumb\":{\"@id\":\"https:\/\/brest-ecologie.bzh\/?page_id=698#breadcrumb\"},\"inLanguage\":\"fr-FR\",\"potentialAction\":[{\"@type\":\"ReadAction\",\"target\":[\"https:\/\/brest-ecologie.bzh\/?page_id=698\"]}]},{\"@type\":\"BreadcrumbList\",\"@id\":\"https:\/\/brest-ecologie.bzh\/?page_id=698#breadcrumb\",\"itemListElement\":[{\"@type\":\"ListItem\",\"position\":1,\"name\":\"Accueil\",\"item\":\"https:\/\/brest-ecologie.bzh\/\"},{\"@type\":\"ListItem\",\"position\":2,\"name\":\"Programme\",\"item\":\"https:\/\/brest-ecologie.bzh\/?page_id=53\"},{\"@type\":\"ListItem\",\"position\":3,\"name\":\"Action sociale\"}]},{\"@type\":\"WebSite\",\"@id\":\"https:\/\/brest-ecologie.bzh\/#website\",\"url\":\"https:\/\/brest-ecologie.bzh\/\",\"name\":\"Elu\u00b7e\u00b7s \u00e9cologistes Brest\",\"description\":\"\",\"publisher\":{\"@id\":\"https:\/\/brest-ecologie.bzh\/#organization\"},\"potentialAction\":[{\"@type\":\"SearchAction\",\"target\":{\"@type\":\"EntryPoint\",\"urlTemplate\":\"https:\/\/brest-ecologie.bzh\/?s={search_term_string}\"},\"query-input\":\"required name=search_term_string\"}],\"inLanguage\":\"fr-FR\"},{\"@type\":\"Organization\",\"@id\":\"https:\/\/brest-ecologie.bzh\/#organization\",\"name\":\"Elu\u00b7e\u00b7s \u00e9cologistes de Brest ville et m\u00e9tropole\",\"url\":\"https:\/\/brest-ecologie.bzh\/\",\"logo\":{\"@type\":\"ImageObject\",\"inLanguage\":\"fr-FR\",\"@id\":\"https:\/\/brest-ecologie.bzh\/#\/schema\/logo\/image\/\",\"url\":\"https:\/\/brest-ecologie.bzh\/wp-content\/uploads\/2021\/02\/logo-elus.png\",\"contentUrl\":\"https:\/\/brest-ecologie.bzh\/wp-content\/uploads\/2021\/02\/logo-elus.png\",\"width\":2300,\"height\":921,\"caption\":\"Elu\u00b7e\u00b7s \u00e9cologistes de Brest ville et m\u00e9tropole\"},\"image\":{\"@id\":\"https:\/\/brest-ecologie.bzh\/#\/schema\/logo\/image\/\"},\"sameAs\":[\"https:\/\/www.facebook.com\/Elu.e.sEcoloBrest\",\"https:\/\/x.com\/BrestEcologie\",\"https:\/\/www.youtube.com\/channel\/UCF26X4ImxDdDiydIKxoA2WA\"]}]}<\/script>\n<!-- \/ Yoast SEO plugin. -->","yoast_head_json":{"title":"Action sociale - Elu\u00b7es \u00e9cologistes Brest","robots":{"index":"index","follow":"follow","max-snippet":"max-snippet:-1","max-image-preview":"max-image-preview:large","max-video-preview":"max-video-preview:-1"},"canonical":"https:\/\/brest-ecologie.bzh\/?page_id=698","og_locale":"fr_FR","og_type":"article","og_title":"Action sociale - Elu\u00b7es \u00e9cologistes Brest","og_description":"Nos engagements Conscient\u00b7e\u00b7s que la transition \u00e9cologique est aussi un enjeu de justice sociale, nous portons un certain nombre de mesures pour am\u00e9liorer celle-ci \u00e0 Brest. Pour faciliter l&rsquo;accession de toutes et tous au logement, nous mettrons en place un office foncier solidaire, favoriserons la construction de nouveaux logements et renforcerons les mesures de lutte&hellip;","og_url":"https:\/\/brest-ecologie.bzh\/?page_id=698","og_site_name":"Elu\u00b7es \u00e9cologistes Brest","article_publisher":"https:\/\/www.facebook.com\/Elu.e.sEcoloBrest","article_modified_time":"2021-01-22T10:17:02+00:00","twitter_card":"summary_large_image","twitter_site":"@BrestEcologie","twitter_misc":{"Dur\u00e9e de lecture estim\u00e9e":"1 minute"},"schema":{"@context":"https:\/\/schema.org","@graph":[{"@type":"WebPage","@id":"https:\/\/brest-ecologie.bzh\/?page_id=698","url":"https:\/\/brest-ecologie.bzh\/?page_id=698","name":"Action sociale - Elu\u00b7es \u00e9cologistes Brest","isPartOf":{"@id":"https:\/\/brest-ecologie.bzh\/#website"},"datePublished":"2021-01-06T14:45:55+00:00","dateModified":"2021-01-22T10:17:02+00:00","breadcrumb":{"@id":"https:\/\/brest-ecologie.bzh\/?page_id=698#breadcrumb"},"inLanguage":"fr-FR","potentialAction":[{"@type":"ReadAction","target":["https:\/\/brest-ecologie.bzh\/?page_id=698"]}]},{"@type":"BreadcrumbList","@id":"https:\/\/brest-ecologie.bzh\/?page_id=698#breadcrumb","itemListElement":[{"@type":"ListItem","position":1,"name":"Accueil","item":"https:\/\/brest-ecologie.bzh\/"},{"@type":"ListItem","position":2,"name":"Programme","item":"https:\/\/brest-ecologie.bzh\/?page_id=53"},{"@type":"ListItem","position":3,"name":"Action sociale"}]},{"@type":"WebSite","@id":"https:\/\/brest-ecologie.bzh\/#website","url":"https:\/\/brest-ecologie.bzh\/","name":"Elu\u00b7e\u00b7s \u00e9cologistes Brest","description":"","publisher":{"@id":"https:\/\/brest-ecologie.bzh\/#organization"},"potentialAction":[{"@type":"SearchAction","target":{"@type":"EntryPoint","urlTemplate":"https:\/\/brest-ecologie.bzh\/?s={search_term_string}"},"query-input":"required name=search_term_string"}],"inLanguage":"fr-FR"},{"@type":"Organization","@id":"https:\/\/brest-ecologie.bzh\/#organization","name":"Elu\u00b7e\u00b7s \u00e9cologistes de Brest ville et m\u00e9tropole","url":"https:\/\/brest-ecologie.bzh\/","logo":{"@type":"ImageObject","inLanguage":"fr-FR","@id":"https:\/\/brest-ecologie.bzh\/#\/schema\/logo\/image\/","url":"https:\/\/brest-ecologie.bzh\/wp-content\/uploads\/2021\/02\/logo-elus.png","contentUrl":"https:\/\/brest-ecologie.bzh\/wp-content\/uploads\/2021\/02\/logo-elus.png","width":2300,"height":921,"caption":"Elu\u00b7e\u00b7s \u00e9cologistes de Brest ville et m\u00e9tropole"},"image":{"@id":"https:\/\/brest-ecologie.bzh\/#\/schema\/logo\/image\/"},"sameAs":["https:\/\/www.facebook.com\/Elu.e.sEcoloBrest","https:\/\/x.com\/BrestEcologie","https:\/\/www.youtube.com\/channel\/UCF26X4ImxDdDiydIKxoA2WA"]}]}},"_links":{"self":[{"href":"https:\/\/brest-ecologie.bzh\/index.php?rest_route=\/wp\/v2\/pages\/698","targetHints":{"allow":["GET"]}}],"collection":[{"href":"https:\/\/brest-ecologie.bzh\/index.php?rest_route=\/wp\/v2\/pages"}],"about":[{"href":"https:\/\/brest-ecologie.bzh\/index.php?rest_route=\/wp\/v2\/types\/page"}],"author":[{"embeddable":true,"href":"https:\/\/brest-ecologie.bzh\/index.php?rest_route=\/wp\/v2\/users\/1"}],"replies":[{"embeddable":true,"href":"https:\/\/brest-ecologie.bzh\/index.php?rest_route=%2Fwp%2Fv2%2Fcomments&post=698"}],"version-history":[{"count":7,"href":"https:\/\/brest-ecologie.bzh\/index.php?rest_route=\/wp\/v2\/pages\/698\/revisions"}],"predecessor-version":[{"id":1336,"href":"https:\/\/brest-ecologie.bzh\/index.php?rest_route=\/wp\/v2\/pages\/698\/revisions\/1336"}],"up":[{"embeddable":true,"href":"https:\/\/brest-ecologie.bzh\/index.php?rest_route=\/wp\/v2\/pages\/53"}],"wp:attachment":[{"href":"https:\/\/brest-ecologie.bzh\/index.php?rest_route=%2Fwp%2Fv2%2Fmedia&parent=698"}],"curies":[{"name":"wp","href":"https:\/\/api.w.org\/{rel}","templated":true}]}}