{"id":702,"date":"2021-01-06T16:15:43","date_gmt":"2021-01-06T15:15:43","guid":{"rendered":"http:\/\/brest-ecologie.bzh\/?page_id=702"},"modified":"2021-01-22T11:22:08","modified_gmt":"2021-01-22T10:22:08","slug":"nature-en-ville","status":"publish","type":"page","link":"https:\/\/brest-ecologie.bzh\/?page_id=702","title":{"rendered":"Nature en ville"},"content":{"rendered":"\n<div class=\"wp-block-cover alignfull has-background-dim-100 has-background-dim\" style=\"background-image:url(http:\/\/brest-ecologie.bzh\/wp-content\/plugins\/twentig\/dist\/images\/patterns\/wide.jpg);background-color:#144523;min-height:500px;aspect-ratio:unset;\"><div class=\"wp-block-cover__inner-container is-layout-flow wp-block-cover-is-layout-flow\">\n<h1 class=\"has-text-align-center wp-block-heading\">Nature en ville<\/h1>\n\n\n\n<p class=\"has-text-align-center has-h-2-font-size\"><strong>Natur e k\u00ear<\/strong><\/p>\n<\/div><\/div>\n\n\n\n<h2 class=\"has-text-align-center wp-block-heading\">Nos engagements<\/h2>\n\n\n\n<p class=\"has-text-align-center tw-text-wide\">Pour r\u00e9introduire la nature en ville, de nouveaux <strong>jardins partag\u00e9s et ouvriers <\/strong>seront cr\u00e9\u00e9s.<\/p>\n\n\n\n<p class=\"has-text-align-center tw-text-wide\">Les <span class=\"has-inline-color has-accent-color\">corniches<\/span>, les <span class=\"has-inline-color has-accent-color\">valons<\/span> et les <span class=\"has-inline-color has-accent-color\">falaises<\/span> seront valoris\u00e9s.<\/p>\n\n\n\n<p class=\"has-text-align-center tw-text-wide\">Des <strong>\u00eelots de verdure et de biodiversit\u00e9<\/strong> seront cr\u00e9\u00e9s. Les toits des abribus et de certains b\u00e2timents seront <strong>v\u00e9g\u00e9talis\u00e9s<\/strong>.<\/p>\n\n\n\n<p class=\"has-text-align-center tw-text-wide\">Des <strong>permis de v\u00e9g\u00e9taliser<\/strong> permettront \u00e0 chacun\u00b7e d\u2019inviter la nature dans son quartier.<\/p>\n\n\n\n<p class=\"has-text-align-center tw-text-wide\">La cr\u00e9ation de <strong>for\u00eats urbaines participatives<\/strong> dans les cours de r\u00e9cr\u00e9ation permettra aux enfants de b\u00e9n\u00e9ficier d\u2019un environnement naturel au quotidien.<\/p>\n\n\n\n<p class=\"has-text-align-center tw-text-wide\">D\u2019autres mesures consisteront notamment \u00e0 <strong>perm\u00e9abiliser<\/strong> le tissu urbain et \u00e0 favoriser les <strong>mobilit\u00e9s douces<\/strong> dans les espaces naturels.<\/p>\n\n\n\n<div class=\"wp-block-group alignfull has-background-color has-text-color has-background\" style=\"background-color:#144523\"><div class=\"wp-block-group__inner-container is-layout-flow wp-block-group-is-layout-flow\">\n<h2 class=\"has-text-align-center wp-block-heading\">Les actions \u00e0 mener<\/h2>\n\n\n\n<div class=\"wp-block-columns alignwide is-layout-flex wp-container-core-columns-is-layout-28f84493 wp-block-columns-is-layout-flex\">\n<div class=\"wp-block-column is-layout-flow wp-block-column-is-layout-flow\">\n<ul class=\"is-style-tw-arrow wp-block-list\"><li>Proposition 14 : Installer de nouveaux jardins partag\u00e9s et des jardins ouvriers dans les quartiers<\/li><li>Proposition 15 : Valoriser les corniches<\/li><\/ul>\n<\/div>\n\n\n\n<div class=\"wp-block-column is-layout-flow wp-block-column-is-layout-flow\">\n<ul class=\"is-style-tw-arrow wp-block-list\"><li>Proposition 16 : Cr\u00e9er une gare-belv\u00e9d\u00e8re ouverte sur le port et la rade<\/li><li>Proposition 17 : Redonner \u00e0 la place de la Libert\u00e9 sa fonction d\u2019agora<\/li><li>Proposition 18 : Mieux habiter le c\u0153ur de Brest<\/li><\/ul>\n<\/div>\n\n\n\n<div class=\"wp-block-column is-layout-flow wp-block-column-is-layout-flow\">\n<ul class=\"is-style-tw-arrow wp-block-list\"><li>Proposition 19 : Valoriser notre patrimoine naturel<\/li><li>Proposition 20 : Renaturer la ville<\/li><li>Proposition 21 : Mesurer et am\u00e9liorer la qualit\u00e9 de l\u2019air<\/li><\/ul>\n<\/div>\n<\/div>\n<\/div><\/div>\n\n\n\n<div class=\"wp-block-group alignfull\"><div class=\"wp-block-group__inner-container is-layout-flow wp-block-group-is-layout-flow\">\n<h2 class=\"has-text-align-center wp-block-heading\">Sur ce sujet<\/h2>\n\n\n<ul class=\"wp-block-latest-posts__list is-grid columns-3 has-dates alignwide tw-mt-8 is-style-tw-posts-card tw-img-ratio-3-2 tw-heading-size-medium tw-stretched-link wp-block-latest-posts\"><li><div class=\"wp-block-latest-posts__featured-image\"><img loading=\"lazy\" decoding=\"async\" width=\"580\" height=\"435\" src=\"https:\/\/brest-ecologie.bzh\/wp-content\/uploads\/2026\/03\/kertatupage_parc-inondable_credits-1-1024x768.png\" class=\"attachment-large size-large wp-post-image\" alt=\"\" style=\"\" srcset=\"https:\/\/brest-ecologie.bzh\/wp-content\/uploads\/2026\/03\/kertatupage_parc-inondable_credits-1-1024x768.png 1024w, https:\/\/brest-ecologie.bzh\/wp-content\/uploads\/2026\/03\/kertatupage_parc-inondable_credits-1-300x225.png 300w, https:\/\/brest-ecologie.bzh\/wp-content\/uploads\/2026\/03\/kertatupage_parc-inondable_credits-1-768x576.png 768w, https:\/\/brest-ecologie.bzh\/wp-content\/uploads\/2026\/03\/kertatupage_parc-inondable_credits-1-1200x900.png 1200w, https:\/\/brest-ecologie.bzh\/wp-content\/uploads\/2026\/03\/kertatupage_parc-inondable_credits-1.png 1229w\" sizes=\"auto, (min-width: 1280px) 378px, (min-width: 1024px) calc(33.33vw - 48px), (min-width: 700px) calc(50vw - 56px), calc(100vw - 40px)\" \/><\/div><a class=\"wp-block-latest-posts__post-title\" href=\"https:\/\/brest-ecologie.bzh\/?p=5160\">Bassin de Kertatupage : un exemple d&rsquo;adaptation<\/a><time datetime=\"2026-03-05T11:30:38+01:00\" class=\"wp-block-latest-posts__post-date\">5 mars 2026<\/time><\/li>\n<li><div class=\"wp-block-latest-posts__featured-image\"><img loading=\"lazy\" decoding=\"async\" width=\"311\" height=\"370\" src=\"https:\/\/brest-ecologie.bzh\/wp-content\/uploads\/2025\/07\/Sillage_Juin_Aout_2025.png\" class=\"attachment-large size-large wp-post-image\" alt=\"couverture sillage \u00e9t\u00e9 2025\" style=\"\" srcset=\"https:\/\/brest-ecologie.bzh\/wp-content\/uploads\/2025\/07\/Sillage_Juin_Aout_2025.png 311w, https:\/\/brest-ecologie.bzh\/wp-content\/uploads\/2025\/07\/Sillage_Juin_Aout_2025-252x300.png 252w\" sizes=\"auto, (min-width: 1280px) 378px, (min-width: 1024px) calc(33.33vw - 48px), (min-width: 700px) calc(50vw - 56px), calc(100vw - 40px)\" \/><\/div><a class=\"wp-block-latest-posts__post-title\" href=\"https:\/\/brest-ecologie.bzh\/?p=4825\">En \u00e9t\u00e9 et toute l&rsquo;ann\u00e9e : l&rsquo;acc\u00e8s \u00e0 la nature en ville doit \u00eatre une priorit\u00e9<\/a><time datetime=\"2025-07-10T11:58:03+02:00\" class=\"wp-block-latest-posts__post-date\">10 juillet 2025<\/time><\/li>\n<li><div class=\"wp-block-latest-posts__featured-image\"><img loading=\"lazy\" decoding=\"async\" width=\"580\" height=\"326\" src=\"https:\/\/brest-ecologie.bzh\/wp-content\/uploads\/2025\/07\/250701_Vignette_Nath-1024x576.jpg\" class=\"attachment-large size-large wp-post-image\" alt=\"Nathalie Chaline pr\u00e9sente la d\u00e9lib\u00e9ration relative \u00e0 la gestion des jardins partag\u00e9s et de l&#039;exp\u00e9rimentation de caisse alimentaire A table !\" style=\"\" srcset=\"https:\/\/brest-ecologie.bzh\/wp-content\/uploads\/2025\/07\/250701_Vignette_Nath-1024x576.jpg 1024w, https:\/\/brest-ecologie.bzh\/wp-content\/uploads\/2025\/07\/250701_Vignette_Nath-300x169.jpg 300w, https:\/\/brest-ecologie.bzh\/wp-content\/uploads\/2025\/07\/250701_Vignette_Nath-768x432.jpg 768w, https:\/\/brest-ecologie.bzh\/wp-content\/uploads\/2025\/07\/250701_Vignette_Nath-1536x864.jpg 1536w, https:\/\/brest-ecologie.bzh\/wp-content\/uploads\/2025\/07\/250701_Vignette_Nath-1200x675.jpg 1200w, https:\/\/brest-ecologie.bzh\/wp-content\/uploads\/2025\/07\/250701_Vignette_Nath-1320x743.jpg 1320w, https:\/\/brest-ecologie.bzh\/wp-content\/uploads\/2025\/07\/250701_Vignette_Nath.jpg 1920w\" sizes=\"auto, (min-width: 1280px) 378px, (min-width: 1024px) calc(33.33vw - 48px), (min-width: 700px) calc(50vw - 56px), calc(100vw - 40px)\" \/><\/div><a class=\"wp-block-latest-posts__post-title\" href=\"https:\/\/brest-ecologie.bzh\/?p=4809\">Nathalie Chaline &#8211; Subvention \u00e0 Vert Le Jardin<\/a><time datetime=\"2025-07-08T17:59:46+02:00\" class=\"wp-block-latest-posts__post-date\">8 juillet 2025<\/time><\/li>\n<li><div class=\"wp-block-latest-posts__featured-image\"><img loading=\"lazy\" decoding=\"async\" width=\"580\" height=\"773\" src=\"https:\/\/brest-ecologie.bzh\/wp-content\/uploads\/2024\/10\/IMG_20240530_131103969-768x1024.jpg\" class=\"attachment-large size-large wp-post-image\" alt=\"&quot;Des Fleurs dans ma rue&quot;, le jardinet des Bocaux d&#039;Anna\" style=\"\" srcset=\"https:\/\/brest-ecologie.bzh\/wp-content\/uploads\/2024\/10\/IMG_20240530_131103969-768x1024.jpg 768w, https:\/\/brest-ecologie.bzh\/wp-content\/uploads\/2024\/10\/IMG_20240530_131103969-225x300.jpg 225w, https:\/\/brest-ecologie.bzh\/wp-content\/uploads\/2024\/10\/IMG_20240530_131103969-1152x1536.jpg 1152w, https:\/\/brest-ecologie.bzh\/wp-content\/uploads\/2024\/10\/IMG_20240530_131103969-1536x2048.jpg 1536w, https:\/\/brest-ecologie.bzh\/wp-content\/uploads\/2024\/10\/IMG_20240530_131103969-1200x1600.jpg 1200w, https:\/\/brest-ecologie.bzh\/wp-content\/uploads\/2024\/10\/IMG_20240530_131103969-1980x2640.jpg 1980w, https:\/\/brest-ecologie.bzh\/wp-content\/uploads\/2024\/10\/IMG_20240530_131103969-1320x1760.jpg 1320w, https:\/\/brest-ecologie.bzh\/wp-content\/uploads\/2024\/10\/IMG_20240530_131103969-scaled.jpg 1920w\" sizes=\"auto, (min-width: 1280px) 378px, (min-width: 1024px) calc(33.33vw - 48px), (min-width: 700px) calc(50vw - 56px), calc(100vw - 40px)\" \/><\/div><a class=\"wp-block-latest-posts__post-title\" href=\"https:\/\/brest-ecologie.bzh\/?p=4597\">\u00ab\u00a0Des fleurs dans ma rue\u00a0\u00bb font parler d&rsquo;elles<\/a><time datetime=\"2024-10-28T13:22:03+01:00\" class=\"wp-block-latest-posts__post-date\">28 octobre 2024<\/time><\/li>\n<li><div class=\"wp-block-latest-posts__featured-image\"><img loading=\"lazy\" decoding=\"async\" width=\"580\" height=\"773\" src=\"https:\/\/brest-ecologie.bzh\/wp-content\/uploads\/2024\/06\/IMG_0786-768x1024.jpg\" class=\"attachment-large size-large wp-post-image\" alt=\"\" style=\"\" srcset=\"https:\/\/brest-ecologie.bzh\/wp-content\/uploads\/2024\/06\/IMG_0786-768x1024.jpg 768w, https:\/\/brest-ecologie.bzh\/wp-content\/uploads\/2024\/06\/IMG_0786-225x300.jpg 225w, https:\/\/brest-ecologie.bzh\/wp-content\/uploads\/2024\/06\/IMG_0786-1152x1536.jpg 1152w, https:\/\/brest-ecologie.bzh\/wp-content\/uploads\/2024\/06\/IMG_0786-1536x2048.jpg 1536w, https:\/\/brest-ecologie.bzh\/wp-content\/uploads\/2024\/06\/IMG_0786-1200x1600.jpg 1200w, https:\/\/brest-ecologie.bzh\/wp-content\/uploads\/2024\/06\/IMG_0786-1980x2640.jpg 1980w, https:\/\/brest-ecologie.bzh\/wp-content\/uploads\/2024\/06\/IMG_0786-1320x1760.jpg 1320w, https:\/\/brest-ecologie.bzh\/wp-content\/uploads\/2024\/06\/IMG_0786-scaled.jpg 1920w\" sizes=\"auto, (min-width: 1280px) 378px, (min-width: 1024px) calc(33.33vw - 48px), (min-width: 700px) calc(50vw - 56px), calc(100vw - 40px)\" \/><\/div><a class=\"wp-block-latest-posts__post-title\" href=\"https:\/\/brest-ecologie.bzh\/?p=4376\">Permis de v\u00e9g\u00e9taliser : partager les enjeux et exp\u00e9rimenter au quartier de l&rsquo;Europe<\/a><time datetime=\"2024-06-13T12:30:33+02:00\" class=\"wp-block-latest-posts__post-date\">13 juin 2024<\/time><\/li>\n<li><div class=\"wp-block-latest-posts__featured-image\"><img loading=\"lazy\" decoding=\"async\" width=\"580\" height=\"823\" src=\"https:\/\/brest-ecologie.bzh\/wp-content\/uploads\/2024\/06\/436221541_749058397405766_7492083422651671691_n-722x1024.jpeg\" class=\"attachment-large size-large wp-post-image\" alt=\"&quot;Des fleurs dans ma rue !&quot; D\u00e9marche participative de Brest M\u00e9tropole et Ville de Brest\" style=\"\" srcset=\"https:\/\/brest-ecologie.bzh\/wp-content\/uploads\/2024\/06\/436221541_749058397405766_7492083422651671691_n-722x1024.jpeg 722w, https:\/\/brest-ecologie.bzh\/wp-content\/uploads\/2024\/06\/436221541_749058397405766_7492083422651671691_n-212x300.jpeg 212w, https:\/\/brest-ecologie.bzh\/wp-content\/uploads\/2024\/06\/436221541_749058397405766_7492083422651671691_n-768x1089.jpeg 768w, https:\/\/brest-ecologie.bzh\/wp-content\/uploads\/2024\/06\/436221541_749058397405766_7492083422651671691_n.jpeg 875w\" sizes=\"auto, (min-width: 1280px) 378px, (min-width: 1024px) calc(33.33vw - 48px), (min-width: 700px) calc(50vw - 56px), calc(100vw - 40px)\" \/><\/div><a class=\"wp-block-latest-posts__post-title\" href=\"https:\/\/brest-ecologie.bzh\/?p=4324\">Des fleurs dans ma rue !<\/a><time datetime=\"2024-06-06T15:04:17+02:00\" class=\"wp-block-latest-posts__post-date\">6 juin 2024<\/time><\/li>\n<\/ul>\n\n\n<div class=\"wp-block-buttons aligncenter is-layout-flex wp-block-buttons-is-layout-flex\">\n<div class=\"wp-block-button\"><a class=\"wp-block-button__link\" href=\"https:\/\/brest-ecologie.bzh\/?cat=41\" target=\"_blank\" rel=\"noreferrer noopener\">voir plus<\/a><\/div>\n<\/div>\n<\/div><\/div>\n","protected":false},"excerpt":{"rendered":"<p>Nos engagements Pour r\u00e9introduire la nature en ville, de nouveaux jardins partag\u00e9s et ouvriers seront cr\u00e9\u00e9s. Les corniches, les valons et les falaises seront valoris\u00e9s. Des \u00eelots de verdure et de biodiversit\u00e9 seront cr\u00e9\u00e9s. Les toits des abribus et de certains b\u00e2timents seront v\u00e9g\u00e9talis\u00e9s. Des permis de v\u00e9g\u00e9taliser permettront \u00e0 chacun\u00b7e d\u2019inviter la nature dans&hellip;<\/p>\n","protected":false},"author":1,"featured_media":0,"parent":53,"menu_order":0,"comment_status":"closed","ping_status":"closed","template":"tw-header-transparent-light.php","meta":{"footnotes":""},"class_list":["post-702","page","type-page","status-publish","hentry"],"yoast_head":"<!-- This site is optimized with the Yoast SEO plugin v23.0 - https:\/\/yoast.com\/wordpress\/plugins\/seo\/ -->\n<title>Nature en ville - Elu\u00b7es \u00e9cologistes Brest<\/title>\n<meta name=\"robots\" content=\"index, follow, max-snippet:-1, max-image-preview:large, max-video-preview:-1\" \/>\n<link rel=\"canonical\" href=\"https:\/\/brest-ecologie.bzh\/?page_id=702\" \/>\n<meta property=\"og:locale\" content=\"fr_FR\" \/>\n<meta property=\"og:type\" content=\"article\" \/>\n<meta property=\"og:title\" content=\"Nature en ville - Elu\u00b7es \u00e9cologistes Brest\" \/>\n<meta property=\"og:description\" content=\"Nos engagements Pour r\u00e9introduire la nature en ville, de nouveaux jardins partag\u00e9s et ouvriers seront cr\u00e9\u00e9s. Les corniches, les valons et les falaises seront valoris\u00e9s. Des \u00eelots de verdure et de biodiversit\u00e9 seront cr\u00e9\u00e9s. Les toits des abribus et de certains b\u00e2timents seront v\u00e9g\u00e9talis\u00e9s. Des permis de v\u00e9g\u00e9taliser permettront \u00e0 chacun\u00b7e d\u2019inviter la nature dans&hellip;\" \/>\n<meta property=\"og:url\" content=\"https:\/\/brest-ecologie.bzh\/?page_id=702\" \/>\n<meta property=\"og:site_name\" content=\"Elu\u00b7es \u00e9cologistes Brest\" \/>\n<meta property=\"article:publisher\" content=\"https:\/\/www.facebook.com\/Elu.e.sEcoloBrest\" \/>\n<meta property=\"article:modified_time\" content=\"2021-01-22T10:22:08+00:00\" \/>\n<meta name=\"twitter:card\" content=\"summary_large_image\" \/>\n<meta name=\"twitter:site\" content=\"@BrestEcologie\" \/>\n<meta name=\"twitter:label1\" content=\"Dur\u00e9e de lecture estim\u00e9e\" \/>\n\t<meta name=\"twitter:data1\" content=\"1 minute\" \/>\n<script type=\"application\/ld+json\" class=\"yoast-schema-graph\">{\"@context\":\"https:\/\/schema.org\",\"@graph\":[{\"@type\":\"WebPage\",\"@id\":\"https:\/\/brest-ecologie.bzh\/?page_id=702\",\"url\":\"https:\/\/brest-ecologie.bzh\/?page_id=702\",\"name\":\"Nature en ville - Elu\u00b7es \u00e9cologistes Brest\",\"isPartOf\":{\"@id\":\"https:\/\/brest-ecologie.bzh\/#website\"},\"datePublished\":\"2021-01-06T15:15:43+00:00\",\"dateModified\":\"2021-01-22T10:22:08+00:00\",\"breadcrumb\":{\"@id\":\"https:\/\/brest-ecologie.bzh\/?page_id=702#breadcrumb\"},\"inLanguage\":\"fr-FR\",\"potentialAction\":[{\"@type\":\"ReadAction\",\"target\":[\"https:\/\/brest-ecologie.bzh\/?page_id=702\"]}]},{\"@type\":\"BreadcrumbList\",\"@id\":\"https:\/\/brest-ecologie.bzh\/?page_id=702#breadcrumb\",\"itemListElement\":[{\"@type\":\"ListItem\",\"position\":1,\"name\":\"Accueil\",\"item\":\"https:\/\/brest-ecologie.bzh\/\"},{\"@type\":\"ListItem\",\"position\":2,\"name\":\"Programme\",\"item\":\"https:\/\/brest-ecologie.bzh\/?page_id=53\"},{\"@type\":\"ListItem\",\"position\":3,\"name\":\"Nature en ville\"}]},{\"@type\":\"WebSite\",\"@id\":\"https:\/\/brest-ecologie.bzh\/#website\",\"url\":\"https:\/\/brest-ecologie.bzh\/\",\"name\":\"Elu\u00b7e\u00b7s \u00e9cologistes Brest\",\"description\":\"\",\"publisher\":{\"@id\":\"https:\/\/brest-ecologie.bzh\/#organization\"},\"potentialAction\":[{\"@type\":\"SearchAction\",\"target\":{\"@type\":\"EntryPoint\",\"urlTemplate\":\"https:\/\/brest-ecologie.bzh\/?s={search_term_string}\"},\"query-input\":\"required name=search_term_string\"}],\"inLanguage\":\"fr-FR\"},{\"@type\":\"Organization\",\"@id\":\"https:\/\/brest-ecologie.bzh\/#organization\",\"name\":\"Elu\u00b7e\u00b7s \u00e9cologistes de Brest ville et m\u00e9tropole\",\"url\":\"https:\/\/brest-ecologie.bzh\/\",\"logo\":{\"@type\":\"ImageObject\",\"inLanguage\":\"fr-FR\",\"@id\":\"https:\/\/brest-ecologie.bzh\/#\/schema\/logo\/image\/\",\"url\":\"https:\/\/brest-ecologie.bzh\/wp-content\/uploads\/2021\/02\/logo-elus.png\",\"contentUrl\":\"https:\/\/brest-ecologie.bzh\/wp-content\/uploads\/2021\/02\/logo-elus.png\",\"width\":2300,\"height\":921,\"caption\":\"Elu\u00b7e\u00b7s \u00e9cologistes de Brest ville et m\u00e9tropole\"},\"image\":{\"@id\":\"https:\/\/brest-ecologie.bzh\/#\/schema\/logo\/image\/\"},\"sameAs\":[\"https:\/\/www.facebook.com\/Elu.e.sEcoloBrest\",\"https:\/\/x.com\/BrestEcologie\",\"https:\/\/www.youtube.com\/channel\/UCF26X4ImxDdDiydIKxoA2WA\"]}]}<\/script>\n<!-- \/ Yoast SEO plugin. -->","yoast_head_json":{"title":"Nature en ville - Elu\u00b7es \u00e9cologistes Brest","robots":{"index":"index","follow":"follow","max-snippet":"max-snippet:-1","max-image-preview":"max-image-preview:large","max-video-preview":"max-video-preview:-1"},"canonical":"https:\/\/brest-ecologie.bzh\/?page_id=702","og_locale":"fr_FR","og_type":"article","og_title":"Nature en ville - Elu\u00b7es \u00e9cologistes Brest","og_description":"Nos engagements Pour r\u00e9introduire la nature en ville, de nouveaux jardins partag\u00e9s et ouvriers seront cr\u00e9\u00e9s. Les corniches, les valons et les falaises seront valoris\u00e9s. Des \u00eelots de verdure et de biodiversit\u00e9 seront cr\u00e9\u00e9s. Les toits des abribus et de certains b\u00e2timents seront v\u00e9g\u00e9talis\u00e9s. Des permis de v\u00e9g\u00e9taliser permettront \u00e0 chacun\u00b7e d\u2019inviter la nature dans&hellip;","og_url":"https:\/\/brest-ecologie.bzh\/?page_id=702","og_site_name":"Elu\u00b7es \u00e9cologistes Brest","article_publisher":"https:\/\/www.facebook.com\/Elu.e.sEcoloBrest","article_modified_time":"2021-01-22T10:22:08+00:00","twitter_card":"summary_large_image","twitter_site":"@BrestEcologie","twitter_misc":{"Dur\u00e9e de lecture estim\u00e9e":"1 minute"},"schema":{"@context":"https:\/\/schema.org","@graph":[{"@type":"WebPage","@id":"https:\/\/brest-ecologie.bzh\/?page_id=702","url":"https:\/\/brest-ecologie.bzh\/?page_id=702","name":"Nature en ville - Elu\u00b7es \u00e9cologistes Brest","isPartOf":{"@id":"https:\/\/brest-ecologie.bzh\/#website"},"datePublished":"2021-01-06T15:15:43+00:00","dateModified":"2021-01-22T10:22:08+00:00","breadcrumb":{"@id":"https:\/\/brest-ecologie.bzh\/?page_id=702#breadcrumb"},"inLanguage":"fr-FR","potentialAction":[{"@type":"ReadAction","target":["https:\/\/brest-ecologie.bzh\/?page_id=702"]}]},{"@type":"BreadcrumbList","@id":"https:\/\/brest-ecologie.bzh\/?page_id=702#breadcrumb","itemListElement":[{"@type":"ListItem","position":1,"name":"Accueil","item":"https:\/\/brest-ecologie.bzh\/"},{"@type":"ListItem","position":2,"name":"Programme","item":"https:\/\/brest-ecologie.bzh\/?page_id=53"},{"@type":"ListItem","position":3,"name":"Nature en ville"}]},{"@type":"WebSite","@id":"https:\/\/brest-ecologie.bzh\/#website","url":"https:\/\/brest-ecologie.bzh\/","name":"Elu\u00b7e\u00b7s \u00e9cologistes Brest","description":"","publisher":{"@id":"https:\/\/brest-ecologie.bzh\/#organization"},"potentialAction":[{"@type":"SearchAction","target":{"@type":"EntryPoint","urlTemplate":"https:\/\/brest-ecologie.bzh\/?s={search_term_string}"},"query-input":"required name=search_term_string"}],"inLanguage":"fr-FR"},{"@type":"Organization","@id":"https:\/\/brest-ecologie.bzh\/#organization","name":"Elu\u00b7e\u00b7s \u00e9cologistes de Brest ville et m\u00e9tropole","url":"https:\/\/brest-ecologie.bzh\/","logo":{"@type":"ImageObject","inLanguage":"fr-FR","@id":"https:\/\/brest-ecologie.bzh\/#\/schema\/logo\/image\/","url":"https:\/\/brest-ecologie.bzh\/wp-content\/uploads\/2021\/02\/logo-elus.png","contentUrl":"https:\/\/brest-ecologie.bzh\/wp-content\/uploads\/2021\/02\/logo-elus.png","width":2300,"height":921,"caption":"Elu\u00b7e\u00b7s \u00e9cologistes de Brest ville et m\u00e9tropole"},"image":{"@id":"https:\/\/brest-ecologie.bzh\/#\/schema\/logo\/image\/"},"sameAs":["https:\/\/www.facebook.com\/Elu.e.sEcoloBrest","https:\/\/x.com\/BrestEcologie","https:\/\/www.youtube.com\/channel\/UCF26X4ImxDdDiydIKxoA2WA"]}]}},"_links":{"self":[{"href":"https:\/\/brest-ecologie.bzh\/index.php?rest_route=\/wp\/v2\/pages\/702","targetHints":{"allow":["GET"]}}],"collection":[{"href":"https:\/\/brest-ecologie.bzh\/index.php?rest_route=\/wp\/v2\/pages"}],"about":[{"href":"https:\/\/brest-ecologie.bzh\/index.php?rest_route=\/wp\/v2\/types\/page"}],"author":[{"embeddable":true,"href":"https:\/\/brest-ecologie.bzh\/index.php?rest_route=\/wp\/v2\/users\/1"}],"replies":[{"embeddable":true,"href":"https:\/\/brest-ecologie.bzh\/index.php?rest_route=%2Fwp%2Fv2%2Fcomments&post=702"}],"version-history":[{"count":6,"href":"https:\/\/brest-ecologie.bzh\/index.php?rest_route=\/wp\/v2\/pages\/702\/revisions"}],"predecessor-version":[{"id":1345,"href":"https:\/\/brest-ecologie.bzh\/index.php?rest_route=\/wp\/v2\/pages\/702\/revisions\/1345"}],"up":[{"embeddable":true,"href":"https:\/\/brest-ecologie.bzh\/index.php?rest_route=\/wp\/v2\/pages\/53"}],"wp:attachment":[{"href":"https:\/\/brest-ecologie.bzh\/index.php?rest_route=%2Fwp%2Fv2%2Fmedia&parent=702"}],"curies":[{"name":"wp","href":"https:\/\/api.w.org\/{rel}","templated":true}]}}