{"id":720,"date":"2021-01-07T11:05:12","date_gmt":"2021-01-07T10:05:12","guid":{"rendered":"http:\/\/brest-ecologie.bzh\/?page_id=720"},"modified":"2021-01-22T11:23:14","modified_gmt":"2021-01-22T10:23:14","slug":"participation-et-initiatives-citoyennes","status":"publish","type":"page","link":"https:\/\/brest-ecologie.bzh\/?page_id=720","title":{"rendered":"Participation et initiatives citoyennes"},"content":{"rendered":"\n<div class=\"wp-block-cover alignfull has-background-dim-100 has-background-dim\" style=\"background-image:url(http:\/\/brest-ecologie.bzh\/wp-content\/plugins\/twentig\/dist\/images\/patterns\/wide.jpg);background-color:#144523;min-height:500px;aspect-ratio:unset;\"><div class=\"wp-block-cover__inner-container is-layout-flow wp-block-cover-is-layout-flow\">\n<h1 class=\"has-text-align-center wp-block-heading\">Participation et initiatives citoyennes<\/h1>\n\n\n\n<p class=\"has-text-align-center has-h-2-font-size\"><strong>Perzh hag intrudu ar geodedourien<\/strong><\/p>\n<\/div><\/div>\n\n\n\n<h2 class=\"has-text-align-center wp-block-heading\">Nos engagements<\/h2>\n\n\n\n<p class=\"has-text-align-center tw-text-wide\">Pour <strong>am\u00e9liorer la participation citoyenne<\/strong> des Brestois\u00b7e\u00b7s, nous souhaitons mettre en place :<\/p>\n\n\n\n<ul class=\"wp-block-list\"><li>sept <span class=\"has-inline-color has-accent-color\">conseils citoyens<\/span> partiellement tir\u00e9s au sort, ind\u00e9pendants et aux comp\u00e9tences \u00e9largies<\/li><li>des <span class=\"has-inline-color has-accent-color\">comit\u00e9s consultatifs th\u00e9matiques<\/span><\/li><li>un <span class=\"has-inline-color has-accent-color\">droit d\u2019adresse<\/span> citoyen<\/li><li>un dispositif de <span class=\"has-inline-color has-accent-color\">p\u00e9tition citoyenne<\/span><\/li><\/ul>\n\n\n\n<p class=\"has-text-align-center tw-text-wide\">Nous souhaitons \u00e9galement augmenter le <strong>budget participatif<\/strong> et renouveler le <strong>projet d\u2019habitat participatif<\/strong>.<\/p>\n\n\n\n<p class=\"has-text-align-center tw-text-wide\">Concernant les \u00e9lu\u00b7e\u00b7s, nous souhaitons imposer une <span class=\"has-inline-color has-accent-color\"><strong>charte de d\u00e9ontologie<\/strong><\/span>.<\/p>\n\n\n\n<div class=\"wp-block-group alignfull has-background-color has-text-color has-background\" style=\"background-color:#144523\"><div class=\"wp-block-group__inner-container is-layout-flow wp-block-group-is-layout-flow\">\n<h2 class=\"has-text-align-center wp-block-heading\">Les actions \u00e0 r\u00e9aliser<\/h2>\n\n\n\n<div class=\"wp-block-columns alignwide is-layout-flex wp-container-core-columns-is-layout-28f84493 wp-block-columns-is-layout-flex\">\n<div class=\"wp-block-column is-layout-flow wp-block-column-is-layout-flow\">\n<ul class=\"is-style-tw-arrow wp-block-list\"><li>Proposition 27 : Imaginer son futur projet d\u2019habitat participatif<\/li><li>Proposition 124 : Cr\u00e9er sept conseils citoyens brestois<\/li><li>Proposition 125 : Ouvrir la cr\u00e9ation de comit\u00e9s consultatifs th\u00e9matiques<\/li><\/ul>\n<\/div>\n\n\n\n<div class=\"wp-block-column is-layout-flow wp-block-column-is-layout-flow\">\n<ul class=\"is-style-tw-arrow wp-block-list\"><li>Proposition 126 : Cr\u00e9er un droit d\u2019adresse citoyen en conseil municipal<\/li><li>Proposition 127 : Instaurer la p\u00e9tition citoyenne pour inscrire des sujets au vote du Conseil municipal<\/li><li>Proposition 128 : Augmenter le budget participatif<\/li><\/ul>\n<\/div>\n\n\n\n<div class=\"wp-block-column is-layout-flow wp-block-column-is-layout-flow\">\n<ul class=\"is-style-tw-arrow wp-block-list\"><li>Proposition 129 : Cr\u00e9er un projet participatif \u00ab&nbsp;10 lieux \u00e0 r\u00e9inventer&nbsp;\u00bb<\/li><li>Proposition 130 : D\u00e9signer le premier adjoint comme \u00e9lu en charge de l\u2019animation de la participation citoyenne<\/li><li>Proposition 131 : Mettre en place une charte de d\u00e9ontologie pour les \u00e9lus et les services<\/li><\/ul>\n<\/div>\n<\/div>\n<\/div><\/div>\n\n\n\n<div class=\"wp-block-group alignfull\"><div class=\"wp-block-group__inner-container is-layout-flow wp-block-group-is-layout-flow\">\n<h2 class=\"has-text-align-center wp-block-heading\">Sur ce sujet<\/h2>\n\n\n<ul class=\"wp-block-latest-posts__list is-grid columns-3 has-dates alignwide tw-mt-8 is-style-tw-posts-card tw-img-ratio-3-2 tw-heading-size-medium tw-stretched-link wp-block-latest-posts\"><li><div class=\"wp-block-latest-posts__featured-image\"><img loading=\"lazy\" decoding=\"async\" width=\"580\" height=\"326\" src=\"https:\/\/brest-ecologie.bzh\/wp-content\/uploads\/2024\/09\/240925_inauguration-sophie-cadour-skate-park-1024x576.jpg\" class=\"attachment-large size-large wp-post-image\" alt=\"\" style=\"\" srcset=\"https:\/\/brest-ecologie.bzh\/wp-content\/uploads\/2024\/09\/240925_inauguration-sophie-cadour-skate-park-1024x576.jpg 1024w, https:\/\/brest-ecologie.bzh\/wp-content\/uploads\/2024\/09\/240925_inauguration-sophie-cadour-skate-park-300x169.jpg 300w, https:\/\/brest-ecologie.bzh\/wp-content\/uploads\/2024\/09\/240925_inauguration-sophie-cadour-skate-park-768x432.jpg 768w, https:\/\/brest-ecologie.bzh\/wp-content\/uploads\/2024\/09\/240925_inauguration-sophie-cadour-skate-park-1200x675.jpg 1200w, https:\/\/brest-ecologie.bzh\/wp-content\/uploads\/2024\/09\/240925_inauguration-sophie-cadour-skate-park.jpg 1280w\" sizes=\"auto, (min-width: 1280px) 378px, (min-width: 1024px) calc(33.33vw - 48px), (min-width: 700px) calc(50vw - 56px), calc(100vw - 40px)\" \/><\/div><a class=\"wp-block-latest-posts__post-title\" href=\"https:\/\/brest-ecologie.bzh\/?p=4536\">Inauguration des travaux au Skate Park Sophie-Cadour<\/a><time datetime=\"2024-09-25T14:23:28+02:00\" class=\"wp-block-latest-posts__post-date\">25 septembre 2024<\/time><\/li>\n<li><div class=\"wp-block-latest-posts__featured-image\"><img loading=\"lazy\" decoding=\"async\" width=\"580\" height=\"773\" src=\"https:\/\/brest-ecologie.bzh\/wp-content\/uploads\/2024\/06\/IMG_0786-768x1024.jpg\" class=\"attachment-large size-large wp-post-image\" alt=\"\" style=\"\" srcset=\"https:\/\/brest-ecologie.bzh\/wp-content\/uploads\/2024\/06\/IMG_0786-768x1024.jpg 768w, https:\/\/brest-ecologie.bzh\/wp-content\/uploads\/2024\/06\/IMG_0786-225x300.jpg 225w, https:\/\/brest-ecologie.bzh\/wp-content\/uploads\/2024\/06\/IMG_0786-1152x1536.jpg 1152w, https:\/\/brest-ecologie.bzh\/wp-content\/uploads\/2024\/06\/IMG_0786-1536x2048.jpg 1536w, https:\/\/brest-ecologie.bzh\/wp-content\/uploads\/2024\/06\/IMG_0786-1200x1600.jpg 1200w, https:\/\/brest-ecologie.bzh\/wp-content\/uploads\/2024\/06\/IMG_0786-1980x2640.jpg 1980w, https:\/\/brest-ecologie.bzh\/wp-content\/uploads\/2024\/06\/IMG_0786-1320x1760.jpg 1320w, https:\/\/brest-ecologie.bzh\/wp-content\/uploads\/2024\/06\/IMG_0786-scaled.jpg 1920w\" sizes=\"auto, (min-width: 1280px) 378px, (min-width: 1024px) calc(33.33vw - 48px), (min-width: 700px) calc(50vw - 56px), calc(100vw - 40px)\" \/><\/div><a class=\"wp-block-latest-posts__post-title\" href=\"https:\/\/brest-ecologie.bzh\/?p=4376\">Permis de v\u00e9g\u00e9taliser : partager les enjeux et exp\u00e9rimenter au quartier de l&rsquo;Europe<\/a><time datetime=\"2024-06-13T12:30:33+02:00\" class=\"wp-block-latest-posts__post-date\">13 juin 2024<\/time><\/li>\n<li><div class=\"wp-block-latest-posts__featured-image\"><img loading=\"lazy\" decoding=\"async\" width=\"580\" height=\"823\" src=\"https:\/\/brest-ecologie.bzh\/wp-content\/uploads\/2024\/06\/436221541_749058397405766_7492083422651671691_n-722x1024.jpeg\" class=\"attachment-large size-large wp-post-image\" alt=\"&quot;Des fleurs dans ma rue !&quot; D\u00e9marche participative de Brest M\u00e9tropole et Ville de Brest\" style=\"\" srcset=\"https:\/\/brest-ecologie.bzh\/wp-content\/uploads\/2024\/06\/436221541_749058397405766_7492083422651671691_n-722x1024.jpeg 722w, https:\/\/brest-ecologie.bzh\/wp-content\/uploads\/2024\/06\/436221541_749058397405766_7492083422651671691_n-212x300.jpeg 212w, https:\/\/brest-ecologie.bzh\/wp-content\/uploads\/2024\/06\/436221541_749058397405766_7492083422651671691_n-768x1089.jpeg 768w, https:\/\/brest-ecologie.bzh\/wp-content\/uploads\/2024\/06\/436221541_749058397405766_7492083422651671691_n.jpeg 875w\" sizes=\"auto, (min-width: 1280px) 378px, (min-width: 1024px) calc(33.33vw - 48px), (min-width: 700px) calc(50vw - 56px), calc(100vw - 40px)\" \/><\/div><a class=\"wp-block-latest-posts__post-title\" href=\"https:\/\/brest-ecologie.bzh\/?p=4324\">Des fleurs dans ma rue !<\/a><time datetime=\"2024-06-06T15:04:17+02:00\" class=\"wp-block-latest-posts__post-date\">6 juin 2024<\/time><\/li>\n<li><div class=\"wp-block-latest-posts__featured-image\"><img loading=\"lazy\" decoding=\"async\" width=\"580\" height=\"579\" src=\"https:\/\/brest-ecologie.bzh\/wp-content\/uploads\/2024\/06\/logo_citoyens_climat-1147932856.jpg\" class=\"attachment-large size-large wp-post-image\" alt=\"Citoyens du climat Brest m\u00e9tropole\" style=\"\" srcset=\"https:\/\/brest-ecologie.bzh\/wp-content\/uploads\/2024\/06\/logo_citoyens_climat-1147932856.jpg 970w, https:\/\/brest-ecologie.bzh\/wp-content\/uploads\/2024\/06\/logo_citoyens_climat-1147932856-300x300.jpg 300w, https:\/\/brest-ecologie.bzh\/wp-content\/uploads\/2024\/06\/logo_citoyens_climat-1147932856-150x150.jpg 150w, https:\/\/brest-ecologie.bzh\/wp-content\/uploads\/2024\/06\/logo_citoyens_climat-1147932856-768x767.jpg 768w\" sizes=\"auto, (min-width: 1280px) 378px, (min-width: 1024px) calc(33.33vw - 48px), (min-width: 700px) calc(50vw - 56px), calc(100vw - 40px)\" \/><\/div><a class=\"wp-block-latest-posts__post-title\" href=\"https:\/\/brest-ecologie.bzh\/?p=4313\">La balance carbone, c&rsquo;est quoi ?<\/a><time datetime=\"2024-06-05T20:05:10+02:00\" class=\"wp-block-latest-posts__post-date\">5 juin 2024<\/time><\/li>\n<li><div class=\"wp-block-latest-posts__featured-image\"><img loading=\"lazy\" decoding=\"async\" width=\"580\" height=\"366\" src=\"https:\/\/brest-ecologie.bzh\/wp-content\/uploads\/2024\/04\/triporteur8BAPAV-1.png\" class=\"attachment-large size-large wp-post-image\" alt=\"\" style=\"\" srcset=\"https:\/\/brest-ecologie.bzh\/wp-content\/uploads\/2024\/04\/triporteur8BAPAV-1.png 929w, https:\/\/brest-ecologie.bzh\/wp-content\/uploads\/2024\/04\/triporteur8BAPAV-1-300x190.png 300w, https:\/\/brest-ecologie.bzh\/wp-content\/uploads\/2024\/04\/triporteur8BAPAV-1-768x485.png 768w\" sizes=\"auto, (min-width: 1280px) 378px, (min-width: 1024px) calc(33.33vw - 48px), (min-width: 700px) calc(50vw - 56px), calc(100vw - 40px)\" \/><\/div><a class=\"wp-block-latest-posts__post-title\" href=\"https:\/\/brest-ecologie.bzh\/?p=4164\">Des trajets solidaires en triporteur \u00e0 Bellevue<\/a><time datetime=\"2024-04-18T17:13:24+02:00\" class=\"wp-block-latest-posts__post-date\">18 avril 2024<\/time><\/li>\n<li><div class=\"wp-block-latest-posts__featured-image\"><img loading=\"lazy\" decoding=\"async\" width=\"580\" height=\"691\" src=\"https:\/\/brest-ecologie.bzh\/wp-content\/uploads\/2024\/02\/Sillage_fevrier24.png\" class=\"attachment-large size-large wp-post-image\" alt=\"\" style=\"\" srcset=\"https:\/\/brest-ecologie.bzh\/wp-content\/uploads\/2024\/02\/Sillage_fevrier24.png 700w, https:\/\/brest-ecologie.bzh\/wp-content\/uploads\/2024\/02\/Sillage_fevrier24-252x300.png 252w\" sizes=\"auto, (min-width: 1280px) 378px, (min-width: 1024px) calc(33.33vw - 48px), (min-width: 700px) calc(50vw - 56px), calc(100vw - 40px)\" \/><\/div><a class=\"wp-block-latest-posts__post-title\" href=\"https:\/\/brest-ecologie.bzh\/?p=4063\">Une premi\u00e8re p\u00e9tition citoyenne pour la ville de Brest<\/a><time datetime=\"2024-02-08T15:30:27+01:00\" class=\"wp-block-latest-posts__post-date\">8 f\u00e9vrier 2024<\/time><\/li>\n<\/ul>\n\n\n<div class=\"wp-block-buttons aligncenter is-layout-flex wp-block-buttons-is-layout-flex\">\n<div class=\"wp-block-button\"><a class=\"wp-block-button__link\" href=\"https:\/\/brest-ecologie.bzh\/?cat=44\" target=\"_blank\" rel=\"noreferrer noopener\">voir plus<\/a><\/div>\n<\/div>\n<\/div><\/div>\n","protected":false},"excerpt":{"rendered":"<p>Nos engagements Pour am\u00e9liorer la participation citoyenne des Brestois\u00b7e\u00b7s, nous souhaitons mettre en place : sept conseils citoyens partiellement tir\u00e9s au sort, ind\u00e9pendants et aux comp\u00e9tences \u00e9largies des comit\u00e9s consultatifs th\u00e9matiques un droit d\u2019adresse citoyen un dispositif de p\u00e9tition citoyenne Nous souhaitons \u00e9galement augmenter le budget participatif et renouveler le projet d\u2019habitat participatif. Concernant les&hellip;<\/p>\n","protected":false},"author":1,"featured_media":0,"parent":53,"menu_order":0,"comment_status":"closed","ping_status":"closed","template":"tw-header-transparent-light.php","meta":{"footnotes":""},"class_list":["post-720","page","type-page","status-publish","hentry"],"yoast_head":"<!-- This site is optimized with the Yoast SEO plugin v23.0 - https:\/\/yoast.com\/wordpress\/plugins\/seo\/ -->\n<title>Participation et initiatives citoyennes - Elu\u00b7es \u00e9cologistes Brest<\/title>\n<meta name=\"robots\" content=\"index, follow, max-snippet:-1, max-image-preview:large, max-video-preview:-1\" \/>\n<link rel=\"canonical\" href=\"https:\/\/brest-ecologie.bzh\/?page_id=720\" \/>\n<meta property=\"og:locale\" content=\"fr_FR\" \/>\n<meta property=\"og:type\" content=\"article\" \/>\n<meta property=\"og:title\" content=\"Participation et initiatives citoyennes - Elu\u00b7es \u00e9cologistes Brest\" \/>\n<meta property=\"og:description\" content=\"Nos engagements Pour am\u00e9liorer la participation citoyenne des Brestois\u00b7e\u00b7s, nous souhaitons mettre en place : sept conseils citoyens partiellement tir\u00e9s au sort, ind\u00e9pendants et aux comp\u00e9tences \u00e9largies des comit\u00e9s consultatifs th\u00e9matiques un droit d\u2019adresse citoyen un dispositif de p\u00e9tition citoyenne Nous souhaitons \u00e9galement augmenter le budget participatif et renouveler le projet d\u2019habitat participatif. Concernant les&hellip;\" \/>\n<meta property=\"og:url\" content=\"https:\/\/brest-ecologie.bzh\/?page_id=720\" \/>\n<meta property=\"og:site_name\" content=\"Elu\u00b7es \u00e9cologistes Brest\" \/>\n<meta property=\"article:publisher\" content=\"https:\/\/www.facebook.com\/Elu.e.sEcoloBrest\" \/>\n<meta property=\"article:modified_time\" content=\"2021-01-22T10:23:14+00:00\" \/>\n<meta name=\"twitter:card\" content=\"summary_large_image\" \/>\n<meta name=\"twitter:site\" content=\"@BrestEcologie\" \/>\n<meta name=\"twitter:label1\" content=\"Dur\u00e9e de lecture estim\u00e9e\" \/>\n\t<meta name=\"twitter:data1\" content=\"1 minute\" \/>\n<script type=\"application\/ld+json\" class=\"yoast-schema-graph\">{\"@context\":\"https:\/\/schema.org\",\"@graph\":[{\"@type\":\"WebPage\",\"@id\":\"https:\/\/brest-ecologie.bzh\/?page_id=720\",\"url\":\"https:\/\/brest-ecologie.bzh\/?page_id=720\",\"name\":\"Participation et initiatives citoyennes - Elu\u00b7es \u00e9cologistes Brest\",\"isPartOf\":{\"@id\":\"https:\/\/brest-ecologie.bzh\/#website\"},\"datePublished\":\"2021-01-07T10:05:12+00:00\",\"dateModified\":\"2021-01-22T10:23:14+00:00\",\"breadcrumb\":{\"@id\":\"https:\/\/brest-ecologie.bzh\/?page_id=720#breadcrumb\"},\"inLanguage\":\"fr-FR\",\"potentialAction\":[{\"@type\":\"ReadAction\",\"target\":[\"https:\/\/brest-ecologie.bzh\/?page_id=720\"]}]},{\"@type\":\"BreadcrumbList\",\"@id\":\"https:\/\/brest-ecologie.bzh\/?page_id=720#breadcrumb\",\"itemListElement\":[{\"@type\":\"ListItem\",\"position\":1,\"name\":\"Accueil\",\"item\":\"https:\/\/brest-ecologie.bzh\/\"},{\"@type\":\"ListItem\",\"position\":2,\"name\":\"Programme\",\"item\":\"https:\/\/brest-ecologie.bzh\/?page_id=53\"},{\"@type\":\"ListItem\",\"position\":3,\"name\":\"Participation et initiatives citoyennes\"}]},{\"@type\":\"WebSite\",\"@id\":\"https:\/\/brest-ecologie.bzh\/#website\",\"url\":\"https:\/\/brest-ecologie.bzh\/\",\"name\":\"Elu\u00b7e\u00b7s \u00e9cologistes Brest\",\"description\":\"\",\"publisher\":{\"@id\":\"https:\/\/brest-ecologie.bzh\/#organization\"},\"potentialAction\":[{\"@type\":\"SearchAction\",\"target\":{\"@type\":\"EntryPoint\",\"urlTemplate\":\"https:\/\/brest-ecologie.bzh\/?s={search_term_string}\"},\"query-input\":\"required name=search_term_string\"}],\"inLanguage\":\"fr-FR\"},{\"@type\":\"Organization\",\"@id\":\"https:\/\/brest-ecologie.bzh\/#organization\",\"name\":\"Elu\u00b7e\u00b7s \u00e9cologistes de Brest ville et m\u00e9tropole\",\"url\":\"https:\/\/brest-ecologie.bzh\/\",\"logo\":{\"@type\":\"ImageObject\",\"inLanguage\":\"fr-FR\",\"@id\":\"https:\/\/brest-ecologie.bzh\/#\/schema\/logo\/image\/\",\"url\":\"https:\/\/brest-ecologie.bzh\/wp-content\/uploads\/2021\/02\/logo-elus.png\",\"contentUrl\":\"https:\/\/brest-ecologie.bzh\/wp-content\/uploads\/2021\/02\/logo-elus.png\",\"width\":2300,\"height\":921,\"caption\":\"Elu\u00b7e\u00b7s \u00e9cologistes de Brest ville et m\u00e9tropole\"},\"image\":{\"@id\":\"https:\/\/brest-ecologie.bzh\/#\/schema\/logo\/image\/\"},\"sameAs\":[\"https:\/\/www.facebook.com\/Elu.e.sEcoloBrest\",\"https:\/\/x.com\/BrestEcologie\",\"https:\/\/www.youtube.com\/channel\/UCF26X4ImxDdDiydIKxoA2WA\"]}]}<\/script>\n<!-- \/ Yoast SEO plugin. -->","yoast_head_json":{"title":"Participation et initiatives citoyennes - Elu\u00b7es \u00e9cologistes Brest","robots":{"index":"index","follow":"follow","max-snippet":"max-snippet:-1","max-image-preview":"max-image-preview:large","max-video-preview":"max-video-preview:-1"},"canonical":"https:\/\/brest-ecologie.bzh\/?page_id=720","og_locale":"fr_FR","og_type":"article","og_title":"Participation et initiatives citoyennes - Elu\u00b7es \u00e9cologistes Brest","og_description":"Nos engagements Pour am\u00e9liorer la participation citoyenne des Brestois\u00b7e\u00b7s, nous souhaitons mettre en place : sept conseils citoyens partiellement tir\u00e9s au sort, ind\u00e9pendants et aux comp\u00e9tences \u00e9largies des comit\u00e9s consultatifs th\u00e9matiques un droit d\u2019adresse citoyen un dispositif de p\u00e9tition citoyenne Nous souhaitons \u00e9galement augmenter le budget participatif et renouveler le projet d\u2019habitat participatif. Concernant les&hellip;","og_url":"https:\/\/brest-ecologie.bzh\/?page_id=720","og_site_name":"Elu\u00b7es \u00e9cologistes Brest","article_publisher":"https:\/\/www.facebook.com\/Elu.e.sEcoloBrest","article_modified_time":"2021-01-22T10:23:14+00:00","twitter_card":"summary_large_image","twitter_site":"@BrestEcologie","twitter_misc":{"Dur\u00e9e de lecture estim\u00e9e":"1 minute"},"schema":{"@context":"https:\/\/schema.org","@graph":[{"@type":"WebPage","@id":"https:\/\/brest-ecologie.bzh\/?page_id=720","url":"https:\/\/brest-ecologie.bzh\/?page_id=720","name":"Participation et initiatives citoyennes - Elu\u00b7es \u00e9cologistes Brest","isPartOf":{"@id":"https:\/\/brest-ecologie.bzh\/#website"},"datePublished":"2021-01-07T10:05:12+00:00","dateModified":"2021-01-22T10:23:14+00:00","breadcrumb":{"@id":"https:\/\/brest-ecologie.bzh\/?page_id=720#breadcrumb"},"inLanguage":"fr-FR","potentialAction":[{"@type":"ReadAction","target":["https:\/\/brest-ecologie.bzh\/?page_id=720"]}]},{"@type":"BreadcrumbList","@id":"https:\/\/brest-ecologie.bzh\/?page_id=720#breadcrumb","itemListElement":[{"@type":"ListItem","position":1,"name":"Accueil","item":"https:\/\/brest-ecologie.bzh\/"},{"@type":"ListItem","position":2,"name":"Programme","item":"https:\/\/brest-ecologie.bzh\/?page_id=53"},{"@type":"ListItem","position":3,"name":"Participation et initiatives citoyennes"}]},{"@type":"WebSite","@id":"https:\/\/brest-ecologie.bzh\/#website","url":"https:\/\/brest-ecologie.bzh\/","name":"Elu\u00b7e\u00b7s \u00e9cologistes Brest","description":"","publisher":{"@id":"https:\/\/brest-ecologie.bzh\/#organization"},"potentialAction":[{"@type":"SearchAction","target":{"@type":"EntryPoint","urlTemplate":"https:\/\/brest-ecologie.bzh\/?s={search_term_string}"},"query-input":"required name=search_term_string"}],"inLanguage":"fr-FR"},{"@type":"Organization","@id":"https:\/\/brest-ecologie.bzh\/#organization","name":"Elu\u00b7e\u00b7s \u00e9cologistes de Brest ville et m\u00e9tropole","url":"https:\/\/brest-ecologie.bzh\/","logo":{"@type":"ImageObject","inLanguage":"fr-FR","@id":"https:\/\/brest-ecologie.bzh\/#\/schema\/logo\/image\/","url":"https:\/\/brest-ecologie.bzh\/wp-content\/uploads\/2021\/02\/logo-elus.png","contentUrl":"https:\/\/brest-ecologie.bzh\/wp-content\/uploads\/2021\/02\/logo-elus.png","width":2300,"height":921,"caption":"Elu\u00b7e\u00b7s \u00e9cologistes de Brest ville et m\u00e9tropole"},"image":{"@id":"https:\/\/brest-ecologie.bzh\/#\/schema\/logo\/image\/"},"sameAs":["https:\/\/www.facebook.com\/Elu.e.sEcoloBrest","https:\/\/x.com\/BrestEcologie","https:\/\/www.youtube.com\/channel\/UCF26X4ImxDdDiydIKxoA2WA"]}]}},"_links":{"self":[{"href":"https:\/\/brest-ecologie.bzh\/index.php?rest_route=\/wp\/v2\/pages\/720","targetHints":{"allow":["GET"]}}],"collection":[{"href":"https:\/\/brest-ecologie.bzh\/index.php?rest_route=\/wp\/v2\/pages"}],"about":[{"href":"https:\/\/brest-ecologie.bzh\/index.php?rest_route=\/wp\/v2\/types\/page"}],"author":[{"embeddable":true,"href":"https:\/\/brest-ecologie.bzh\/index.php?rest_route=\/wp\/v2\/users\/1"}],"replies":[{"embeddable":true,"href":"https:\/\/brest-ecologie.bzh\/index.php?rest_route=%2Fwp%2Fv2%2Fcomments&post=720"}],"version-history":[{"count":6,"href":"https:\/\/brest-ecologie.bzh\/index.php?rest_route=\/wp\/v2\/pages\/720\/revisions"}],"predecessor-version":[{"id":1347,"href":"https:\/\/brest-ecologie.bzh\/index.php?rest_route=\/wp\/v2\/pages\/720\/revisions\/1347"}],"up":[{"embeddable":true,"href":"https:\/\/brest-ecologie.bzh\/index.php?rest_route=\/wp\/v2\/pages\/53"}],"wp:attachment":[{"href":"https:\/\/brest-ecologie.bzh\/index.php?rest_route=%2Fwp%2Fv2%2Fmedia&parent=720"}],"curies":[{"name":"wp","href":"https:\/\/api.w.org\/{rel}","templated":true}]}}