{"id":730,"date":"2021-01-07T12:05:39","date_gmt":"2021-01-07T11:05:39","guid":{"rendered":"http:\/\/brest-ecologie.bzh\/?page_id=730"},"modified":"2021-01-22T11:20:15","modified_gmt":"2021-01-22T10:20:15","slug":"economie-des-transitions","status":"publish","type":"page","link":"https:\/\/brest-ecologie.bzh\/?page_id=730","title":{"rendered":"Economie des transitions"},"content":{"rendered":"\n<div class=\"wp-block-cover alignfull has-background-dim-100 has-background-dim\" style=\"background-image:url(http:\/\/brest-ecologie.bzh\/wp-content\/plugins\/twentig\/dist\/images\/patterns\/wide.jpg);background-color:#144523;min-height:500px;aspect-ratio:unset;\"><div class=\"wp-block-cover__inner-container is-layout-flow wp-block-cover-is-layout-flow\">\n<h1 class=\"has-text-align-center wp-block-heading\">\u00c9conomie des transitions<\/h1>\n\n\n\n<p class=\"has-text-align-center has-h-2-font-size\"><strong>Ekonomiezh ar c&rsquo;hemmo\u00f9<\/strong><\/p>\n<\/div><\/div>\n\n\n\n<h2 class=\"has-text-align-center wp-block-heading\">Nos engagements<\/h2>\n\n\n\n<p class=\"has-text-align-center tw-text-wide\">Nous souhaitons soutenir, \u00e0 travers diff\u00e9rentes mesures, le d\u00e9veloppement d\u2019<strong>actions vertueuses<\/strong> dans le secteur \u00e9conomique.<\/p>\n\n\n\n<p class=\"has-text-align-center tw-text-wide\">Nous proposons ainsi le d\u00e9veloppement du <span class=\"has-inline-color has-accent-color\">fret \u00e0 la voile<\/span> pour le transport de marchandises, la cr\u00e9ation d\u2019un <span class=\"has-inline-color has-accent-color\">fond d\u2019investissement pour les entreprises innovantes<\/span> ou \u00e0 fort potentiel de cr\u00e9ation d\u2019emploi, la cr\u00e9ation d\u2019un <span class=\"has-inline-color has-accent-color\">fonds coop\u00e9ratif local d\u2019investissement dans la transition \u00e9cologique<\/span> et le d\u00e9veloppement des <strong>achats publics responsables<\/strong>.<\/p>\n\n\n\n<div class=\"wp-block-group alignfull has-background-color has-text-color has-background\" style=\"background-color:#144523\"><div class=\"wp-block-group__inner-container is-layout-flow wp-block-group-is-layout-flow\">\n<h2 class=\"has-text-align-center wp-block-heading\">Les actions \u00e0 r\u00e9aliser<\/h2>\n\n\n\n<div class=\"wp-block-columns alignwide is-layout-flex wp-container-core-columns-is-layout-28f84493 wp-block-columns-is-layout-flex\">\n<div class=\"wp-block-column is-layout-flow wp-block-column-is-layout-flow\">\n<ul class=\"is-style-tw-arrow wp-block-list\"><li>Proposition 132 : Lancer une nouvelle strat\u00e9gie de d\u00e9veloppement \u00e9conomique \u00ab&nbsp;Cap 2030&nbsp;\u00bb<\/li><li>Proposition 135 : Am\u00e9nager le premier terminal et comptoir de fret \u00e0 la voile<\/li><li>Proposition 139 : Cr\u00e9er un fonds coop\u00e9ratif local d\u2019investissement dans la transition \u00e9cologique<\/li><\/ul>\n<\/div>\n\n\n\n<div class=\"wp-block-column is-layout-flow wp-block-column-is-layout-flow\">\n<ul class=\"is-style-tw-arrow wp-block-list\"><li>Proposition 138 : Cr\u00e9er un fonds d\u2019investissement dans les entreprises innovantes et\/ou \u00e0 fort potentiel de cr\u00e9ation d&#8217;emplois<\/li><li>Proposition 149 : Poursuivre et amplifier l\u2019appel \u00e0 projets \u00ab&nbsp;R\u00e9ussir les transitions&nbsp;\u00bb.<\/li><\/ul>\n<\/div>\n\n\n\n<div class=\"wp-block-column is-layout-flow wp-block-column-is-layout-flow\">\n<ul class=\"is-style-tw-arrow wp-block-list\"><li>Proposition 151 : \u00c9laborer un sch\u00e9ma des achats publics responsables pour que la commande publique favorise le d\u00e9veloppement durable, la non-discrimination, l&rsquo;\u00e9conomie sociale et solidaire, &#8230;<\/li><li>Proposition 152 : Rendre accessible la commande publique aux entreprises locales<\/li><\/ul>\n<\/div>\n<\/div>\n<\/div><\/div>\n\n\n\n<div class=\"wp-block-group alignfull\"><div class=\"wp-block-group__inner-container is-layout-flow wp-block-group-is-layout-flow\">\n<h2 class=\"has-text-align-center wp-block-heading\">Articles r\u00e9cents<\/h2>\n\n\n<ul class=\"wp-block-latest-posts__list is-grid columns-3 has-dates alignwide tw-mt-8 is-style-tw-posts-card tw-img-ratio-3-2 tw-heading-size-medium tw-stretched-link wp-block-latest-posts\"><li><div class=\"wp-block-latest-posts__featured-image\"><img loading=\"lazy\" decoding=\"async\" width=\"580\" height=\"326\" src=\"https:\/\/brest-ecologie.bzh\/wp-content\/uploads\/2025\/10\/Conf_Shifters_Brest-1024x575.png\" class=\"attachment-large size-large wp-post-image\" alt=\"Conf\u00e9rence ds shifters \u00e0 Brest\" style=\"\" srcset=\"https:\/\/brest-ecologie.bzh\/wp-content\/uploads\/2025\/10\/Conf_Shifters_Brest-1024x575.png 1024w, https:\/\/brest-ecologie.bzh\/wp-content\/uploads\/2025\/10\/Conf_Shifters_Brest-300x169.png 300w, https:\/\/brest-ecologie.bzh\/wp-content\/uploads\/2025\/10\/Conf_Shifters_Brest-768x432.png 768w, https:\/\/brest-ecologie.bzh\/wp-content\/uploads\/2025\/10\/Conf_Shifters_Brest.png 1171w\" sizes=\"auto, (min-width: 1280px) 378px, (min-width: 1024px) calc(33.33vw - 48px), (min-width: 700px) calc(50vw - 56px), calc(100vw - 40px)\" \/><\/div><a class=\"wp-block-latest-posts__post-title\" href=\"https:\/\/brest-ecologie.bzh\/?p=4962\">Vers une \u00e9conomie r\u00e9gionale bas carbone<\/a><time datetime=\"2025-10-27T16:05:34+01:00\" class=\"wp-block-latest-posts__post-date\">27 octobre 2025<\/time><\/li>\n<li><div class=\"wp-block-latest-posts__featured-image\"><img loading=\"lazy\" decoding=\"async\" width=\"571\" height=\"385\" src=\"https:\/\/brest-ecologie.bzh\/wp-content\/uploads\/2025\/10\/piliers_-economie_circulaire_ademe.png\" class=\"attachment-large size-large wp-post-image\" alt=\"\u00e9conomie circulaire ADEME\" style=\"\" srcset=\"https:\/\/brest-ecologie.bzh\/wp-content\/uploads\/2025\/10\/piliers_-economie_circulaire_ademe.png 571w, https:\/\/brest-ecologie.bzh\/wp-content\/uploads\/2025\/10\/piliers_-economie_circulaire_ademe-300x202.png 300w\" sizes=\"auto, (min-width: 1280px) 378px, (min-width: 1024px) calc(33.33vw - 48px), (min-width: 700px) calc(50vw - 56px), calc(100vw - 40px)\" \/><\/div><a class=\"wp-block-latest-posts__post-title\" href=\"https:\/\/brest-ecologie.bzh\/?p=4966\">Feuille de route pour l&rsquo;\u00e9conomie circulaire<\/a><time datetime=\"2025-10-24T10:26:09+02:00\" class=\"wp-block-latest-posts__post-date\">24 octobre 2025<\/time><\/li>\n<li><div class=\"wp-block-latest-posts__featured-image\"><img loading=\"lazy\" decoding=\"async\" width=\"580\" height=\"326\" src=\"https:\/\/brest-ecologie.bzh\/wp-content\/uploads\/2025\/10\/251010_Vignette-PAM-1024x576.jpg\" class=\"attachment-large size-large wp-post-image\" alt=\"Glen Dissaux soutien \u00e0 la PAM\" style=\"\" srcset=\"https:\/\/brest-ecologie.bzh\/wp-content\/uploads\/2025\/10\/251010_Vignette-PAM-1024x576.jpg 1024w, https:\/\/brest-ecologie.bzh\/wp-content\/uploads\/2025\/10\/251010_Vignette-PAM-300x169.jpg 300w, https:\/\/brest-ecologie.bzh\/wp-content\/uploads\/2025\/10\/251010_Vignette-PAM-768x432.jpg 768w, https:\/\/brest-ecologie.bzh\/wp-content\/uploads\/2025\/10\/251010_Vignette-PAM-1536x864.jpg 1536w, https:\/\/brest-ecologie.bzh\/wp-content\/uploads\/2025\/10\/251010_Vignette-PAM-1200x675.jpg 1200w, https:\/\/brest-ecologie.bzh\/wp-content\/uploads\/2025\/10\/251010_Vignette-PAM-1320x743.jpg 1320w, https:\/\/brest-ecologie.bzh\/wp-content\/uploads\/2025\/10\/251010_Vignette-PAM.jpg 1920w\" sizes=\"auto, (min-width: 1280px) 378px, (min-width: 1024px) calc(33.33vw - 48px), (min-width: 700px) calc(50vw - 56px), calc(100vw - 40px)\" \/><\/div><a class=\"wp-block-latest-posts__post-title\" href=\"https:\/\/brest-ecologie.bzh\/?p=4918\">Glen Dissaux &#8211; Soutien \u00e0 la PAM<\/a><time datetime=\"2025-10-21T14:50:19+02:00\" class=\"wp-block-latest-posts__post-date\">21 octobre 2025<\/time><\/li>\n<li><div class=\"wp-block-latest-posts__featured-image\"><img loading=\"lazy\" decoding=\"async\" width=\"580\" height=\"579\" src=\"https:\/\/brest-ecologie.bzh\/wp-content\/uploads\/2024\/06\/logo_citoyens_climat-1147932856.jpg\" class=\"attachment-large size-large wp-post-image\" alt=\"Citoyens du climat Brest m\u00e9tropole\" style=\"\" srcset=\"https:\/\/brest-ecologie.bzh\/wp-content\/uploads\/2024\/06\/logo_citoyens_climat-1147932856.jpg 970w, https:\/\/brest-ecologie.bzh\/wp-content\/uploads\/2024\/06\/logo_citoyens_climat-1147932856-300x300.jpg 300w, https:\/\/brest-ecologie.bzh\/wp-content\/uploads\/2024\/06\/logo_citoyens_climat-1147932856-150x150.jpg 150w, https:\/\/brest-ecologie.bzh\/wp-content\/uploads\/2024\/06\/logo_citoyens_climat-1147932856-768x767.jpg 768w\" sizes=\"auto, (min-width: 1280px) 378px, (min-width: 1024px) calc(33.33vw - 48px), (min-width: 700px) calc(50vw - 56px), calc(100vw - 40px)\" \/><\/div><a class=\"wp-block-latest-posts__post-title\" href=\"https:\/\/brest-ecologie.bzh\/?p=4313\">La balance carbone, c&rsquo;est quoi ?<\/a><time datetime=\"2024-06-05T20:05:10+02:00\" class=\"wp-block-latest-posts__post-date\">5 juin 2024<\/time><\/li>\n<li><div class=\"wp-block-latest-posts__featured-image\"><img loading=\"lazy\" decoding=\"async\" width=\"206\" height=\"206\" src=\"https:\/\/brest-ecologie.bzh\/wp-content\/uploads\/2023\/01\/logo-PAM.png\" class=\"attachment-large size-large wp-post-image\" alt=\"\" style=\"\" srcset=\"https:\/\/brest-ecologie.bzh\/wp-content\/uploads\/2023\/01\/logo-PAM.png 206w, https:\/\/brest-ecologie.bzh\/wp-content\/uploads\/2023\/01\/logo-PAM-150x150.png 150w\" sizes=\"auto, (min-width: 1280px) 378px, (min-width: 1024px) calc(33.33vw - 48px), (min-width: 700px) calc(50vw - 56px), calc(100vw - 40px)\" \/><\/div><a class=\"wp-block-latest-posts__post-title\" href=\"https:\/\/brest-ecologie.bzh\/?p=3322\">Longue vie \u00e0 la PAM !<\/a><time datetime=\"2023-01-14T18:05:00+01:00\" class=\"wp-block-latest-posts__post-date\">14 janvier 2023<\/time><\/li>\n<li><div class=\"wp-block-latest-posts__featured-image\"><img loading=\"lazy\" decoding=\"async\" width=\"580\" height=\"435\" src=\"https:\/\/brest-ecologie.bzh\/wp-content\/uploads\/2022\/06\/288798568_331542162490727_8848415335012922669_n.jpg\" class=\"attachment-large size-large wp-post-image\" alt=\"La Caravane des Possibles, espace mobile et participatif de sensibilisation aux transitions, a \u00e9t\u00e9 inaugur\u00e9e le 14 juin.\" style=\"\" srcset=\"https:\/\/brest-ecologie.bzh\/wp-content\/uploads\/2022\/06\/288798568_331542162490727_8848415335012922669_n.jpg 600w, https:\/\/brest-ecologie.bzh\/wp-content\/uploads\/2022\/06\/288798568_331542162490727_8848415335012922669_n-300x225.jpg 300w\" sizes=\"auto, (min-width: 1280px) 378px, (min-width: 1024px) calc(33.33vw - 48px), (min-width: 700px) calc(50vw - 56px), calc(100vw - 40px)\" \/><\/div><a class=\"wp-block-latest-posts__post-title\" href=\"https:\/\/brest-ecologie.bzh\/?p=2897\">Une Caravane des Possibles dans le Pays de Brest<\/a><time datetime=\"2022-06-15T10:34:00+02:00\" class=\"wp-block-latest-posts__post-date\">15 juin 2022<\/time><\/li>\n<\/ul>\n\n\n<div class=\"wp-block-buttons aligncenter is-layout-flex wp-block-buttons-is-layout-flex\">\n<div class=\"wp-block-button\"><a class=\"wp-block-button__link\" href=\"https:\/\/brest-ecologie.bzh\/?cat=38\" target=\"_blank\" rel=\"noreferrer noopener\">voir plus<\/a><\/div>\n<\/div>\n<\/div><\/div>\n","protected":false},"excerpt":{"rendered":"<p>Nos engagements Nous souhaitons soutenir, \u00e0 travers diff\u00e9rentes mesures, le d\u00e9veloppement d\u2019actions vertueuses dans le secteur \u00e9conomique. Nous proposons ainsi le d\u00e9veloppement du fret \u00e0 la voile pour le transport de marchandises, la cr\u00e9ation d\u2019un fond d\u2019investissement pour les entreprises innovantes ou \u00e0 fort potentiel de cr\u00e9ation d\u2019emploi, la cr\u00e9ation d\u2019un fonds coop\u00e9ratif local d\u2019investissement&hellip;<\/p>\n","protected":false},"author":1,"featured_media":0,"parent":53,"menu_order":0,"comment_status":"closed","ping_status":"closed","template":"tw-header-transparent-light.php","meta":{"footnotes":""},"class_list":["post-730","page","type-page","status-publish","hentry"],"yoast_head":"<!-- This site is optimized with the Yoast SEO plugin v23.0 - https:\/\/yoast.com\/wordpress\/plugins\/seo\/ -->\n<title>Economie des transitions - Elu\u00b7es \u00e9cologistes Brest<\/title>\n<meta name=\"robots\" content=\"index, follow, max-snippet:-1, max-image-preview:large, max-video-preview:-1\" \/>\n<link rel=\"canonical\" href=\"https:\/\/brest-ecologie.bzh\/?page_id=730\" \/>\n<meta property=\"og:locale\" content=\"fr_FR\" \/>\n<meta property=\"og:type\" content=\"article\" \/>\n<meta property=\"og:title\" content=\"Economie des transitions - Elu\u00b7es \u00e9cologistes Brest\" \/>\n<meta property=\"og:description\" content=\"Nos engagements Nous souhaitons soutenir, \u00e0 travers diff\u00e9rentes mesures, le d\u00e9veloppement d\u2019actions vertueuses dans le secteur \u00e9conomique. Nous proposons ainsi le d\u00e9veloppement du fret \u00e0 la voile pour le transport de marchandises, la cr\u00e9ation d\u2019un fond d\u2019investissement pour les entreprises innovantes ou \u00e0 fort potentiel de cr\u00e9ation d\u2019emploi, la cr\u00e9ation d\u2019un fonds coop\u00e9ratif local d\u2019investissement&hellip;\" \/>\n<meta property=\"og:url\" content=\"https:\/\/brest-ecologie.bzh\/?page_id=730\" \/>\n<meta property=\"og:site_name\" content=\"Elu\u00b7es \u00e9cologistes Brest\" \/>\n<meta property=\"article:publisher\" content=\"https:\/\/www.facebook.com\/Elu.e.sEcoloBrest\" \/>\n<meta property=\"article:modified_time\" content=\"2021-01-22T10:20:15+00:00\" \/>\n<meta name=\"twitter:card\" content=\"summary_large_image\" \/>\n<meta name=\"twitter:site\" content=\"@BrestEcologie\" \/>\n<meta name=\"twitter:label1\" content=\"Dur\u00e9e de lecture estim\u00e9e\" \/>\n\t<meta name=\"twitter:data1\" content=\"1 minute\" \/>\n<script type=\"application\/ld+json\" class=\"yoast-schema-graph\">{\"@context\":\"https:\/\/schema.org\",\"@graph\":[{\"@type\":\"WebPage\",\"@id\":\"https:\/\/brest-ecologie.bzh\/?page_id=730\",\"url\":\"https:\/\/brest-ecologie.bzh\/?page_id=730\",\"name\":\"Economie des transitions - Elu\u00b7es \u00e9cologistes Brest\",\"isPartOf\":{\"@id\":\"https:\/\/brest-ecologie.bzh\/#website\"},\"datePublished\":\"2021-01-07T11:05:39+00:00\",\"dateModified\":\"2021-01-22T10:20:15+00:00\",\"breadcrumb\":{\"@id\":\"https:\/\/brest-ecologie.bzh\/?page_id=730#breadcrumb\"},\"inLanguage\":\"fr-FR\",\"potentialAction\":[{\"@type\":\"ReadAction\",\"target\":[\"https:\/\/brest-ecologie.bzh\/?page_id=730\"]}]},{\"@type\":\"BreadcrumbList\",\"@id\":\"https:\/\/brest-ecologie.bzh\/?page_id=730#breadcrumb\",\"itemListElement\":[{\"@type\":\"ListItem\",\"position\":1,\"name\":\"Accueil\",\"item\":\"https:\/\/brest-ecologie.bzh\/\"},{\"@type\":\"ListItem\",\"position\":2,\"name\":\"Programme\",\"item\":\"https:\/\/brest-ecologie.bzh\/?page_id=53\"},{\"@type\":\"ListItem\",\"position\":3,\"name\":\"Economie des transitions\"}]},{\"@type\":\"WebSite\",\"@id\":\"https:\/\/brest-ecologie.bzh\/#website\",\"url\":\"https:\/\/brest-ecologie.bzh\/\",\"name\":\"Elu\u00b7e\u00b7s \u00e9cologistes Brest\",\"description\":\"\",\"publisher\":{\"@id\":\"https:\/\/brest-ecologie.bzh\/#organization\"},\"potentialAction\":[{\"@type\":\"SearchAction\",\"target\":{\"@type\":\"EntryPoint\",\"urlTemplate\":\"https:\/\/brest-ecologie.bzh\/?s={search_term_string}\"},\"query-input\":\"required name=search_term_string\"}],\"inLanguage\":\"fr-FR\"},{\"@type\":\"Organization\",\"@id\":\"https:\/\/brest-ecologie.bzh\/#organization\",\"name\":\"Elu\u00b7e\u00b7s \u00e9cologistes de Brest ville et m\u00e9tropole\",\"url\":\"https:\/\/brest-ecologie.bzh\/\",\"logo\":{\"@type\":\"ImageObject\",\"inLanguage\":\"fr-FR\",\"@id\":\"https:\/\/brest-ecologie.bzh\/#\/schema\/logo\/image\/\",\"url\":\"https:\/\/brest-ecologie.bzh\/wp-content\/uploads\/2021\/02\/logo-elus.png\",\"contentUrl\":\"https:\/\/brest-ecologie.bzh\/wp-content\/uploads\/2021\/02\/logo-elus.png\",\"width\":2300,\"height\":921,\"caption\":\"Elu\u00b7e\u00b7s \u00e9cologistes de Brest ville et m\u00e9tropole\"},\"image\":{\"@id\":\"https:\/\/brest-ecologie.bzh\/#\/schema\/logo\/image\/\"},\"sameAs\":[\"https:\/\/www.facebook.com\/Elu.e.sEcoloBrest\",\"https:\/\/x.com\/BrestEcologie\",\"https:\/\/www.youtube.com\/channel\/UCF26X4ImxDdDiydIKxoA2WA\"]}]}<\/script>\n<!-- \/ Yoast SEO plugin. -->","yoast_head_json":{"title":"Economie des transitions - Elu\u00b7es \u00e9cologistes Brest","robots":{"index":"index","follow":"follow","max-snippet":"max-snippet:-1","max-image-preview":"max-image-preview:large","max-video-preview":"max-video-preview:-1"},"canonical":"https:\/\/brest-ecologie.bzh\/?page_id=730","og_locale":"fr_FR","og_type":"article","og_title":"Economie des transitions - Elu\u00b7es \u00e9cologistes Brest","og_description":"Nos engagements Nous souhaitons soutenir, \u00e0 travers diff\u00e9rentes mesures, le d\u00e9veloppement d\u2019actions vertueuses dans le secteur \u00e9conomique. Nous proposons ainsi le d\u00e9veloppement du fret \u00e0 la voile pour le transport de marchandises, la cr\u00e9ation d\u2019un fond d\u2019investissement pour les entreprises innovantes ou \u00e0 fort potentiel de cr\u00e9ation d\u2019emploi, la cr\u00e9ation d\u2019un fonds coop\u00e9ratif local d\u2019investissement&hellip;","og_url":"https:\/\/brest-ecologie.bzh\/?page_id=730","og_site_name":"Elu\u00b7es \u00e9cologistes Brest","article_publisher":"https:\/\/www.facebook.com\/Elu.e.sEcoloBrest","article_modified_time":"2021-01-22T10:20:15+00:00","twitter_card":"summary_large_image","twitter_site":"@BrestEcologie","twitter_misc":{"Dur\u00e9e de lecture estim\u00e9e":"1 minute"},"schema":{"@context":"https:\/\/schema.org","@graph":[{"@type":"WebPage","@id":"https:\/\/brest-ecologie.bzh\/?page_id=730","url":"https:\/\/brest-ecologie.bzh\/?page_id=730","name":"Economie des transitions - Elu\u00b7es \u00e9cologistes Brest","isPartOf":{"@id":"https:\/\/brest-ecologie.bzh\/#website"},"datePublished":"2021-01-07T11:05:39+00:00","dateModified":"2021-01-22T10:20:15+00:00","breadcrumb":{"@id":"https:\/\/brest-ecologie.bzh\/?page_id=730#breadcrumb"},"inLanguage":"fr-FR","potentialAction":[{"@type":"ReadAction","target":["https:\/\/brest-ecologie.bzh\/?page_id=730"]}]},{"@type":"BreadcrumbList","@id":"https:\/\/brest-ecologie.bzh\/?page_id=730#breadcrumb","itemListElement":[{"@type":"ListItem","position":1,"name":"Accueil","item":"https:\/\/brest-ecologie.bzh\/"},{"@type":"ListItem","position":2,"name":"Programme","item":"https:\/\/brest-ecologie.bzh\/?page_id=53"},{"@type":"ListItem","position":3,"name":"Economie des transitions"}]},{"@type":"WebSite","@id":"https:\/\/brest-ecologie.bzh\/#website","url":"https:\/\/brest-ecologie.bzh\/","name":"Elu\u00b7e\u00b7s \u00e9cologistes Brest","description":"","publisher":{"@id":"https:\/\/brest-ecologie.bzh\/#organization"},"potentialAction":[{"@type":"SearchAction","target":{"@type":"EntryPoint","urlTemplate":"https:\/\/brest-ecologie.bzh\/?s={search_term_string}"},"query-input":"required name=search_term_string"}],"inLanguage":"fr-FR"},{"@type":"Organization","@id":"https:\/\/brest-ecologie.bzh\/#organization","name":"Elu\u00b7e\u00b7s \u00e9cologistes de Brest ville et m\u00e9tropole","url":"https:\/\/brest-ecologie.bzh\/","logo":{"@type":"ImageObject","inLanguage":"fr-FR","@id":"https:\/\/brest-ecologie.bzh\/#\/schema\/logo\/image\/","url":"https:\/\/brest-ecologie.bzh\/wp-content\/uploads\/2021\/02\/logo-elus.png","contentUrl":"https:\/\/brest-ecologie.bzh\/wp-content\/uploads\/2021\/02\/logo-elus.png","width":2300,"height":921,"caption":"Elu\u00b7e\u00b7s \u00e9cologistes de Brest ville et m\u00e9tropole"},"image":{"@id":"https:\/\/brest-ecologie.bzh\/#\/schema\/logo\/image\/"},"sameAs":["https:\/\/www.facebook.com\/Elu.e.sEcoloBrest","https:\/\/x.com\/BrestEcologie","https:\/\/www.youtube.com\/channel\/UCF26X4ImxDdDiydIKxoA2WA"]}]}},"_links":{"self":[{"href":"https:\/\/brest-ecologie.bzh\/index.php?rest_route=\/wp\/v2\/pages\/730","targetHints":{"allow":["GET"]}}],"collection":[{"href":"https:\/\/brest-ecologie.bzh\/index.php?rest_route=\/wp\/v2\/pages"}],"about":[{"href":"https:\/\/brest-ecologie.bzh\/index.php?rest_route=\/wp\/v2\/types\/page"}],"author":[{"embeddable":true,"href":"https:\/\/brest-ecologie.bzh\/index.php?rest_route=\/wp\/v2\/users\/1"}],"replies":[{"embeddable":true,"href":"https:\/\/brest-ecologie.bzh\/index.php?rest_route=%2Fwp%2Fv2%2Fcomments&post=730"}],"version-history":[{"count":5,"href":"https:\/\/brest-ecologie.bzh\/index.php?rest_route=\/wp\/v2\/pages\/730\/revisions"}],"predecessor-version":[{"id":1342,"href":"https:\/\/brest-ecologie.bzh\/index.php?rest_route=\/wp\/v2\/pages\/730\/revisions\/1342"}],"up":[{"embeddable":true,"href":"https:\/\/brest-ecologie.bzh\/index.php?rest_route=\/wp\/v2\/pages\/53"}],"wp:attachment":[{"href":"https:\/\/brest-ecologie.bzh\/index.php?rest_route=%2Fwp%2Fv2%2Fmedia&parent=730"}],"curies":[{"name":"wp","href":"https:\/\/api.w.org\/{rel}","templated":true}]}}