{"id":760,"date":"2021-01-07T14:43:53","date_gmt":"2021-01-07T13:43:53","guid":{"rendered":"http:\/\/brest-ecologie.bzh\/?page_id=760"},"modified":"2021-01-22T11:22:43","modified_gmt":"2021-01-22T10:22:43","slug":"numerique","status":"publish","type":"page","link":"https:\/\/brest-ecologie.bzh\/?page_id=760","title":{"rendered":"Num\u00e9rique"},"content":{"rendered":"\n<div class=\"wp-block-cover alignfull has-background-dim-100 has-background-dim\" style=\"background-image:url(http:\/\/brest-ecologie.bzh\/wp-content\/plugins\/twentig\/dist\/images\/patterns\/wide.jpg);background-color:#144523;min-height:500px;aspect-ratio:unset;\"><div class=\"wp-block-cover__inner-container is-layout-flow wp-block-cover-is-layout-flow\">\n<h1 class=\"has-text-align-center wp-block-heading\">Num\u00e9rique<\/h1>\n\n\n\n<p class=\"has-text-align-center has-h-2-font-size\"><strong>Danvez niverel<\/strong><\/p>\n<\/div><\/div>\n\n\n\n<h2 class=\"has-text-align-center wp-block-heading\">Nos engagements<\/h2>\n\n\n\n<p class=\"has-text-align-center tw-text-wide\">Attentif\u00b7ve\u00b7s au <strong>d\u00e9veloppement du num\u00e9rique sur le territoire<\/strong>, nous veillerons \u00e0 limiter son <strong>impact environnemental<\/strong> et <strong>social<\/strong>. Nous ferons ainsi du num\u00e9rique un outil de la transition \u00e9cologique et de justice sociale.<\/p>\n\n\n\n<p class=\"has-text-align-center tw-text-wide\">Pour permettre le <strong>meilleur acc\u00e8s de toutes et tous<\/strong> aux potentialit\u00e9s offertes par le num\u00e9rique, nous d\u00e9velopperons un <span class=\"has-inline-color has-accent-color\"><strong>service public de la donn\u00e9e et du num\u00e9rique<\/strong><\/span>. Nous renforcerons les programmes d&rsquo;\u00e9ducation au num\u00e9rique et l&rsquo;accompagnement des personnes en difficult\u00e9, pour lutter contre l&rsquo;<strong>exclusion num\u00e9rique<\/strong>.<\/p>\n\n\n\n<p class=\"has-text-align-center tw-text-wide\">Le d\u00e9veloppement du num\u00e9rique devra aussi nous permettre de faciliter l&rsquo;accessibilit\u00e9 des services publics locaux et le d\u00e9veloppement de l&rsquo;\u00e9conomie sociale et solidaire.<\/p>\n\n\n\n<div class=\"wp-block-group alignfull has-background-color has-text-color has-background\" style=\"background-color:#144523\"><div class=\"wp-block-group__inner-container is-layout-flow wp-block-group-is-layout-flow\">\n<h2 class=\"has-text-align-center wp-block-heading\">Les actions \u00e0 r\u00e9aliser<\/h2>\n\n\n\n<div class=\"wp-block-columns alignwide is-layout-flex wp-container-core-columns-is-layout-28f84493 wp-block-columns-is-layout-flex\">\n<div class=\"wp-block-column is-layout-flow wp-block-column-is-layout-flow\">\n<ul class=\"is-style-tw-arrow wp-block-list\"><li>Proposition 74 : Accompagner les personnes dans leurs d\u00e9marches en ligne<\/li><li>Proposition 75 : Instituer un bureau des temps charg\u00e9 de travailler \u00e0 l\u2019accessibilit\u00e9 des horaires des services publics locaux<\/li><\/ul>\n<\/div>\n\n\n\n<div class=\"wp-block-column is-layout-flow wp-block-column-is-layout-flow\">\n<ul class=\"is-style-tw-arrow wp-block-list\"><li>Proposition 140 : D\u00e9velopper un service public de la donn\u00e9e et du num\u00e9rique<\/li><li>Proposition 140 : Mettre en place une boucle locale GIX afin de faciliter les \u00e9changes de donn\u00e9es entre acteurs du territoire<\/li><li>Proposition 140 : Renforcer les programmes d&rsquo;\u00e9ducation au num\u00e9rique pour tous<\/li><\/ul>\n<\/div>\n\n\n\n<div class=\"wp-block-column is-layout-flow wp-block-column-is-layout-flow\">\n<ul class=\"is-style-tw-arrow wp-block-list\"><li>Proposition 82 : Cr\u00e9er une plateforme num\u00e9rique permettant la mise en \u0153uvre de la monnaie locale Heol \u00e0 destination des collectivit\u00e9s et associations<\/li><li>Proposition 142 : Cr\u00e9er un espace partag\u00e9 autour de la fabrication, y compris autour de la fabrication num\u00e9rique<\/li><\/ul>\n<\/div>\n<\/div>\n<\/div><\/div>\n\n\n\n<div class=\"wp-block-group alignfull\"><div class=\"wp-block-group__inner-container is-layout-flow wp-block-group-is-layout-flow\">\n<h2 class=\"has-text-align-center wp-block-heading\">Articles r\u00e9cents<\/h2>\n\n\n<ul class=\"wp-block-latest-posts__list is-grid columns-3 has-dates alignwide tw-mt-8 is-style-tw-posts-card tw-img-ratio-3-2 tw-heading-size-medium tw-stretched-link wp-block-latest-posts\"><li><div class=\"wp-block-latest-posts__featured-image\"><img loading=\"lazy\" decoding=\"async\" width=\"580\" height=\"326\" src=\"https:\/\/brest-ecologie.bzh\/wp-content\/uploads\/2024\/05\/1-1024x576.jpg\" class=\"attachment-large size-large wp-post-image\" alt=\"\ud83c\udf3b Ronan Pichon - Vid\u00e9oprotection des b\u00e2timents municipaux et libert\u00e9s publiques\ud83c\udf3b\" style=\"\" srcset=\"https:\/\/brest-ecologie.bzh\/wp-content\/uploads\/2024\/05\/1-1024x576.jpg 1024w, https:\/\/brest-ecologie.bzh\/wp-content\/uploads\/2024\/05\/1-300x169.jpg 300w, https:\/\/brest-ecologie.bzh\/wp-content\/uploads\/2024\/05\/1-768x432.jpg 768w, https:\/\/brest-ecologie.bzh\/wp-content\/uploads\/2024\/05\/1-1536x864.jpg 1536w, https:\/\/brest-ecologie.bzh\/wp-content\/uploads\/2024\/05\/1-1200x675.jpg 1200w, https:\/\/brest-ecologie.bzh\/wp-content\/uploads\/2024\/05\/1-1320x743.jpg 1320w, https:\/\/brest-ecologie.bzh\/wp-content\/uploads\/2024\/05\/1.jpg 1920w\" sizes=\"auto, (min-width: 1280px) 378px, (min-width: 1024px) calc(33.33vw - 48px), (min-width: 700px) calc(50vw - 56px), calc(100vw - 40px)\" \/><\/div><a class=\"wp-block-latest-posts__post-title\" href=\"https:\/\/brest-ecologie.bzh\/?p=4268\">Ronan Pichon &#8211; Vid\u00e9oprotection des b\u00e2timents municipaux et libert\u00e9s publiques<\/a><time datetime=\"2024-05-29T19:39:45+02:00\" class=\"wp-block-latest-posts__post-date\">29 mai 2024<\/time><\/li>\n<li><div class=\"wp-block-latest-posts__featured-image\"><img loading=\"lazy\" decoding=\"async\" width=\"474\" height=\"290\" src=\"https:\/\/brest-ecologie.bzh\/wp-content\/uploads\/2022\/10\/OIP.jpg\" class=\"attachment-large size-large wp-post-image\" alt=\"En octobre 2022, lors des derniers conseils, la Ville et la M\u00e9tropole de Brest ont adopt\u00e9 une charte \u00e9thique de la donn\u00e9e. A quoi servira-t-elle ?\" style=\"\" srcset=\"https:\/\/brest-ecologie.bzh\/wp-content\/uploads\/2022\/10\/OIP.jpg 474w, https:\/\/brest-ecologie.bzh\/wp-content\/uploads\/2022\/10\/OIP-300x184.jpg 300w\" sizes=\"auto, (min-width: 1280px) 378px, (min-width: 1024px) calc(33.33vw - 48px), (min-width: 700px) calc(50vw - 56px), calc(100vw - 40px)\" \/><\/div><a class=\"wp-block-latest-posts__post-title\" href=\"https:\/\/brest-ecologie.bzh\/?p=3171\">Charte de la donn\u00e9e, qu&rsquo;est-ce que c&rsquo;est ?<\/a><time datetime=\"2022-10-25T16:52:26+02:00\" class=\"wp-block-latest-posts__post-date\">25 octobre 2022<\/time><\/li>\n<li><div class=\"wp-block-latest-posts__featured-image\"><img loading=\"lazy\" decoding=\"async\" width=\"580\" height=\"326\" src=\"https:\/\/brest-ecologie.bzh\/wp-content\/uploads\/2022\/10\/10-1024x576.jpg\" class=\"attachment-large size-large wp-post-image\" alt=\"Ronan Pichon, conseiller d\u00e9l\u00e9gu\u00e9 au num\u00e9rique, a pr\u00e9sent\u00e9 en Conseil municipal du 12 octobre 2022 la nouvelle charte \u00e9thique de la donn\u00e9e de Brest. D\u00e9couvrez en vid\u00e9o de quoi traite cette charte \u00e9labor\u00e9e en concertation avec les habitants et habitantes !\" style=\"\" srcset=\"https:\/\/brest-ecologie.bzh\/wp-content\/uploads\/2022\/10\/10-1024x576.jpg 1024w, https:\/\/brest-ecologie.bzh\/wp-content\/uploads\/2022\/10\/10-300x169.jpg 300w, https:\/\/brest-ecologie.bzh\/wp-content\/uploads\/2022\/10\/10-768x432.jpg 768w, https:\/\/brest-ecologie.bzh\/wp-content\/uploads\/2022\/10\/10-1536x864.jpg 1536w, https:\/\/brest-ecologie.bzh\/wp-content\/uploads\/2022\/10\/10-1200x675.jpg 1200w, https:\/\/brest-ecologie.bzh\/wp-content\/uploads\/2022\/10\/10-1320x743.jpg 1320w, https:\/\/brest-ecologie.bzh\/wp-content\/uploads\/2022\/10\/10.jpg 1920w\" sizes=\"auto, (min-width: 1280px) 378px, (min-width: 1024px) calc(33.33vw - 48px), (min-width: 700px) calc(50vw - 56px), calc(100vw - 40px)\" \/><\/div><a class=\"wp-block-latest-posts__post-title\" href=\"https:\/\/brest-ecologie.bzh\/?p=3133\">Une charte \u00e9thique de la donn\u00e9e<\/a><time datetime=\"2022-10-18T15:31:49+02:00\" class=\"wp-block-latest-posts__post-date\">18 octobre 2022<\/time><\/li>\n<\/ul><\/div><\/div>\n\n\n\n<div class=\"wp-block-buttons aligncenter is-layout-flex wp-block-buttons-is-layout-flex\">\n<div class=\"wp-block-button\"><a class=\"wp-block-button__link\" href=\"https:\/\/brest-ecologie.bzh\/?cat=26\" target=\"_blank\" rel=\"noreferrer noopener\">voir plus<\/a><\/div>\n<\/div>\n","protected":false},"excerpt":{"rendered":"<p>Nos engagements Attentif\u00b7ve\u00b7s au d\u00e9veloppement du num\u00e9rique sur le territoire, nous veillerons \u00e0 limiter son impact environnemental et social. Nous ferons ainsi du num\u00e9rique un outil de la transition \u00e9cologique et de justice sociale. Pour permettre le meilleur acc\u00e8s de toutes et tous aux potentialit\u00e9s offertes par le num\u00e9rique, nous d\u00e9velopperons un service public de&hellip;<\/p>\n","protected":false},"author":1,"featured_media":0,"parent":53,"menu_order":0,"comment_status":"closed","ping_status":"closed","template":"tw-header-transparent-light.php","meta":{"footnotes":""},"class_list":["post-760","page","type-page","status-publish","hentry"],"yoast_head":"<!-- This site is optimized with the Yoast SEO plugin v23.0 - https:\/\/yoast.com\/wordpress\/plugins\/seo\/ -->\n<title>Num\u00e9rique - Elu\u00b7es \u00e9cologistes Brest<\/title>\n<meta name=\"robots\" content=\"index, follow, max-snippet:-1, max-image-preview:large, max-video-preview:-1\" \/>\n<link rel=\"canonical\" href=\"https:\/\/brest-ecologie.bzh\/?page_id=760\" \/>\n<meta property=\"og:locale\" content=\"fr_FR\" \/>\n<meta property=\"og:type\" content=\"article\" \/>\n<meta property=\"og:title\" content=\"Num\u00e9rique - Elu\u00b7es \u00e9cologistes Brest\" \/>\n<meta property=\"og:description\" content=\"Nos engagements Attentif\u00b7ve\u00b7s au d\u00e9veloppement du num\u00e9rique sur le territoire, nous veillerons \u00e0 limiter son impact environnemental et social. Nous ferons ainsi du num\u00e9rique un outil de la transition \u00e9cologique et de justice sociale. Pour permettre le meilleur acc\u00e8s de toutes et tous aux potentialit\u00e9s offertes par le num\u00e9rique, nous d\u00e9velopperons un service public de&hellip;\" \/>\n<meta property=\"og:url\" content=\"https:\/\/brest-ecologie.bzh\/?page_id=760\" \/>\n<meta property=\"og:site_name\" content=\"Elu\u00b7es \u00e9cologistes Brest\" \/>\n<meta property=\"article:publisher\" content=\"https:\/\/www.facebook.com\/Elu.e.sEcoloBrest\" \/>\n<meta property=\"article:modified_time\" content=\"2021-01-22T10:22:43+00:00\" \/>\n<meta name=\"twitter:card\" content=\"summary_large_image\" \/>\n<meta name=\"twitter:site\" content=\"@BrestEcologie\" \/>\n<meta name=\"twitter:label1\" content=\"Dur\u00e9e de lecture estim\u00e9e\" \/>\n\t<meta name=\"twitter:data1\" content=\"1 minute\" \/>\n<script type=\"application\/ld+json\" class=\"yoast-schema-graph\">{\"@context\":\"https:\/\/schema.org\",\"@graph\":[{\"@type\":\"WebPage\",\"@id\":\"https:\/\/brest-ecologie.bzh\/?page_id=760\",\"url\":\"https:\/\/brest-ecologie.bzh\/?page_id=760\",\"name\":\"Num\u00e9rique - Elu\u00b7es \u00e9cologistes Brest\",\"isPartOf\":{\"@id\":\"https:\/\/brest-ecologie.bzh\/#website\"},\"datePublished\":\"2021-01-07T13:43:53+00:00\",\"dateModified\":\"2021-01-22T10:22:43+00:00\",\"breadcrumb\":{\"@id\":\"https:\/\/brest-ecologie.bzh\/?page_id=760#breadcrumb\"},\"inLanguage\":\"fr-FR\",\"potentialAction\":[{\"@type\":\"ReadAction\",\"target\":[\"https:\/\/brest-ecologie.bzh\/?page_id=760\"]}]},{\"@type\":\"BreadcrumbList\",\"@id\":\"https:\/\/brest-ecologie.bzh\/?page_id=760#breadcrumb\",\"itemListElement\":[{\"@type\":\"ListItem\",\"position\":1,\"name\":\"Accueil\",\"item\":\"https:\/\/brest-ecologie.bzh\/\"},{\"@type\":\"ListItem\",\"position\":2,\"name\":\"Programme\",\"item\":\"https:\/\/brest-ecologie.bzh\/?page_id=53\"},{\"@type\":\"ListItem\",\"position\":3,\"name\":\"Num\u00e9rique\"}]},{\"@type\":\"WebSite\",\"@id\":\"https:\/\/brest-ecologie.bzh\/#website\",\"url\":\"https:\/\/brest-ecologie.bzh\/\",\"name\":\"Elu\u00b7e\u00b7s \u00e9cologistes Brest\",\"description\":\"\",\"publisher\":{\"@id\":\"https:\/\/brest-ecologie.bzh\/#organization\"},\"potentialAction\":[{\"@type\":\"SearchAction\",\"target\":{\"@type\":\"EntryPoint\",\"urlTemplate\":\"https:\/\/brest-ecologie.bzh\/?s={search_term_string}\"},\"query-input\":\"required name=search_term_string\"}],\"inLanguage\":\"fr-FR\"},{\"@type\":\"Organization\",\"@id\":\"https:\/\/brest-ecologie.bzh\/#organization\",\"name\":\"Elu\u00b7e\u00b7s \u00e9cologistes de Brest ville et m\u00e9tropole\",\"url\":\"https:\/\/brest-ecologie.bzh\/\",\"logo\":{\"@type\":\"ImageObject\",\"inLanguage\":\"fr-FR\",\"@id\":\"https:\/\/brest-ecologie.bzh\/#\/schema\/logo\/image\/\",\"url\":\"https:\/\/brest-ecologie.bzh\/wp-content\/uploads\/2021\/02\/logo-elus.png\",\"contentUrl\":\"https:\/\/brest-ecologie.bzh\/wp-content\/uploads\/2021\/02\/logo-elus.png\",\"width\":2300,\"height\":921,\"caption\":\"Elu\u00b7e\u00b7s \u00e9cologistes de Brest ville et m\u00e9tropole\"},\"image\":{\"@id\":\"https:\/\/brest-ecologie.bzh\/#\/schema\/logo\/image\/\"},\"sameAs\":[\"https:\/\/www.facebook.com\/Elu.e.sEcoloBrest\",\"https:\/\/x.com\/BrestEcologie\",\"https:\/\/www.youtube.com\/channel\/UCF26X4ImxDdDiydIKxoA2WA\"]}]}<\/script>\n<!-- \/ Yoast SEO plugin. -->","yoast_head_json":{"title":"Num\u00e9rique - Elu\u00b7es \u00e9cologistes Brest","robots":{"index":"index","follow":"follow","max-snippet":"max-snippet:-1","max-image-preview":"max-image-preview:large","max-video-preview":"max-video-preview:-1"},"canonical":"https:\/\/brest-ecologie.bzh\/?page_id=760","og_locale":"fr_FR","og_type":"article","og_title":"Num\u00e9rique - Elu\u00b7es \u00e9cologistes Brest","og_description":"Nos engagements Attentif\u00b7ve\u00b7s au d\u00e9veloppement du num\u00e9rique sur le territoire, nous veillerons \u00e0 limiter son impact environnemental et social. Nous ferons ainsi du num\u00e9rique un outil de la transition \u00e9cologique et de justice sociale. Pour permettre le meilleur acc\u00e8s de toutes et tous aux potentialit\u00e9s offertes par le num\u00e9rique, nous d\u00e9velopperons un service public de&hellip;","og_url":"https:\/\/brest-ecologie.bzh\/?page_id=760","og_site_name":"Elu\u00b7es \u00e9cologistes Brest","article_publisher":"https:\/\/www.facebook.com\/Elu.e.sEcoloBrest","article_modified_time":"2021-01-22T10:22:43+00:00","twitter_card":"summary_large_image","twitter_site":"@BrestEcologie","twitter_misc":{"Dur\u00e9e de lecture estim\u00e9e":"1 minute"},"schema":{"@context":"https:\/\/schema.org","@graph":[{"@type":"WebPage","@id":"https:\/\/brest-ecologie.bzh\/?page_id=760","url":"https:\/\/brest-ecologie.bzh\/?page_id=760","name":"Num\u00e9rique - Elu\u00b7es \u00e9cologistes Brest","isPartOf":{"@id":"https:\/\/brest-ecologie.bzh\/#website"},"datePublished":"2021-01-07T13:43:53+00:00","dateModified":"2021-01-22T10:22:43+00:00","breadcrumb":{"@id":"https:\/\/brest-ecologie.bzh\/?page_id=760#breadcrumb"},"inLanguage":"fr-FR","potentialAction":[{"@type":"ReadAction","target":["https:\/\/brest-ecologie.bzh\/?page_id=760"]}]},{"@type":"BreadcrumbList","@id":"https:\/\/brest-ecologie.bzh\/?page_id=760#breadcrumb","itemListElement":[{"@type":"ListItem","position":1,"name":"Accueil","item":"https:\/\/brest-ecologie.bzh\/"},{"@type":"ListItem","position":2,"name":"Programme","item":"https:\/\/brest-ecologie.bzh\/?page_id=53"},{"@type":"ListItem","position":3,"name":"Num\u00e9rique"}]},{"@type":"WebSite","@id":"https:\/\/brest-ecologie.bzh\/#website","url":"https:\/\/brest-ecologie.bzh\/","name":"Elu\u00b7e\u00b7s \u00e9cologistes Brest","description":"","publisher":{"@id":"https:\/\/brest-ecologie.bzh\/#organization"},"potentialAction":[{"@type":"SearchAction","target":{"@type":"EntryPoint","urlTemplate":"https:\/\/brest-ecologie.bzh\/?s={search_term_string}"},"query-input":"required name=search_term_string"}],"inLanguage":"fr-FR"},{"@type":"Organization","@id":"https:\/\/brest-ecologie.bzh\/#organization","name":"Elu\u00b7e\u00b7s \u00e9cologistes de Brest ville et m\u00e9tropole","url":"https:\/\/brest-ecologie.bzh\/","logo":{"@type":"ImageObject","inLanguage":"fr-FR","@id":"https:\/\/brest-ecologie.bzh\/#\/schema\/logo\/image\/","url":"https:\/\/brest-ecologie.bzh\/wp-content\/uploads\/2021\/02\/logo-elus.png","contentUrl":"https:\/\/brest-ecologie.bzh\/wp-content\/uploads\/2021\/02\/logo-elus.png","width":2300,"height":921,"caption":"Elu\u00b7e\u00b7s \u00e9cologistes de Brest ville et m\u00e9tropole"},"image":{"@id":"https:\/\/brest-ecologie.bzh\/#\/schema\/logo\/image\/"},"sameAs":["https:\/\/www.facebook.com\/Elu.e.sEcoloBrest","https:\/\/x.com\/BrestEcologie","https:\/\/www.youtube.com\/channel\/UCF26X4ImxDdDiydIKxoA2WA"]}]}},"_links":{"self":[{"href":"https:\/\/brest-ecologie.bzh\/index.php?rest_route=\/wp\/v2\/pages\/760","targetHints":{"allow":["GET"]}}],"collection":[{"href":"https:\/\/brest-ecologie.bzh\/index.php?rest_route=\/wp\/v2\/pages"}],"about":[{"href":"https:\/\/brest-ecologie.bzh\/index.php?rest_route=\/wp\/v2\/types\/page"}],"author":[{"embeddable":true,"href":"https:\/\/brest-ecologie.bzh\/index.php?rest_route=\/wp\/v2\/users\/1"}],"replies":[{"embeddable":true,"href":"https:\/\/brest-ecologie.bzh\/index.php?rest_route=%2Fwp%2Fv2%2Fcomments&post=760"}],"version-history":[{"count":6,"href":"https:\/\/brest-ecologie.bzh\/index.php?rest_route=\/wp\/v2\/pages\/760\/revisions"}],"predecessor-version":[{"id":1346,"href":"https:\/\/brest-ecologie.bzh\/index.php?rest_route=\/wp\/v2\/pages\/760\/revisions\/1346"}],"up":[{"embeddable":true,"href":"https:\/\/brest-ecologie.bzh\/index.php?rest_route=\/wp\/v2\/pages\/53"}],"wp:attachment":[{"href":"https:\/\/brest-ecologie.bzh\/index.php?rest_route=%2Fwp%2Fv2%2Fmedia&parent=760"}],"curies":[{"name":"wp","href":"https:\/\/api.w.org\/{rel}","templated":true}]}}